{"id":34025,"date":"2021-02-21T16:19:47","date_gmt":"2021-02-21T16:19:47","guid":{"rendered":"https:\/\/www.autonvaraosahaku.fi\/?product=hjs-82-13-4345-pakoputken-asennussarja"},"modified":"2021-02-21T16:19:48","modified_gmt":"2021-02-21T16:19:48","slug":"hjs-82-13-4345-pakoputken-asennussarja","status":"publish","type":"product","link":"https:\/\/www.autonvaraosahaku.fi\/?product=hjs-82-13-4345-pakoputken-asennussarja","title":{"rendered":"HJS 82 13 4345 Pakoputken asennussarja"},"content":{"rendered":"<p>Pakoputkisto: takavaimentimelle; L\u00e4pimitta 1 [mm]: 55; Asennuspuoli: Oikea; Vain jnk. yhteydess\u00e4: OE Schalld\u00e4mpfer; Moottorinumero: 113.967; MERCEDES-BENZ: E-CLASS W211,E-CLASS T-Model S211; 2114900059, 2114902621, 2114903335, 2114903659, 2114904059, 2114904659, 2114904721, 2114904835, 2114905035, 2114906935, 2114908135, 2114908335, 2114908535, 2114909221, A2114900059, A2114902621, A2114903335, A2114903659, A2114904059, A2114904659, A2114904721, A2114904835, A2114905035, A2114906935, A2114908135, A2114908335, A2114908535, A2114909221<\/p>\n","protected":false},"excerpt":{"rendered":"<p>HJS Pidike, Pakoputkisto 82 13 4345  MERCEDES-BENZ,E-CLASS W211,E-CLASS T-Model S211<\/p>\n","protected":false},"featured_media":0,"template":"","meta":{"site-sidebar-layout":"default","site-content-layout":"default","ast-global-header-display":"","ast-main-header-display":"","ast-hfb-above-header-display":"","ast-hfb-below-header-display":"","ast-hfb-mobile-header-display":"","site-post-title":"","ast-breadcrumbs-content":"","ast-featured-img":"","footer-sml-layout":"","theme-transparent-header-meta":"","adv-header-id-meta":"","stick-header-meta":"","header-above-stick-meta":"","header-main-stick-meta":"","header-below-stick-meta":""},"pwb-brand":[344],"product_cat":[101],"product_tag":[],"class_list":{"0":"post-34025","1":"product","2":"type-product","3":"status-publish","5":"pwb-brand-hjs","6":"product_cat-pakoputken-asennussarja","7":"desktop-align-left","8":"tablet-align-left","9":"mobile-align-left","11":"first","12":"instock","13":"product-type-external"},"brands":[{"id":344,"name":"HJS","slug":"hjs"}],"_links":{"self":[{"href":"https:\/\/www.autonvaraosahaku.fi\/index.php?rest_route=\/wp\/v2\/product\/34025","targetHints":{"allow":["GET"]}}],"collection":[{"href":"https:\/\/www.autonvaraosahaku.fi\/index.php?rest_route=\/wp\/v2\/product"}],"about":[{"href":"https:\/\/www.autonvaraosahaku.fi\/index.php?rest_route=\/wp\/v2\/types\/product"}],"wp:attachment":[{"href":"https:\/\/www.autonvaraosahaku.fi\/index.php?rest_route=%2Fwp%2Fv2%2Fmedia&parent=34025"}],"wp:term":[{"taxonomy":"pwb-brand","embeddable":true,"href":"https:\/\/www.autonvaraosahaku.fi\/index.php?rest_route=%2Fwp%2Fv2%2Fpwb-brand&post=34025"},{"taxonomy":"product_cat","embeddable":true,"href":"https:\/\/www.autonvaraosahaku.fi\/index.php?rest_route=%2Fwp%2Fv2%2Fproduct_cat&post=34025"},{"taxonomy":"product_tag","embeddable":true,"href":"https:\/\/www.autonvaraosahaku.fi\/index.php?rest_route=%2Fwp%2Fv2%2Fproduct_tag&post=34025"}],"curies":[{"name":"wp","href":"https:\/\/api.w.org\/{rel}","templated":true}]}}