{"id":34083,"date":"2021-02-21T16:20:01","date_gmt":"2021-02-21T16:20:01","guid":{"rendered":"https:\/\/www.autonvaraosahaku.fi\/?product=optimal-g4-882-raidetanko"},"modified":"2021-02-21T16:20:02","modified_gmt":"2021-02-21T16:20:02","slug":"optimal-g4-882-raidetanko","status":"publish","type":"product","link":"https:\/\/www.autonvaraosahaku.fi\/?product=optimal-g4-882-raidetanko","title":{"rendered":"OPTIMAL G4-882 Raidetanko"},"content":{"rendered":"<p>Asennuspuoli: Etuakseli, Keskell\u00e4; Tanko \/ tuki: Tukitanko; Ulkokierre 1 [mm]: M12 x 1,25 RHT M; Ulkokierre 2 [mm]: M12 x 1,25 RHT M; Putki-\u00d8 (mm): 32; Tarvittava kappalem\u00e4\u00e4r\u00e4: 1; Pituus 1 (mm): 772,5; Pituus 2 (mm): 757,5; Kartiomitta 1 [mm]: 13,3, 15,5; Kartiomitta 2 [mm]: 12,9, 15; Kartionousu 1: 1\/8; Kartionousu 2: 1\/8; NISSAN: TERRANO II R20,TERRANO Van R20; FORD: MAVERICK UDS, UNS,MAVERICK VAN; 1954602, 1954603, 485600F000, 485600F400<\/p>\n","protected":false},"excerpt":{"rendered":"<p>OPTIMAL Ohjaustanko G4-882  NISSAN,FORD,TERRANO II R20,TERRANO Van R20,MAVERICK UDS, UNS,MAVERICK VAN<\/p>\n","protected":false},"featured_media":0,"template":"","meta":{"site-sidebar-layout":"default","site-content-layout":"default","ast-global-header-display":"","ast-main-header-display":"","ast-hfb-above-header-display":"","ast-hfb-below-header-display":"","ast-hfb-mobile-header-display":"","site-post-title":"","ast-breadcrumbs-content":"","ast-featured-img":"","footer-sml-layout":"","theme-transparent-header-meta":"","adv-header-id-meta":"","stick-header-meta":"","header-above-stick-meta":"","header-main-stick-meta":"","header-below-stick-meta":""},"pwb-brand":[307],"product_cat":[258],"product_tag":[],"class_list":{"0":"post-34083","1":"product","2":"type-product","3":"status-publish","5":"pwb-brand-optimal","6":"product_cat-raidetanko","7":"desktop-align-left","8":"tablet-align-left","9":"mobile-align-left","11":"first","12":"instock","13":"product-type-external"},"brands":[{"id":307,"name":"OPTIMAL","slug":"optimal"}],"_links":{"self":[{"href":"https:\/\/www.autonvaraosahaku.fi\/index.php?rest_route=\/wp\/v2\/product\/34083","targetHints":{"allow":["GET"]}}],"collection":[{"href":"https:\/\/www.autonvaraosahaku.fi\/index.php?rest_route=\/wp\/v2\/product"}],"about":[{"href":"https:\/\/www.autonvaraosahaku.fi\/index.php?rest_route=\/wp\/v2\/types\/product"}],"wp:attachment":[{"href":"https:\/\/www.autonvaraosahaku.fi\/index.php?rest_route=%2Fwp%2Fv2%2Fmedia&parent=34083"}],"wp:term":[{"taxonomy":"pwb-brand","embeddable":true,"href":"https:\/\/www.autonvaraosahaku.fi\/index.php?rest_route=%2Fwp%2Fv2%2Fpwb-brand&post=34083"},{"taxonomy":"product_cat","embeddable":true,"href":"https:\/\/www.autonvaraosahaku.fi\/index.php?rest_route=%2Fwp%2Fv2%2Fproduct_cat&post=34083"},{"taxonomy":"product_tag","embeddable":true,"href":"https:\/\/www.autonvaraosahaku.fi\/index.php?rest_route=%2Fwp%2Fv2%2Fproduct_tag&post=34083"}],"curies":[{"name":"wp","href":"https:\/\/api.w.org\/{rel}","templated":true}]}}