{"id":34084,"date":"2021-02-21T16:20:01","date_gmt":"2021-02-21T16:20:01","guid":{"rendered":"https:\/\/www.autonvaraosahaku.fi\/?product=yamato-j72021ymt-kallistuksenvakaajan-puslat"},"modified":"2021-02-21T16:20:02","modified_gmt":"2021-02-21T16:20:02","slug":"yamato-j72021ymt-kallistuksenvakaajan-puslat","status":"publish","type":"product","link":"https:\/\/www.autonvaraosahaku.fi\/?product=yamato-j72021ymt-kallistuksenvakaajan-puslat","title":{"rendered":"YAMATO J72021YMT Kallistuksenvakaajan puslat"},"content":{"rendered":"<p>Sis\u00e4l\u00e4pimitta [mm]: 15; Materiaali: Kumi; Asennuspuoli: Taka-akseli, molemminpuolinen; Tarvittava kappalem\u00e4\u00e4r\u00e4: 2; Valmistusvuoteen: 11\/1989; TOYOTA: COROLLA Liftback _E11_,COROLLA Compact _E11_,COROLLA Compact _E10_,COROLLA _E11_,COROLLA Wagon __E11_,COROLLA Liftback _E10_,COROLLA _E10_,CARINA II _T17_,CARINA II Stufenheck _T17_,COROLLA Wagon _E10_,CELICA Coupe ST16_, AT16_,CARINA II Station Wagon _T17_,CELICA Cabriolet ST16_, AT16_,CELICA AT16_, ST16_; 4881802060, 4881812160, 4881820100; Kallistuksenvakaajan Kumit,Vakaajan Hela<\/p>\n","protected":false},"excerpt":{"rendered":"<p>YAMATO Kallistuksenvakaajan Puslat J72021YMT Kallistuksenvakaajan Kumit,Vakaajan Hela TOYOTA,COROLLA Liftback _E11_,COROLLA Compact _E11_<\/p>\n","protected":false},"featured_media":0,"template":"","meta":{"site-sidebar-layout":"default","site-content-layout":"default","ast-global-header-display":"","ast-main-header-display":"","ast-hfb-above-header-display":"","ast-hfb-below-header-display":"","ast-hfb-mobile-header-display":"","site-post-title":"","ast-breadcrumbs-content":"","ast-featured-img":"","footer-sml-layout":"","theme-transparent-header-meta":"","adv-header-id-meta":"","stick-header-meta":"","header-above-stick-meta":"","header-main-stick-meta":"","header-below-stick-meta":""},"pwb-brand":[458],"product_cat":[82],"product_tag":[],"class_list":{"0":"post-34084","1":"product","2":"type-product","3":"status-publish","5":"pwb-brand-yamato","6":"product_cat-kallistuksenvakaajan-puslat","7":"desktop-align-left","8":"tablet-align-left","9":"mobile-align-left","11":"first","12":"instock","13":"product-type-external"},"brands":[{"id":458,"name":"YAMATO","slug":"yamato"}],"_links":{"self":[{"href":"https:\/\/www.autonvaraosahaku.fi\/index.php?rest_route=\/wp\/v2\/product\/34084","targetHints":{"allow":["GET"]}}],"collection":[{"href":"https:\/\/www.autonvaraosahaku.fi\/index.php?rest_route=\/wp\/v2\/product"}],"about":[{"href":"https:\/\/www.autonvaraosahaku.fi\/index.php?rest_route=\/wp\/v2\/types\/product"}],"wp:attachment":[{"href":"https:\/\/www.autonvaraosahaku.fi\/index.php?rest_route=%2Fwp%2Fv2%2Fmedia&parent=34084"}],"wp:term":[{"taxonomy":"pwb-brand","embeddable":true,"href":"https:\/\/www.autonvaraosahaku.fi\/index.php?rest_route=%2Fwp%2Fv2%2Fpwb-brand&post=34084"},{"taxonomy":"product_cat","embeddable":true,"href":"https:\/\/www.autonvaraosahaku.fi\/index.php?rest_route=%2Fwp%2Fv2%2Fproduct_cat&post=34084"},{"taxonomy":"product_tag","embeddable":true,"href":"https:\/\/www.autonvaraosahaku.fi\/index.php?rest_route=%2Fwp%2Fv2%2Fproduct_tag&post=34084"}],"curies":[{"name":"wp","href":"https:\/\/api.w.org\/{rel}","templated":true}]}}