{"id":34091,"date":"2021-02-21T16:20:01","date_gmt":"2021-02-21T16:20:01","guid":{"rendered":"https:\/\/www.autonvaraosahaku.fi\/?product=topran-723-274-painemuunnin"},"modified":"2021-02-21T16:20:03","modified_gmt":"2021-02-21T16:20:03","slug":"topran-723-274-painemuunnin","status":"publish","type":"product","link":"https:\/\/www.autonvaraosahaku.fi\/?product=topran-723-274-painemuunnin","title":{"rendered":"TOPRAN 723 274 Painemuunnin"},"content":{"rendered":"<p>Venttiilimalli: Magneettiventtiili; Napojen m\u00e4\u00e4r\u00e4: 2; K\u00e4ytt\u00f6: S\u00e4hk\u00f6-pneumaattinen; Pistokkeen kotelon muoto: suorakulmainen (rectangular); Liittimi\u00e4: 2; Kotelomalli: Muovikotelo; Kotelomateriaali: Lasikuitu-muovi; Nimellisj\u00e4nnite (V): 12; TECDOC-moottorinumero: 26794; FIAT: SCUDO 270_,ULYSSE 179AX,SCUDO Kasten 270_,SCUDO Pritsche\/Fahrgestell 270_; PEUGEOT: 307 SW 3H,307 CC 3B,407 SW 6E_,307 3A\/C,308 SW,807 E,308 4A_, 4C_,307 Break 3E,508 SW,607 9D, 9U,407 6D_,308 CC,508,EXPERT Tepee VF3V_,EXPERT Kasten VF3A_, VF3U_, VF3X_,EXPERT Pritsche\/Fahrgestell; CITRO\u00cbN: C5 III Break TD_,C8 EA_, EB_,C4 I LC_,JUMPY,JUMPY Kasten; LANCIA: PHEDRA 179; 1618S5, 9660693180, 9660693180, 1618S5<\/p>\n","protected":false},"excerpt":{"rendered":"<p>TOPRAN Painemuunnin 723 274  FIAT,PEUGEOT,CITRO\u00cbN,SCUDO 270_,ULYSSE 179AX,SCUDO Kasten 270_,SCUDO Pritsche\/Fahrgestell 270_,307 SW 3H,307 CC 3B<\/p>\n","protected":false},"featured_media":0,"template":"","meta":{"site-sidebar-layout":"default","site-content-layout":"default","ast-global-header-display":"","ast-main-header-display":"","ast-hfb-above-header-display":"","ast-hfb-below-header-display":"","ast-hfb-mobile-header-display":"","site-post-title":"","ast-breadcrumbs-content":"","ast-featured-img":"","footer-sml-layout":"","theme-transparent-header-meta":"","adv-header-id-meta":"","stick-header-meta":"","header-above-stick-meta":"","header-main-stick-meta":"","header-below-stick-meta":""},"pwb-brand":[18],"product_cat":[205],"product_tag":[],"class_list":{"0":"post-34091","1":"product","2":"type-product","3":"status-publish","5":"pwb-brand-topran","6":"product_cat-painemuunnin","7":"desktop-align-left","8":"tablet-align-left","9":"mobile-align-left","11":"first","12":"instock","13":"product-type-external"},"brands":[{"id":18,"name":"TOPRAN","slug":"topran"}],"_links":{"self":[{"href":"https:\/\/www.autonvaraosahaku.fi\/index.php?rest_route=\/wp\/v2\/product\/34091","targetHints":{"allow":["GET"]}}],"collection":[{"href":"https:\/\/www.autonvaraosahaku.fi\/index.php?rest_route=\/wp\/v2\/product"}],"about":[{"href":"https:\/\/www.autonvaraosahaku.fi\/index.php?rest_route=\/wp\/v2\/types\/product"}],"wp:attachment":[{"href":"https:\/\/www.autonvaraosahaku.fi\/index.php?rest_route=%2Fwp%2Fv2%2Fmedia&parent=34091"}],"wp:term":[{"taxonomy":"pwb-brand","embeddable":true,"href":"https:\/\/www.autonvaraosahaku.fi\/index.php?rest_route=%2Fwp%2Fv2%2Fpwb-brand&post=34091"},{"taxonomy":"product_cat","embeddable":true,"href":"https:\/\/www.autonvaraosahaku.fi\/index.php?rest_route=%2Fwp%2Fv2%2Fproduct_cat&post=34091"},{"taxonomy":"product_tag","embeddable":true,"href":"https:\/\/www.autonvaraosahaku.fi\/index.php?rest_route=%2Fwp%2Fv2%2Fproduct_tag&post=34091"}],"curies":[{"name":"wp","href":"https:\/\/api.w.org\/{rel}","templated":true}]}}