{"id":34122,"date":"2021-02-21T16:20:11","date_gmt":"2021-02-21T16:20:11","guid":{"rendered":"https:\/\/www.autonvaraosahaku.fi\/?product=vaico-v20-3214-ohjainrulla"},"modified":"2021-02-21T16:20:12","modified_gmt":"2021-02-21T16:20:12","slug":"vaico-v20-3214-ohjainrulla","status":"publish","type":"product","link":"https:\/\/www.autonvaraosahaku.fi\/?product=vaico-v20-3214-ohjainrulla","title":{"rendered":"VAICO V20-3214 Ohjainrulla"},"content":{"rendered":"<p>Materiaali: Polyamidi 6, Polyamidi 6.6; Ulkol\u00e4pimitta [mm]: 70; Leveys (mm): 26; Paino [kg]: 0,201; Sis\u00e4l\u00e4pimitta [mm]: 10; Pakkausleveys [cm]: 7,1; Pakkauskorkeus [mm]: 3,2; Pakkaussyvyys [cm]: 7,3; lis\u00e4tieto: CST99; Varusteet: f\u00fcr Fahrzeuge ohne Klimaanlage; SSANGYONG: REXTON GAB_,KYRON,RODIUS,ACTYON SPORTS I QJ,ACTYON I,STAVIC; BMW: 5 E60,5 Touring E61,X5 E53,7 E65, E66, E67,6 E63,6 Cabriolet E64; 11281440237, 11287549557, 1440237, 7549557, 6642000010; Ohjainrulla, Moniurahihna<\/p>\n","protected":false},"excerpt":{"rendered":"<p>VAICO Ohjainrulla V20-3214 Ohjainrulla, Moniurahihna SSANGYONG,BMW,REXTON GAB_,KYRON,RODIUS,ACTYON SPORTS I QJ,ACTYON I,STAVIC,5 E60,5 Touring E61<\/p>\n","protected":false},"featured_media":0,"template":"","meta":{"site-sidebar-layout":"default","site-content-layout":"default","ast-global-header-display":"","ast-main-header-display":"","ast-hfb-above-header-display":"","ast-hfb-below-header-display":"","ast-hfb-mobile-header-display":"","site-post-title":"","ast-breadcrumbs-content":"","ast-featured-img":"","footer-sml-layout":"","theme-transparent-header-meta":"","adv-header-id-meta":"","stick-header-meta":"","header-above-stick-meta":"","header-main-stick-meta":"","header-below-stick-meta":""},"pwb-brand":[330],"product_cat":[308],"product_tag":[],"class_list":{"0":"post-34122","1":"product","2":"type-product","3":"status-publish","5":"pwb-brand-vaico","6":"product_cat-ohjainrulla","7":"desktop-align-left","8":"tablet-align-left","9":"mobile-align-left","11":"first","12":"instock","13":"product-type-external"},"brands":[{"id":330,"name":"VAICO","slug":"vaico"}],"_links":{"self":[{"href":"https:\/\/www.autonvaraosahaku.fi\/index.php?rest_route=\/wp\/v2\/product\/34122","targetHints":{"allow":["GET"]}}],"collection":[{"href":"https:\/\/www.autonvaraosahaku.fi\/index.php?rest_route=\/wp\/v2\/product"}],"about":[{"href":"https:\/\/www.autonvaraosahaku.fi\/index.php?rest_route=\/wp\/v2\/types\/product"}],"wp:attachment":[{"href":"https:\/\/www.autonvaraosahaku.fi\/index.php?rest_route=%2Fwp%2Fv2%2Fmedia&parent=34122"}],"wp:term":[{"taxonomy":"pwb-brand","embeddable":true,"href":"https:\/\/www.autonvaraosahaku.fi\/index.php?rest_route=%2Fwp%2Fv2%2Fpwb-brand&post=34122"},{"taxonomy":"product_cat","embeddable":true,"href":"https:\/\/www.autonvaraosahaku.fi\/index.php?rest_route=%2Fwp%2Fv2%2Fproduct_cat&post=34122"},{"taxonomy":"product_tag","embeddable":true,"href":"https:\/\/www.autonvaraosahaku.fi\/index.php?rest_route=%2Fwp%2Fv2%2Fproduct_tag&post=34122"}],"curies":[{"name":"wp","href":"https:\/\/api.w.org\/{rel}","templated":true}]}}