{"id":34160,"date":"2021-02-21T16:20:20","date_gmt":"2021-02-21T16:20:20","guid":{"rendered":"https:\/\/www.autonvaraosahaku.fi\/?product=ridex-1385c0025-ohjainlaite-lammitys-tuuletus"},"modified":"2021-02-21T16:20:21","modified_gmt":"2021-02-21T16:20:21","slug":"ridex-1385c0025-ohjainlaite-lammitys-tuuletus","status":"publish","type":"product","link":"https:\/\/www.autonvaraosahaku.fi\/?product=ridex-1385c0025-ohjainlaite-lammitys-tuuletus","title":{"rendered":"RIDEX 1385C0025 Ohjainlaite l\u00e4mmitys tuuletus"},"content":{"rendered":"<p>Vastus [Ohm]: 1.7; V\u00e4ri: Ruskea; J\u00e4nnite (V): 12; Liittimi\u00e4: 4; Varusteet: , , , Autoihin, joissa ilmastointi; FIAT: SEICENTO 187,DUCATO Pritsche\/Fahrgestell 230,DUCATO Bus 230,BARCHETTA 183,PUNTO 176,DUCATO Pritsche\/Fahrgestell 244,DUCATO Kasten 230L,PUNTO Cabriolet 176C,SEICENTO Van 187,PUNTO Van 176L; 46721250, 46723712, 77362433, 77364714<\/p>\n","protected":false},"excerpt":{"rendered":"<p>RIDEX Ohjainlaite, L\u00e4mmitys\/Tuuletus 1385C0025  FIAT,SEICENTO 187,DUCATO Pritsche\/Fahrgestell 230,DUCATO Bus 230,BARCHETTA 183,PUNTO 176<\/p>\n","protected":false},"featured_media":0,"template":"","meta":{"site-sidebar-layout":"default","site-content-layout":"default","ast-global-header-display":"","ast-main-header-display":"","ast-hfb-above-header-display":"","ast-hfb-below-header-display":"","ast-hfb-mobile-header-display":"","site-post-title":"","ast-breadcrumbs-content":"","ast-featured-img":"","footer-sml-layout":"","theme-transparent-header-meta":"","adv-header-id-meta":"","stick-header-meta":"","header-above-stick-meta":"","header-main-stick-meta":"","header-below-stick-meta":""},"pwb-brand":[157],"product_cat":[262],"product_tag":[],"class_list":{"0":"post-34160","1":"product","2":"type-product","3":"status-publish","5":"pwb-brand-ridex","6":"product_cat-ohjainlaite-lammitys-tuuletus","7":"desktop-align-left","8":"tablet-align-left","9":"mobile-align-left","11":"first","12":"instock","13":"product-type-external"},"brands":[{"id":157,"name":"RIDEX","slug":"ridex"}],"_links":{"self":[{"href":"https:\/\/www.autonvaraosahaku.fi\/index.php?rest_route=\/wp\/v2\/product\/34160","targetHints":{"allow":["GET"]}}],"collection":[{"href":"https:\/\/www.autonvaraosahaku.fi\/index.php?rest_route=\/wp\/v2\/product"}],"about":[{"href":"https:\/\/www.autonvaraosahaku.fi\/index.php?rest_route=\/wp\/v2\/types\/product"}],"wp:attachment":[{"href":"https:\/\/www.autonvaraosahaku.fi\/index.php?rest_route=%2Fwp%2Fv2%2Fmedia&parent=34160"}],"wp:term":[{"taxonomy":"pwb-brand","embeddable":true,"href":"https:\/\/www.autonvaraosahaku.fi\/index.php?rest_route=%2Fwp%2Fv2%2Fpwb-brand&post=34160"},{"taxonomy":"product_cat","embeddable":true,"href":"https:\/\/www.autonvaraosahaku.fi\/index.php?rest_route=%2Fwp%2Fv2%2Fproduct_cat&post=34160"},{"taxonomy":"product_tag","embeddable":true,"href":"https:\/\/www.autonvaraosahaku.fi\/index.php?rest_route=%2Fwp%2Fv2%2Fproduct_tag&post=34160"}],"curies":[{"name":"wp","href":"https:\/\/api.w.org\/{rel}","templated":true}]}}