{"id":34169,"date":"2021-02-21T16:20:20","date_gmt":"2021-02-21T16:20:20","guid":{"rendered":"https:\/\/www.autonvaraosahaku.fi\/?product=ridex-2s0050-starttimoottori"},"modified":"2021-02-21T16:20:22","modified_gmt":"2021-02-21T16:20:22","slug":"ridex-2s0050-starttimoottori","status":"publish","type":"product","link":"https:\/\/www.autonvaraosahaku.fi\/?product=ridex-2s0050-starttimoottori","title":{"rendered":"RIDEX 2S0050 Starttimoottori"},"content":{"rendered":"<p>Pituus 1 (mm): 77; Pituus 2 (mm): 17,5; K\u00e4ynnistinmoottori teho (kW): 1,2; J\u00e4nnite (V): 12; Kiinnitysreikien lukum\u00e4\u00e4r\u00e4: 2; kierrereiki\u00e4 [kpl]: 2; Py\u00f6rimissuunta: Py\u00f6rimissuunta my\u00f6t\u00e4p\u00e4iv\u00e4\u00e4n; Vaihteistomalli: Schaltgetriebe; KIA: CARENS II FJ,CARENS III UN,CERATO LD,CERATO Stufenheck LD; HYUNDAI: TUCSON JM,MATRIX FC,COUPE GK,TRAJET FO,SONATA IV EF,COUPE RD,ELANTRA XD,ELANTRA Stufenheck XD,LANTRA II Wagon J-2,LANTRA II J-2,HIGHWAY VAN,ELANTRA Stufenheck HD; 3610023120, 3610023165, 3610023165; Startti,K\u00e4ynnistinmoottori<\/p>\n","protected":false},"excerpt":{"rendered":"<p>RIDEX Starttimoottori 2S0050 Startti,K\u00e4ynnistinmoottori KIA,HYUNDAI,CARENS II FJ,CARENS III UN,CERATO LD,CERATO Stufenheck LD,TUCSON JM,MATRIX FC<\/p>\n","protected":false},"featured_media":0,"template":"","meta":{"site-sidebar-layout":"default","site-content-layout":"default","ast-global-header-display":"","ast-main-header-display":"","ast-hfb-above-header-display":"","ast-hfb-below-header-display":"","ast-hfb-mobile-header-display":"","site-post-title":"","ast-breadcrumbs-content":"","ast-featured-img":"","footer-sml-layout":"","theme-transparent-header-meta":"","adv-header-id-meta":"","stick-header-meta":"","header-above-stick-meta":"","header-main-stick-meta":"","header-below-stick-meta":""},"pwb-brand":[157],"product_cat":[295],"product_tag":[],"class_list":{"0":"post-34169","1":"product","2":"type-product","3":"status-publish","5":"pwb-brand-ridex","6":"product_cat-starttimoottori","7":"desktop-align-left","8":"tablet-align-left","9":"mobile-align-left","11":"first","12":"instock","13":"product-type-external"},"brands":[{"id":157,"name":"RIDEX","slug":"ridex"}],"_links":{"self":[{"href":"https:\/\/www.autonvaraosahaku.fi\/index.php?rest_route=\/wp\/v2\/product\/34169","targetHints":{"allow":["GET"]}}],"collection":[{"href":"https:\/\/www.autonvaraosahaku.fi\/index.php?rest_route=\/wp\/v2\/product"}],"about":[{"href":"https:\/\/www.autonvaraosahaku.fi\/index.php?rest_route=\/wp\/v2\/types\/product"}],"wp:attachment":[{"href":"https:\/\/www.autonvaraosahaku.fi\/index.php?rest_route=%2Fwp%2Fv2%2Fmedia&parent=34169"}],"wp:term":[{"taxonomy":"pwb-brand","embeddable":true,"href":"https:\/\/www.autonvaraosahaku.fi\/index.php?rest_route=%2Fwp%2Fv2%2Fpwb-brand&post=34169"},{"taxonomy":"product_cat","embeddable":true,"href":"https:\/\/www.autonvaraosahaku.fi\/index.php?rest_route=%2Fwp%2Fv2%2Fproduct_cat&post=34169"},{"taxonomy":"product_tag","embeddable":true,"href":"https:\/\/www.autonvaraosahaku.fi\/index.php?rest_route=%2Fwp%2Fv2%2Fproduct_tag&post=34169"}],"curies":[{"name":"wp","href":"https:\/\/api.w.org\/{rel}","templated":true}]}}