{"id":34184,"date":"2021-02-21T16:20:25","date_gmt":"2021-02-21T16:20:25","guid":{"rendered":"https:\/\/www.autonvaraosahaku.fi\/?product=hella-4rd-933-332-401-muut-luokat"},"modified":"2021-02-21T16:20:26","modified_gmt":"2021-02-21T16:20:26","slug":"hella-4rd-933-332-401-muut-luokat","status":"publish","type":"product","link":"https:\/\/www.autonvaraosahaku.fi\/?product=hella-4rd-933-332-401-muut-luokat","title":{"rendered":"HELLA 4RD 933 332-401 Muut luokat"},"content":{"rendered":"<p>Nimellisj\u00e4nnite (V): 12; Kuormitusraja 12V: 30A\/40A; Yhdistelm\u00e4kytkintoiminto: Vaihtaja; L\u00e4mp\u00f6alue alkaen [\u00b0C]: -40; L\u00e4mp\u00f6tila-alue korkeintaan [\u00b0C]: 125; Induktiivinen kuorma [A]: 15; Kapasitiivinen kuorma: 5; Nimellisvirta [A]: 40; Ohmikuorma [A]: 40; Napojen m\u00e4\u00e4r\u00e4: 5; M\u00e4\u00e4r\u00e4: 1; 1154228, 34511154228, 0910419, 30331161, 40130106, 9940353, 06165402, 81DB15K235AA, 87DB15K235AA, 39900580028, 303311610, 0015429519, 0018211847, 0035422705, A0015429519, A0018211847, A0035422705, 1238606, 90272354, 99965701190, 7700810926, 7701032100, UD26633<\/p>\n","protected":false},"excerpt":{"rendered":"<p>HELLA Rele, Ty\u00f6virta 4RD 933 332-401<\/p>\n","protected":false},"featured_media":0,"template":"","meta":{"site-sidebar-layout":"default","site-content-layout":"default","ast-global-header-display":"","ast-main-header-display":"","ast-hfb-above-header-display":"","ast-hfb-below-header-display":"","ast-hfb-mobile-header-display":"","site-post-title":"","ast-breadcrumbs-content":"","ast-featured-img":"","footer-sml-layout":"","theme-transparent-header-meta":"","adv-header-id-meta":"","stick-header-meta":"","header-above-stick-meta":"","header-main-stick-meta":"","header-below-stick-meta":""},"pwb-brand":[24],"product_cat":[37],"product_tag":[],"class_list":{"0":"post-34184","1":"product","2":"type-product","3":"status-publish","5":"pwb-brand-hella","6":"product_cat-muut-luokat","7":"desktop-align-left","8":"tablet-align-left","9":"mobile-align-left","11":"first","12":"instock","13":"product-type-external"},"brands":[{"id":24,"name":"HELLA","slug":"hella"}],"_links":{"self":[{"href":"https:\/\/www.autonvaraosahaku.fi\/index.php?rest_route=\/wp\/v2\/product\/34184","targetHints":{"allow":["GET"]}}],"collection":[{"href":"https:\/\/www.autonvaraosahaku.fi\/index.php?rest_route=\/wp\/v2\/product"}],"about":[{"href":"https:\/\/www.autonvaraosahaku.fi\/index.php?rest_route=\/wp\/v2\/types\/product"}],"wp:attachment":[{"href":"https:\/\/www.autonvaraosahaku.fi\/index.php?rest_route=%2Fwp%2Fv2%2Fmedia&parent=34184"}],"wp:term":[{"taxonomy":"pwb-brand","embeddable":true,"href":"https:\/\/www.autonvaraosahaku.fi\/index.php?rest_route=%2Fwp%2Fv2%2Fpwb-brand&post=34184"},{"taxonomy":"product_cat","embeddable":true,"href":"https:\/\/www.autonvaraosahaku.fi\/index.php?rest_route=%2Fwp%2Fv2%2Fproduct_cat&post=34184"},{"taxonomy":"product_tag","embeddable":true,"href":"https:\/\/www.autonvaraosahaku.fi\/index.php?rest_route=%2Fwp%2Fv2%2Fproduct_tag&post=34184"}],"curies":[{"name":"wp","href":"https:\/\/api.w.org\/{rel}","templated":true}]}}