{"id":34185,"date":"2021-02-21T16:20:25","date_gmt":"2021-02-21T16:20:25","guid":{"rendered":"https:\/\/www.autonvaraosahaku.fi\/?product=ridex-3405b0230-jarrulevyt"},"modified":"2021-02-21T16:20:26","modified_gmt":"2021-02-21T16:20:26","slug":"ridex-3405b0230-jarrulevyt","status":"publish","type":"product","link":"https:\/\/www.autonvaraosahaku.fi\/?product=ridex-3405b0230-jarrulevyt","title":{"rendered":"RIDEX 3405B0230 Jarrulevyt"},"content":{"rendered":"<p>L\u00e4pimitta [mm]: ; Ulkol\u00e4pimitta [mm]: 256, 250; Reikien m\u00e4\u00e4r\u00e4: ; Vanne, aukkoja: 4, 4; Reik\u00e4kuvio\/-m\u00e4\u00e4r\u00e4: ; Reikien m\u00e4\u00e4r\u00e4: ; Jarrulevytyyppi: Tuuletettu, sis\u00e4, Vakiomalli; Jarrulevyn paksuus (mm): 25, 10; V\u00e4himm\u00e4ispaksuus (mm): 21,5; keskitt\u00e4misl\u00e4pimitta [mm]: ; Reik\u00e4ympyr\u00e4-\u00d8 [mm]: ; Reik\u00e4ympyr\u00e4-\u00d8 1 [mm]: ; Alustanumerosta: ; Alustanumeroon: ; Jarrut: ; Korkeus 1 (mm): ; Leveys (mm): 87,2; Leveys 2 (mm): ; Paksuus [mm]: 46; Paksuus 1 [mm]: 15,6; Jarruj\u00e4rjestelm\u00e4: Lucas; Asennuspuoli: Taka-akseli, Etuakseli; Kulumisenilmaisimen liitos: akustisella kulumavaroittimella; Valmistusvuosi alkaen: 08\/1987; SMART: FORFOUR 454; MITSUBISHI: COLT VI Z3_A, Z2_A,COLT CZC Cabriolet RG<\/p>\n","protected":false},"excerpt":{"rendered":"<p>RIDEX Jarrupalasarja Levyjarru 3405B0230  SMART,MITSUBISHI,FORFOUR 454,COLT VI Z3_A, Z2_A,COLT CZC Cabriolet RG<\/p>\n","protected":false},"featured_media":0,"template":"","meta":{"site-sidebar-layout":"default","site-content-layout":"default","ast-global-header-display":"","ast-main-header-display":"","ast-hfb-above-header-display":"","ast-hfb-below-header-display":"","ast-hfb-mobile-header-display":"","site-post-title":"","ast-breadcrumbs-content":"","ast-featured-img":"","footer-sml-layout":"","theme-transparent-header-meta":"","adv-header-id-meta":"","stick-header-meta":"","header-above-stick-meta":"","header-main-stick-meta":"","header-below-stick-meta":""},"pwb-brand":[157],"product_cat":[66],"product_tag":[],"class_list":{"0":"post-34185","1":"product","2":"type-product","3":"status-publish","5":"pwb-brand-ridex","6":"product_cat-jarrulevyt","7":"desktop-align-left","8":"tablet-align-left","9":"mobile-align-left","11":"first","12":"instock","13":"product-type-external"},"brands":[{"id":157,"name":"RIDEX","slug":"ridex"}],"_links":{"self":[{"href":"https:\/\/www.autonvaraosahaku.fi\/index.php?rest_route=\/wp\/v2\/product\/34185","targetHints":{"allow":["GET"]}}],"collection":[{"href":"https:\/\/www.autonvaraosahaku.fi\/index.php?rest_route=\/wp\/v2\/product"}],"about":[{"href":"https:\/\/www.autonvaraosahaku.fi\/index.php?rest_route=\/wp\/v2\/types\/product"}],"wp:attachment":[{"href":"https:\/\/www.autonvaraosahaku.fi\/index.php?rest_route=%2Fwp%2Fv2%2Fmedia&parent=34185"}],"wp:term":[{"taxonomy":"pwb-brand","embeddable":true,"href":"https:\/\/www.autonvaraosahaku.fi\/index.php?rest_route=%2Fwp%2Fv2%2Fpwb-brand&post=34185"},{"taxonomy":"product_cat","embeddable":true,"href":"https:\/\/www.autonvaraosahaku.fi\/index.php?rest_route=%2Fwp%2Fv2%2Fproduct_cat&post=34185"},{"taxonomy":"product_tag","embeddable":true,"href":"https:\/\/www.autonvaraosahaku.fi\/index.php?rest_route=%2Fwp%2Fv2%2Fproduct_tag&post=34185"}],"curies":[{"name":"wp","href":"https:\/\/api.w.org\/{rel}","templated":true}]}}