{"id":34195,"date":"2021-02-21T16:20:25","date_gmt":"2021-02-21T16:20:25","guid":{"rendered":"https:\/\/www.autonvaraosahaku.fi\/?product=febi-bilstein-103361-muut-luokat"},"modified":"2021-02-21T16:20:28","modified_gmt":"2021-02-21T16:20:28","slug":"febi-bilstein-103361-muut-luokat","status":"publish","type":"product","link":"https:\/\/www.autonvaraosahaku.fi\/?product=febi-bilstein-103361-muut-luokat","title":{"rendered":"FEBI BILSTEIN 103361 Muut luokat"},"content":{"rendered":"<p>Pituus (mm): 110; Liittimi\u00e4: 2; Asennuspuoli: Imupuoli, Poistopuoli; Paino [kg]: 0,243, 0,243; TECDOC-moottorinumero: 21152; BMW: 3 E46,3 Touring E91,3 E90,5 E60,1 E87,5 Touring E61,3 Touring E46,X3 E83,3 Compact E46,3 Coupe E46,X1 E84,1 E81,X5 E70,X5 E53,3 Cabriolet E46,Z4 E85,7 E65, E66, E67,1 Cabriolet E88,1 Coupe E82,6 E63,6 Cabriolet E64; ROLLS-ROYCE: PHANTOM VII RR1,PHANTOM VII Coupe RR3,PHANTOM VII Drophead Coupe RR2; 11360149817, 11360410035, 11361707323, 11367506178, 11367546379, 11367560462, 11360149817, 11360410035, 11361707323, 11367560462<\/p>\n","protected":false},"excerpt":{"rendered":"<p>FEBI BILSTEIN S\u00e4\u00e4t\u00f6venttiili, Nokka-Akselin Ajoitus (Vvt) febi Plus 103361  BMW,ROLLS-ROYCE,3 E46,3 Touring E91,3 E90,5 E60,1 E87,5 Touring E61<\/p>\n","protected":false},"featured_media":0,"template":"","meta":{"site-sidebar-layout":"default","site-content-layout":"default","ast-global-header-display":"","ast-main-header-display":"","ast-hfb-above-header-display":"","ast-hfb-below-header-display":"","ast-hfb-mobile-header-display":"","site-post-title":"","ast-breadcrumbs-content":"","ast-featured-img":"","footer-sml-layout":"","theme-transparent-header-meta":"","adv-header-id-meta":"","stick-header-meta":"","header-above-stick-meta":"","header-main-stick-meta":"","header-below-stick-meta":""},"pwb-brand":[50],"product_cat":[37],"product_tag":[],"class_list":{"0":"post-34195","1":"product","2":"type-product","3":"status-publish","5":"pwb-brand-febi-bilstein","6":"product_cat-muut-luokat","7":"desktop-align-left","8":"tablet-align-left","9":"mobile-align-left","11":"first","12":"instock","13":"product-type-external"},"brands":[{"id":50,"name":"FEBI BILSTEIN","slug":"febi-bilstein"}],"_links":{"self":[{"href":"https:\/\/www.autonvaraosahaku.fi\/index.php?rest_route=\/wp\/v2\/product\/34195","targetHints":{"allow":["GET"]}}],"collection":[{"href":"https:\/\/www.autonvaraosahaku.fi\/index.php?rest_route=\/wp\/v2\/product"}],"about":[{"href":"https:\/\/www.autonvaraosahaku.fi\/index.php?rest_route=\/wp\/v2\/types\/product"}],"wp:attachment":[{"href":"https:\/\/www.autonvaraosahaku.fi\/index.php?rest_route=%2Fwp%2Fv2%2Fmedia&parent=34195"}],"wp:term":[{"taxonomy":"pwb-brand","embeddable":true,"href":"https:\/\/www.autonvaraosahaku.fi\/index.php?rest_route=%2Fwp%2Fv2%2Fpwb-brand&post=34195"},{"taxonomy":"product_cat","embeddable":true,"href":"https:\/\/www.autonvaraosahaku.fi\/index.php?rest_route=%2Fwp%2Fv2%2Fproduct_cat&post=34195"},{"taxonomy":"product_tag","embeddable":true,"href":"https:\/\/www.autonvaraosahaku.fi\/index.php?rest_route=%2Fwp%2Fv2%2Fproduct_tag&post=34195"}],"curies":[{"name":"wp","href":"https:\/\/api.w.org\/{rel}","templated":true}]}}