{"id":34224,"date":"2021-02-21T16:20:35","date_gmt":"2021-02-21T16:20:35","guid":{"rendered":"https:\/\/www.autonvaraosahaku.fi\/?product=elwis-royal-8126501-kampiakselin-tiiviste"},"modified":"2021-02-21T16:20:36","modified_gmt":"2021-02-21T16:20:36","slug":"elwis-royal-8126501-kampiakselin-tiiviste","status":"publish","type":"product","link":"https:\/\/www.autonvaraosahaku.fi\/?product=elwis-royal-8126501-kampiakselin-tiiviste","title":{"rendered":"ELWIS ROYAL 8126501 Kampiakselin tiiviste"},"content":{"rendered":"<p>Asennuspuoli: Vaihteiston puoli; Tarvittava kappalem\u00e4\u00e4r\u00e4: 1; Materiaali: PTFE (polytetrafluorietyleeni)\/ACM (polyakryyli-kumi); Sis\u00e4l\u00e4pimitta [mm]: 106; Ulkol\u00e4pimitta [mm]: 215; Tiivistetyyppi: Metalli-elastomeeri tiiviste; MAZDA: BT-50 Pick-up B22, B32, UP; JAGUAR: X-TYPE CF1,X-TYPE Estate; FORD: MONDEO III Kombi BWY,MONDEO III B5Y,TRANSIT MK-7 Kasten,RANGER TKE,MONDEO III Stufenheck B4Y,TRANSIT MK-7 Bus,TRANSIT Kasten FA_ _,TRANSIT Bus FD_ _, FB_ _, FS_ _, FZ_ _, FC_ _,TRANSIT MK-7 Pritsche\/Fahrgestell,TRANSIT Pritsche\/Fahrgestell FM_ _, FN_ _,TRANSIT CUSTOM Kasten,TOURNEO CUSTOM Bus,TRANSIT TOURNEO FB,TRANSIT CUSTOM Bus,TRANSIT Custom  Bus,TRANSIT Custom Pritsche\/Fahrgestell; CITRO\u00cbN: JUMPER Kasten,JUMPER Bus,JUMPER Pritsche\/Fahrgestell; PEUGEOT: BOXER Kasten,BOXER Bus,BOXER Pritsche\/Fahrgestell; LDV: CONVOY Kasten,CONVOY Pritsche\/Fahrgestell,CONVOY Bus; 0514C4, 1352017, 1684287, 3S7Q6385AA, 3S7Q6385AB, JD61106, JDE12872, JDE1821, LR004408, LR020609, U20211312, 0514C4; Akselitiiviste, Kampiakseli<\/p>\n","protected":false},"excerpt":{"rendered":"<p>ELWIS ROYAL Kampiakselin Tiiviste 8126501 Akselitiiviste, Kampiakseli MAZDA,JAGUAR,FORD,BT-50 Pick-up B22, B32, UP,X-TYPE CF1,X-TYPE Estate<\/p>\n","protected":false},"featured_media":0,"template":"","meta":{"site-sidebar-layout":"default","site-content-layout":"default","ast-global-header-display":"","ast-main-header-display":"","ast-hfb-above-header-display":"","ast-hfb-below-header-display":"","ast-hfb-mobile-header-display":"","site-post-title":"","ast-breadcrumbs-content":"","ast-featured-img":"","footer-sml-layout":"","theme-transparent-header-meta":"","adv-header-id-meta":"","stick-header-meta":"","header-above-stick-meta":"","header-main-stick-meta":"","header-below-stick-meta":""},"pwb-brand":[120],"product_cat":[88],"product_tag":[],"class_list":{"0":"post-34224","1":"product","2":"type-product","3":"status-publish","5":"pwb-brand-elwis-royal","6":"product_cat-kampiakselin-tiiviste","7":"desktop-align-left","8":"tablet-align-left","9":"mobile-align-left","11":"first","12":"instock","13":"product-type-external"},"brands":[{"id":120,"name":"ELWIS ROYAL","slug":"elwis-royal"}],"_links":{"self":[{"href":"https:\/\/www.autonvaraosahaku.fi\/index.php?rest_route=\/wp\/v2\/product\/34224","targetHints":{"allow":["GET"]}}],"collection":[{"href":"https:\/\/www.autonvaraosahaku.fi\/index.php?rest_route=\/wp\/v2\/product"}],"about":[{"href":"https:\/\/www.autonvaraosahaku.fi\/index.php?rest_route=\/wp\/v2\/types\/product"}],"wp:attachment":[{"href":"https:\/\/www.autonvaraosahaku.fi\/index.php?rest_route=%2Fwp%2Fv2%2Fmedia&parent=34224"}],"wp:term":[{"taxonomy":"pwb-brand","embeddable":true,"href":"https:\/\/www.autonvaraosahaku.fi\/index.php?rest_route=%2Fwp%2Fv2%2Fpwb-brand&post=34224"},{"taxonomy":"product_cat","embeddable":true,"href":"https:\/\/www.autonvaraosahaku.fi\/index.php?rest_route=%2Fwp%2Fv2%2Fproduct_cat&post=34224"},{"taxonomy":"product_tag","embeddable":true,"href":"https:\/\/www.autonvaraosahaku.fi\/index.php?rest_route=%2Fwp%2Fv2%2Fproduct_tag&post=34224"}],"curies":[{"name":"wp","href":"https:\/\/api.w.org\/{rel}","templated":true}]}}