{"id":34227,"date":"2021-02-21T16:20:35","date_gmt":"2021-02-21T16:20:35","guid":{"rendered":"https:\/\/www.autonvaraosahaku.fi\/?product=esen-skv-23skv263-jarrusatula"},"modified":"2021-02-21T16:20:36","modified_gmt":"2021-02-21T16:20:36","slug":"esen-skv-23skv263-jarrusatula","status":"publish","type":"product","link":"https:\/\/www.autonvaraosahaku.fi\/?product=esen-skv-23skv263-jarrusatula","title":{"rendered":"ESEN SKV 23SKV263 Jarrusatula"},"content":{"rendered":"<p>Asennuspuoli: Taka-akseli, vasen; Paino [kg]: 1,68; Jarrusatulatyyppi: Jarrusatula (1-m\u00e4nt\u00e4); Jarrulevyn paksuus (mm): 10; Jarruj\u00e4rjestelm\u00e4: LUCAS; parilliset tuotenumerot: 23SKV264; Jarrusatulam\u00e4nt\u00e4l\u00e4pimitta [mm]: 38; Valmistusvuoteen: 06\/2010; OPEL: ASTRA H Caravan L35,MERIVA,ZAFIRA A F75_,ASTRA G CC F48_, F08_,ASTRA H L48,ASTRA G Caravan F35_,ASTRA H GTC L08,MERIVA B,ASTRA H TwinTop L67,ASTRA G Cabriolet F67,ASTRA G Coupe F07_,COMBO Kasten\/Kombi,COMBO Tour,ASTRA H Stufenheck L69,ASTRA H Kasten L70; VAUXHALL: ASTRA Mk V H CC,ZAFIRA Mk I A F75,ASTRA Mk V H Estate,ASTRA Mk V H Convertible,ASTRA Mk IV G CC,MERIVA Mk I A,MERIVA Mk II B,ASTRAVAN Mk V H,ASTRA Mk IV G Coupe F67,COMBO TOUR Mk II C F25,ASTRA Mk IV G Convertible,COMBO Mk II C Kasten\/Kombi F25; 542096, 542126, 5542465, 93168711, 93179158, 93186062, 93168711, 93179158<\/p>\n","protected":false},"excerpt":{"rendered":"<p>ESEN SKV Jarrusatula 23SKV263  OPEL,VAUXHALL,ASTRA H Caravan L35,MERIVA,ZAFIRA A F75_,ASTRA G CC F48_, F08_,ASTRA H L48,ASTRA G Caravan F35_<\/p>\n","protected":false},"featured_media":0,"template":"","meta":{"site-sidebar-layout":"default","site-content-layout":"default","ast-global-header-display":"","ast-main-header-display":"","ast-hfb-above-header-display":"","ast-hfb-below-header-display":"","ast-hfb-mobile-header-display":"","site-post-title":"","ast-breadcrumbs-content":"","ast-featured-img":"","footer-sml-layout":"","theme-transparent-header-meta":"","adv-header-id-meta":"","stick-header-meta":"","header-above-stick-meta":"","header-main-stick-meta":"","header-below-stick-meta":""},"pwb-brand":[384],"product_cat":[177],"product_tag":[],"class_list":{"0":"post-34227","1":"product","2":"type-product","3":"status-publish","5":"pwb-brand-esen-skv","6":"product_cat-jarrusatula","7":"desktop-align-left","8":"tablet-align-left","9":"mobile-align-left","11":"first","12":"instock","13":"product-type-external"},"brands":[{"id":384,"name":"ESEN SKV","slug":"esen-skv"}],"_links":{"self":[{"href":"https:\/\/www.autonvaraosahaku.fi\/index.php?rest_route=\/wp\/v2\/product\/34227","targetHints":{"allow":["GET"]}}],"collection":[{"href":"https:\/\/www.autonvaraosahaku.fi\/index.php?rest_route=\/wp\/v2\/product"}],"about":[{"href":"https:\/\/www.autonvaraosahaku.fi\/index.php?rest_route=\/wp\/v2\/types\/product"}],"wp:attachment":[{"href":"https:\/\/www.autonvaraosahaku.fi\/index.php?rest_route=%2Fwp%2Fv2%2Fmedia&parent=34227"}],"wp:term":[{"taxonomy":"pwb-brand","embeddable":true,"href":"https:\/\/www.autonvaraosahaku.fi\/index.php?rest_route=%2Fwp%2Fv2%2Fpwb-brand&post=34227"},{"taxonomy":"product_cat","embeddable":true,"href":"https:\/\/www.autonvaraosahaku.fi\/index.php?rest_route=%2Fwp%2Fv2%2Fproduct_cat&post=34227"},{"taxonomy":"product_tag","embeddable":true,"href":"https:\/\/www.autonvaraosahaku.fi\/index.php?rest_route=%2Fwp%2Fv2%2Fproduct_tag&post=34227"}],"curies":[{"name":"wp","href":"https:\/\/api.w.org\/{rel}","templated":true}]}}