{"id":34243,"date":"2021-02-21T16:20:40","date_gmt":"2021-02-21T16:20:40","guid":{"rendered":"https:\/\/www.autonvaraosahaku.fi\/?product=elring-707-360-kampiakselin-tiiviste"},"modified":"2021-02-21T16:20:41","modified_gmt":"2021-02-21T16:20:41","slug":"elring-707-360-kampiakselin-tiiviste","status":"publish","type":"product","link":"https:\/\/www.autonvaraosahaku.fi\/?product=elring-707-360-kampiakselin-tiiviste","title":{"rendered":"ELRING 707.360 Kampiakselin tiiviste"},"content":{"rendered":"<p>Sis\u00e4l\u00e4pimitta [mm]: 33; Ulkol\u00e4pimitta [mm]: 49; Korkeus (mm): 8; Akselitiivisteen malli: AS; Rihlamalli: Oikea kierre; Materiaali: FPM (fluori-kumi); Suojavaippa: Suojakumilla; Asennuspuoli: stirnseitig; SUBARU: FORESTER SG,FORESTER SH,FORESTER SF,IMPREZA Stufenheck GD,LEGACY IV Station Wagon BL, BP, B13_,IMPREZA Schr\u00e4gheck GR, GH, G3,OUTBACK BL, BP,IMPREZA Station Wagon GG,LEGACY III Station Wagon BE, BH,IMPREZA Stufenheck GC,LEGACY II Station Wagon BD, BG,IMPREZA Station Wagon GF,LEGACY IV BL, BP,OUTBACK BE, BH,LEGACY V Station Wagon BM, BR,OUTBACK BM, BR,LEGACY III BE, BH,SVX CX,LEGACY I Station Wagon BC, BJF,LEGACY II BD, BG,IMPREZA Coupe GFC,IMPREZA Stufenheck GR,LEGACY I BC,LEGACY V BM, BR,LEGACY OUTBACK BG,IMPREZA GR  Station Wagon US,WRX Stufenheck GJ; 806733010, 806733020, 806733030; Akselitiiviste, Kampiakseli<\/p>\n","protected":false},"excerpt":{"rendered":"<p>ELRING Kampiakselin Tiiviste 707.360 Akselitiiviste, Kampiakseli SUBARU,FORESTER SG,FORESTER SH,FORESTER SF,IMPREZA Stufenheck GD<\/p>\n","protected":false},"featured_media":0,"template":"","meta":{"site-sidebar-layout":"default","site-content-layout":"default","ast-global-header-display":"","ast-main-header-display":"","ast-hfb-above-header-display":"","ast-hfb-below-header-display":"","ast-hfb-mobile-header-display":"","site-post-title":"","ast-breadcrumbs-content":"","ast-featured-img":"","footer-sml-layout":"","theme-transparent-header-meta":"","adv-header-id-meta":"","stick-header-meta":"","header-above-stick-meta":"","header-main-stick-meta":"","header-below-stick-meta":""},"pwb-brand":[26],"product_cat":[88],"product_tag":[],"class_list":{"0":"post-34243","1":"product","2":"type-product","3":"status-publish","5":"pwb-brand-elring","6":"product_cat-kampiakselin-tiiviste","7":"desktop-align-left","8":"tablet-align-left","9":"mobile-align-left","11":"first","12":"instock","13":"product-type-external"},"brands":[{"id":26,"name":"ELRING","slug":"elring"}],"_links":{"self":[{"href":"https:\/\/www.autonvaraosahaku.fi\/index.php?rest_route=\/wp\/v2\/product\/34243","targetHints":{"allow":["GET"]}}],"collection":[{"href":"https:\/\/www.autonvaraosahaku.fi\/index.php?rest_route=\/wp\/v2\/product"}],"about":[{"href":"https:\/\/www.autonvaraosahaku.fi\/index.php?rest_route=\/wp\/v2\/types\/product"}],"wp:attachment":[{"href":"https:\/\/www.autonvaraosahaku.fi\/index.php?rest_route=%2Fwp%2Fv2%2Fmedia&parent=34243"}],"wp:term":[{"taxonomy":"pwb-brand","embeddable":true,"href":"https:\/\/www.autonvaraosahaku.fi\/index.php?rest_route=%2Fwp%2Fv2%2Fpwb-brand&post=34243"},{"taxonomy":"product_cat","embeddable":true,"href":"https:\/\/www.autonvaraosahaku.fi\/index.php?rest_route=%2Fwp%2Fv2%2Fproduct_cat&post=34243"},{"taxonomy":"product_tag","embeddable":true,"href":"https:\/\/www.autonvaraosahaku.fi\/index.php?rest_route=%2Fwp%2Fv2%2Fproduct_tag&post=34243"}],"curies":[{"name":"wp","href":"https:\/\/api.w.org\/{rel}","templated":true}]}}