{"id":34266,"date":"2021-02-21T16:20:44","date_gmt":"2021-02-21T16:20:44","guid":{"rendered":"https:\/\/www.autonvaraosahaku.fi\/?product=hella-6pt-009-109-321-lampotila-anturi"},"modified":"2021-02-21T16:20:46","modified_gmt":"2021-02-21T16:20:46","slug":"hella-6pt-009-109-321-lampotila-anturi","status":"publish","type":"product","link":"https:\/\/www.autonvaraosahaku.fi\/?product=hella-6pt-009-109-321-lampotila-anturi","title":{"rendered":"HELLA 6PT 009 109-321 L\u00e4mp\u00f6tila-anturi"},"content":{"rendered":"<p>Liittimi\u00e4: 2; Asennuspuoli: oben; MAZDA: 3 BK,2 DE,3 BL,3 Stufenheck BK,3 Stufenheck BL; LAND ROVER: FREELANDER 2 FA_,DEFENDER Station Wagon LD,DEFENDER Pick-up LD_,DEFENDER Cabrio LD,DEFENDER Pritsche\/Fahrgestell LD; VOLVO: V50 MW,V70 III BW,C30,S40 II MS,C70 II Cabriolet,S80 II AS; MINI: MINI R56; JAGUAR: XF _J05_, CC9,XF SPORTBRAKE CC9; FORD: FIESTA V JH_, JD_,FOCUS II Kombi DA_,FIESTA VI,MONDEO IV Turnier BA7,FOCUS II DA_,S-MAX WA6,FOCUS C-MAX,GALAXY WA6,KUGA I,FUSION JU_,C-MAX DM2,TRANSIT MK-7 Kasten,MONDEO IV BA7,TRANSIT MK-7 Bus,FOCUS II Stufenheck DA_,B-MAX JK,FOCUS II Cabriolet,TRANSIT MK-7 Pritsche\/Fahrgestell,TRANSIT CUSTOM Kasten,TOURNEO CUSTOM Bus,MONDEO IV Stufenheck BA7,TRANSIT TOURNEO FB,TRANSIT CUSTOM Bus,FIESTA V Van,FIESTA VI Van,TRANSIT Custom  Bus,TRANSIT Custom Pritsche\/Fahrgestell,TOURNEO COURIER Kombi,B-MAX Van,TRANSIT COURIER Kasten,TRANSIT COURIER Kombi; TOYOTA: AYGO WNB1_, KGB1_; FIAT: SCUDO 270_,SCUDO Kasten 270_,SCUDO Pritsche\/Fahrgestell 270_; CITRO\u00cbN: C1 PM_, PN_,BERLINGO MF,XSARA PICASSO N68,C2 JM_,C3 I FC_,BERLINGO B9,C5 III Break TD_,C4 Picasso I UD_,C4 Grand Picasso I UA_,C8 EA_, EB_,C4 I LC_,JUMPER Kasten,DS3,BERLINGO Kasten M_,C5 II Break RE_,C3 Picasso,C5 III RD_,C3 II,C4 Coupe LA_,C3 Pluriel HB_,C5 II RC_,C-CROSSER EP_,JUMPY,BERLINGO Kasten B9,C6 TD_,JUMPY Kasten,NEMO Kasten AA_,JUMPER Bus,C4 Stufenheck L,JUMPER Pritsche\/Fahrgestell,NEMO Kombi,C-CROSSER ENTERPRISE,C2 ENTERPRISE,BERLINGO Pritsche\/Fahrgestell B9,JUMPY Pritsche\/Fahrgestell; PEUGEOT: 206 Schr\u00e4gheck 2A\/C,206 CC 2D,207 WA_, WC_,307 SW 3H,207 CC WD_,307 CC 3B,407 SW 6E_,307 3A\/C,207 SW WK_,107,308 SW,206 SW 2E\/K,208,807 E,206+ T3E,308 4A_, 4C_,5008,307 Break 3E,508 SW,607 9D, 9U,407 6D_,3008,PARTNER Tepee,308 CC,1007 KM_,PARTNER Combispace 5F,4007 GP_,2008,PARTNER Kasten 5,508,407 Coupe 6C_,EXPERT Tepee VF3V_,EXPERT Kasten VF3A_, VF3U_, VF3X_,PARTNER Kasten,206 Stufenheck,BOXER Pritsche\/Fahrgestell,BIPPER Tepee,206 Van,207 Van,EXPERT Pritsche\/Fahrgestell,PARTNER Pritsche\/Fahrgestell,208 Kasten; 7794982, 1920GF, 1920JL, 1920PJ, 96554327, 9674943280, 9664612580, 9664612580, 1251249, 1331461, 1333818, 1348613, 1359930, 1423736, 1530145, 1719362, 2006019, 2S6Q12A697AC, 3M5A12A697AB, 3M5A12A697AC, 3M5A12A697AD, 9C1112A697, 9C1112A697AB, 9C1112A697AC, C2Z14371, 9664612580, LR008852, LR032216, Y40418845, Y40418845A, Y60318845A, Y60318845B, Y60318845C, 13627794982, 7794982, 1525A018, 1525A023, 1920GF, 1920JL, 1920PJ, 9674943280, 1365069K01000, SU00100647, SU00100792, SU00100839, 30777255, 31216702<\/p>\n","protected":false},"excerpt":{"rendered":"<p>HELLA Tunnistin Imuilman L\u00e4mp\u00f6tila 6PT 009 109-321  MAZDA,LAND ROVER,VOLVO,3 BK,2 DE,3 BL,3 Stufenheck BK,3 Stufenheck BL,FREELANDER 2 FA_<\/p>\n","protected":false},"featured_media":0,"template":"","meta":{"site-sidebar-layout":"default","site-content-layout":"default","ast-global-header-display":"","ast-main-header-display":"","ast-hfb-above-header-display":"","ast-hfb-below-header-display":"","ast-hfb-mobile-header-display":"","site-post-title":"","ast-breadcrumbs-content":"","ast-featured-img":"","footer-sml-layout":"","theme-transparent-header-meta":"","adv-header-id-meta":"","stick-header-meta":"","header-above-stick-meta":"","header-main-stick-meta":"","header-below-stick-meta":""},"pwb-brand":[24],"product_cat":[47],"product_tag":[],"class_list":{"0":"post-34266","1":"product","2":"type-product","3":"status-publish","5":"pwb-brand-hella","6":"product_cat-lampotila-anturi","7":"desktop-align-left","8":"tablet-align-left","9":"mobile-align-left","11":"first","12":"instock","13":"product-type-external"},"brands":[{"id":24,"name":"HELLA","slug":"hella"}],"_links":{"self":[{"href":"https:\/\/www.autonvaraosahaku.fi\/index.php?rest_route=\/wp\/v2\/product\/34266","targetHints":{"allow":["GET"]}}],"collection":[{"href":"https:\/\/www.autonvaraosahaku.fi\/index.php?rest_route=\/wp\/v2\/product"}],"about":[{"href":"https:\/\/www.autonvaraosahaku.fi\/index.php?rest_route=\/wp\/v2\/types\/product"}],"wp:attachment":[{"href":"https:\/\/www.autonvaraosahaku.fi\/index.php?rest_route=%2Fwp%2Fv2%2Fmedia&parent=34266"}],"wp:term":[{"taxonomy":"pwb-brand","embeddable":true,"href":"https:\/\/www.autonvaraosahaku.fi\/index.php?rest_route=%2Fwp%2Fv2%2Fpwb-brand&post=34266"},{"taxonomy":"product_cat","embeddable":true,"href":"https:\/\/www.autonvaraosahaku.fi\/index.php?rest_route=%2Fwp%2Fv2%2Fproduct_cat&post=34266"},{"taxonomy":"product_tag","embeddable":true,"href":"https:\/\/www.autonvaraosahaku.fi\/index.php?rest_route=%2Fwp%2Fv2%2Fproduct_tag&post=34266"}],"curies":[{"name":"wp","href":"https:\/\/api.w.org\/{rel}","templated":true}]}}