{"id":34276,"date":"2021-02-21T16:20:44","date_gmt":"2021-02-21T16:20:44","guid":{"rendered":"https:\/\/www.autonvaraosahaku.fi\/?product=hella-6dd-010-966-381-jarruvalokytkin"},"modified":"2021-02-21T16:20:47","modified_gmt":"2021-02-21T16:20:47","slug":"hella-6dd-010-966-381-jarruvalokytkin","status":"publish","type":"product","link":"https:\/\/www.autonvaraosahaku.fi\/?product=hella-6dd-010-966-381-jarruvalokytkin","title":{"rendered":"HELLA 6DD 010 966-381 Jarruvalokytkin"},"content":{"rendered":"<p>K\u00e4ytt\u00f6: Mekaaninen; Liittimi\u00e4: 4; Liittimen v\u00e4ri: Vihre\u00e4, Vihre\u00e4; Valmistusvuoteen: 09\/2012; LANCIA: PHEDRA 179; FIAT: SCUDO 270_,ULYSSE 179AX,SCUDO Kasten 270_,SCUDO Pritsche\/Fahrgestell 270_; CITRO\u00cbN: C2 JM_,C3 I FC_,BERLINGO B9,C4 Picasso I UD_,C4 Grand Picasso I UA_,C8 EA_, EB_,C4 I LC_,DS3,C5 II Break RE_,C3 Picasso,C3 II,C4 Coupe LA_,C3 Pluriel HB_,C5 II RC_,JUMPY,BERLINGO Kasten B9,JUMPY Kasten,C4 Stufenheck L,C2 ENTERPRISE,BERLINGO Pritsche\/Fahrgestell B9,C-ELYSEE,C4 CACTUS; PEUGEOT: 207 WA_, WC_,307 SW 3H,207 CC WD_,307 CC 3B,407 SW 6E_,307 3A\/C,207 SW WK_,308 SW,807 E,308 4A_, 4C_,5008,307 Break 3E,607 9D, 9U,407 6D_,3008,PARTNER Tepee,RCZ,308 CC,1007 KM_,2008,407 Coupe 6C_,EXPERT Tepee VF3V_,PARTNER Kasten,207 Stufenheck,308 II,301,308 SW II,207 Van,PARTNER Pritsche\/Fahrgestell; 1606480480, 453448, 453463, 453465, 9650688480, 9665602380, 9150103780, 9650688480, 9665602380, 9150103780, 9650688480, 9665602380, 9150103780, 9650688480, 9665602380, 1606480480, 453448, 453463, 453465; Jarruvalokatkaisin<\/p>\n","protected":false},"excerpt":{"rendered":"<p>HELLA Jarruvalokytkin 6DD 010 966-381 Jarruvalokatkaisin LANCIA,FIAT,CITRO\u00cbN,PHEDRA 179,SCUDO 270_,ULYSSE 179AX,SCUDO Kasten 270_<\/p>\n","protected":false},"featured_media":0,"template":"","meta":{"site-sidebar-layout":"default","site-content-layout":"default","ast-global-header-display":"","ast-main-header-display":"","ast-hfb-above-header-display":"","ast-hfb-below-header-display":"","ast-hfb-mobile-header-display":"","site-post-title":"","ast-breadcrumbs-content":"","ast-featured-img":"","footer-sml-layout":"","theme-transparent-header-meta":"","adv-header-id-meta":"","stick-header-meta":"","header-above-stick-meta":"","header-main-stick-meta":"","header-below-stick-meta":""},"pwb-brand":[24],"product_cat":[117],"product_tag":[],"class_list":{"0":"post-34276","1":"product","2":"type-product","3":"status-publish","5":"pwb-brand-hella","6":"product_cat-jarruvalokytkin","7":"desktop-align-left","8":"tablet-align-left","9":"mobile-align-left","11":"first","12":"instock","13":"product-type-external"},"brands":[{"id":24,"name":"HELLA","slug":"hella"}],"_links":{"self":[{"href":"https:\/\/www.autonvaraosahaku.fi\/index.php?rest_route=\/wp\/v2\/product\/34276","targetHints":{"allow":["GET"]}}],"collection":[{"href":"https:\/\/www.autonvaraosahaku.fi\/index.php?rest_route=\/wp\/v2\/product"}],"about":[{"href":"https:\/\/www.autonvaraosahaku.fi\/index.php?rest_route=\/wp\/v2\/types\/product"}],"wp:attachment":[{"href":"https:\/\/www.autonvaraosahaku.fi\/index.php?rest_route=%2Fwp%2Fv2%2Fmedia&parent=34276"}],"wp:term":[{"taxonomy":"pwb-brand","embeddable":true,"href":"https:\/\/www.autonvaraosahaku.fi\/index.php?rest_route=%2Fwp%2Fv2%2Fpwb-brand&post=34276"},{"taxonomy":"product_cat","embeddable":true,"href":"https:\/\/www.autonvaraosahaku.fi\/index.php?rest_route=%2Fwp%2Fv2%2Fproduct_cat&post=34276"},{"taxonomy":"product_tag","embeddable":true,"href":"https:\/\/www.autonvaraosahaku.fi\/index.php?rest_route=%2Fwp%2Fv2%2Fproduct_tag&post=34276"}],"curies":[{"name":"wp","href":"https:\/\/api.w.org\/{rel}","templated":true}]}}