{"id":34281,"date":"2021-02-21T16:20:49","date_gmt":"2021-02-21T16:20:49","guid":{"rendered":"https:\/\/www.autonvaraosahaku.fi\/?product=meyle-614-643-0000-iskunvaimentimen-suojakumi-pohjaanlyontikumi"},"modified":"2021-02-21T16:20:50","modified_gmt":"2021-02-21T16:20:50","slug":"meyle-614-643-0000-iskunvaimentimen-suojakumi-pohjaanlyontikumi","status":"publish","type":"product","link":"https:\/\/www.autonvaraosahaku.fi\/?product=meyle-614-643-0000-iskunvaimentimen-suojakumi-pohjaanlyontikumi","title":{"rendered":"MEYLE 614 643 0000 Iskunvaimentimen suojakumi &#038; pohjaanly\u00f6ntikumi"},"content":{"rendered":"<p>Asennuspuoli: Etuakseli; Korkeus (mm): 205; L\u00e4pimitta [mm]: 80, 66; Tarvittava kappalem\u00e4\u00e4r\u00e4: 2; lis\u00e4tieto: ORIGINAL Quality; Alustarakenne: f\u00fcr Fahrzeuge mit Standard Fahrwerk; ABARTH: PUNTO EVO 199_; LANCIA: YPSILON 312, 846; OPEL: CORSA D,ZAFIRA B A05,ASTRA H Caravan L35,ASTRA H L48,VECTRA C Caravan,ASTRA H GTC L08,MERIVA B,SIGNUM,VECTRA C,ADAM,VECTRA C GTS,ASTRA H TwinTop L67,ASTRA GTC J,CORSA D Van,CORSA C Kasten F08, W5L,ASTRA H Stufenheck L69,COMBO Kasten\/Kombi X12,ASTRA H Kasten L70,COMBO Tour X12,CORSA E,CORSA E Van; SAAB: 9-3 YS3F,9-3 Kombi YS3F,9-3 Cabriolet YS3F; ALFA ROMEO: MITO 955; FIAT: GRANDE PUNTO 199,PUNTO EVO 199,DOBLO Cargo 223,DOBLO 119,CROMA 194,DOBLO Kasten\/Kombi 263,PUNTO 199,PANDA 312,QUBO 225,500L,DOBLO Gro\u00dfraumlimousine 152, 263,FIORINO Kasten\/Kombi 225,LINEA 323,PUNTO Van 199,DOBLO Pritsche\/Fahrgestell 263,PANDA VAN 312; CITRO\u00cbN: NEMO Kasten AA_,NEMO Kombi; PEUGEOT: BIPPER AA_,BIPPER Tepee; VAUXHALL: CORSA Mk III D L_8,INSIGNIA Mk I A,ZAFIRA Mk II B M75,ASTRA Mk V H CC,VECTRA Mk II C CC,ASTRA Mk V H Estate,VECTRA Mk II C Estate,ASTRA Mk V H Convertible,VECTRA Mk II C,SIGNUM,ASTRAVAN Mk IV G; 55700767, 525447, 55700767, 0344435, 0344446, 344435, 344446, 525447, 55700767, 55700767, 9231099<\/p>\n","protected":false},"excerpt":{"rendered":"<p>MEYLE Suojus\/Palje, Iskunvaimentaja 614 643 0000  ABARTH,LANCIA,OPEL,PUNTO EVO 199_,YPSILON 312, 846,CORSA D,ZAFIRA B A05,ASTRA H Caravan L35<\/p>\n","protected":false},"featured_media":0,"template":"","meta":{"site-sidebar-layout":"default","site-content-layout":"default","ast-global-header-display":"","ast-main-header-display":"","ast-hfb-above-header-display":"","ast-hfb-below-header-display":"","ast-hfb-mobile-header-display":"","site-post-title":"","ast-breadcrumbs-content":"","ast-featured-img":"","footer-sml-layout":"","theme-transparent-header-meta":"","adv-header-id-meta":"","stick-header-meta":"","header-above-stick-meta":"","header-main-stick-meta":"","header-below-stick-meta":""},"pwb-brand":[84],"product_cat":[92],"product_tag":[],"class_list":{"0":"post-34281","1":"product","2":"type-product","3":"status-publish","5":"pwb-brand-meyle","6":"product_cat-iskunvaimentimen-suojakumi-pohjaanlyontikumi","7":"desktop-align-left","8":"tablet-align-left","9":"mobile-align-left","11":"first","12":"instock","13":"product-type-external"},"brands":[{"id":84,"name":"MEYLE","slug":"meyle"}],"_links":{"self":[{"href":"https:\/\/www.autonvaraosahaku.fi\/index.php?rest_route=\/wp\/v2\/product\/34281","targetHints":{"allow":["GET"]}}],"collection":[{"href":"https:\/\/www.autonvaraosahaku.fi\/index.php?rest_route=\/wp\/v2\/product"}],"about":[{"href":"https:\/\/www.autonvaraosahaku.fi\/index.php?rest_route=\/wp\/v2\/types\/product"}],"wp:attachment":[{"href":"https:\/\/www.autonvaraosahaku.fi\/index.php?rest_route=%2Fwp%2Fv2%2Fmedia&parent=34281"}],"wp:term":[{"taxonomy":"pwb-brand","embeddable":true,"href":"https:\/\/www.autonvaraosahaku.fi\/index.php?rest_route=%2Fwp%2Fv2%2Fpwb-brand&post=34281"},{"taxonomy":"product_cat","embeddable":true,"href":"https:\/\/www.autonvaraosahaku.fi\/index.php?rest_route=%2Fwp%2Fv2%2Fproduct_cat&post=34281"},{"taxonomy":"product_tag","embeddable":true,"href":"https:\/\/www.autonvaraosahaku.fi\/index.php?rest_route=%2Fwp%2Fv2%2Fproduct_tag&post=34281"}],"curies":[{"name":"wp","href":"https:\/\/api.w.org\/{rel}","templated":true}]}}