{"id":34285,"date":"2021-02-21T16:20:49","date_gmt":"2021-02-21T16:20:49","guid":{"rendered":"https:\/\/www.autonvaraosahaku.fi\/?product=master-sport-612-2-kf-pcs-ms-polttoainesuodatin"},"modified":"2021-02-21T16:20:50","modified_gmt":"2021-02-21T16:20:50","slug":"master-sport-612-2-kf-pcs-ms-polttoainesuodatin","status":"publish","type":"product","link":"https:\/\/www.autonvaraosahaku.fi\/?product=master-sport-612-2-kf-pcs-ms-polttoainesuodatin","title":{"rendered":"MASTER-SPORT 612\/2-KF-PCS-MS Polttoainesuodatin"},"content":{"rendered":"<p>Ulkol\u00e4pimitta [mm]: 55; Ulkol\u00e4pimitta 1 [mm]: 56; Kierre sis\u00e4\u00e4ntulo: M 16 X 1.5; Kierre ulostulo: M 16 X 1.5; Korkeus (mm): 114; Nettopaino [kg]: 0,16; Bruttopaino [kg]: 0,18; Alustanumerosta: HA 464554; DAEWOO: NEXIA KLETN,ESPERO KLEJ,NEXIA Stufenheck KLETN,CIELO Stufenheck; CHEVROLET: BLAZER S10,CORVETTE C4,CORVETTE Convertible 1YY,TAHOE B2W; LAND ROVER: DEFENDER Station Wagon LD,DISCOVERY II LJ, LT,RANGE ROVER II LP,DEFENDER Pick-up LD_,DEFENDER Cabrio LD,DISCOVERY I LJ, LG,RANGE ROVER I AE, AN, HAA, HAB, HAM, HBM, RE, RN; ROVER: MINI,600 RH,CABRIOLET XW,400 Hatchback RT,200 Hatchback XW,200 Coupe XW,400 Tourer XW,100 \/ METRO XP,400 XW,100 Cabriolet XP; PEUGEOT: 3008; OLDSMOBILE: CUTLASS SUPREME Coupe; LOTUS: ELAN; PONTIAC: FIREBIRD,BONNEVILLE Stufenheck; FS9136E, GF481, GF621, GF626, GF651, GF652, 25055129, 96130396, 8250550520, 8250551290, 02C2C4163, 2W939155AA, C2C4163, CBC1063, CBC7083, NMD6091AA, NMD6091AB, NMD6091AC, NNA6091AA, ERS3117, ERS4065, ESR3117, ESR4065, GFE7020, GFE7059, WJN101520, WJN101520EVA<\/p>\n","protected":false},"excerpt":{"rendered":"<p>MASTER-SPORT Polttoainesuodatin 612\/2-KF-PCS-MS  DAEWOO,CHEVROLET,LAND ROVER,NEXIA KLETN,ESPERO KLEJ,NEXIA Stufenheck KLETN,CIELO Stufenheck<\/p>\n","protected":false},"featured_media":0,"template":"","meta":{"site-sidebar-layout":"default","site-content-layout":"default","ast-global-header-display":"","ast-main-header-display":"","ast-hfb-above-header-display":"","ast-hfb-below-header-display":"","ast-hfb-mobile-header-display":"","site-post-title":"","ast-breadcrumbs-content":"","ast-featured-img":"","footer-sml-layout":"","theme-transparent-header-meta":"","adv-header-id-meta":"","stick-header-meta":"","header-above-stick-meta":"","header-main-stick-meta":"","header-below-stick-meta":""},"pwb-brand":[61],"product_cat":[29],"product_tag":[],"class_list":{"0":"post-34285","1":"product","2":"type-product","3":"status-publish","5":"pwb-brand-master-sport","6":"product_cat-polttoainesuodatin","7":"desktop-align-left","8":"tablet-align-left","9":"mobile-align-left","11":"first","12":"instock","13":"product-type-external"},"brands":[{"id":61,"name":"MASTER-SPORT","slug":"master-sport"}],"_links":{"self":[{"href":"https:\/\/www.autonvaraosahaku.fi\/index.php?rest_route=\/wp\/v2\/product\/34285","targetHints":{"allow":["GET"]}}],"collection":[{"href":"https:\/\/www.autonvaraosahaku.fi\/index.php?rest_route=\/wp\/v2\/product"}],"about":[{"href":"https:\/\/www.autonvaraosahaku.fi\/index.php?rest_route=\/wp\/v2\/types\/product"}],"wp:attachment":[{"href":"https:\/\/www.autonvaraosahaku.fi\/index.php?rest_route=%2Fwp%2Fv2%2Fmedia&parent=34285"}],"wp:term":[{"taxonomy":"pwb-brand","embeddable":true,"href":"https:\/\/www.autonvaraosahaku.fi\/index.php?rest_route=%2Fwp%2Fv2%2Fpwb-brand&post=34285"},{"taxonomy":"product_cat","embeddable":true,"href":"https:\/\/www.autonvaraosahaku.fi\/index.php?rest_route=%2Fwp%2Fv2%2Fproduct_cat&post=34285"},{"taxonomy":"product_tag","embeddable":true,"href":"https:\/\/www.autonvaraosahaku.fi\/index.php?rest_route=%2Fwp%2Fv2%2Fproduct_tag&post=34285"}],"curies":[{"name":"wp","href":"https:\/\/api.w.org\/{rel}","templated":true}]}}