{"id":34318,"date":"2021-02-21T16:20:54","date_gmt":"2021-02-21T16:20:54","guid":{"rendered":"https:\/\/www.autonvaraosahaku.fi\/?product=lema-gh208-polttoainesuodatin"},"modified":"2021-02-21T16:20:58","modified_gmt":"2021-02-21T16:20:58","slug":"lema-gh208-polttoainesuodatin","status":"publish","type":"product","link":"https:\/\/www.autonvaraosahaku.fi\/?product=lema-gh208-polttoainesuodatin","title":{"rendered":"LEMA GH208 Polttoainesuodatin"},"content":{"rendered":"<p>Ulkol\u00e4pimitta [mm]: 43; Ulkol\u00e4pimitta 1 [mm]: 43; Sis\u00e4\u00e4ntulol\u00e4pimitta [mm]: 8; Ulostulon l\u00e4pimitta [mm]: 8; Korkeus (mm): 108; Suodatintyyppi: Vorfilter; IVECO: DAILY III Pritsche\/Fahrgestell,DAILY III Kasten\/Kombi,DAILY III Bus; CLAAS: ELIOS; NEW HOLLAND: T4 (PowerStar),T4000,T5000,TD4000F,TL-A,TM; CASE IH: FARMALL,QUANTUM; 500318246<\/p>\n","protected":false},"excerpt":{"rendered":"<p>LEMA Polttoainesuodatin GH208  IVECO,CLAAS,NEW HOLLAND,DAILY III Pritsche\/Fahrgestell,DAILY III Kasten\/Kombi,DAILY III Bus,ELIOS,T4 (PowerStar),T4000<\/p>\n","protected":false},"featured_media":0,"template":"","meta":{"site-sidebar-layout":"default","site-content-layout":"default","ast-global-header-display":"","ast-main-header-display":"","ast-hfb-above-header-display":"","ast-hfb-below-header-display":"","ast-hfb-mobile-header-display":"","site-post-title":"","ast-breadcrumbs-content":"","ast-featured-img":"","footer-sml-layout":"","theme-transparent-header-meta":"","adv-header-id-meta":"","stick-header-meta":"","header-above-stick-meta":"","header-main-stick-meta":"","header-below-stick-meta":""},"pwb-brand":[495],"product_cat":[29],"product_tag":[],"class_list":{"0":"post-34318","1":"product","2":"type-product","3":"status-publish","5":"pwb-brand-lema","6":"product_cat-polttoainesuodatin","7":"desktop-align-left","8":"tablet-align-left","9":"mobile-align-left","11":"first","12":"instock","13":"product-type-external"},"brands":[{"id":495,"name":"LEMA","slug":"lema"}],"_links":{"self":[{"href":"https:\/\/www.autonvaraosahaku.fi\/index.php?rest_route=\/wp\/v2\/product\/34318","targetHints":{"allow":["GET"]}}],"collection":[{"href":"https:\/\/www.autonvaraosahaku.fi\/index.php?rest_route=\/wp\/v2\/product"}],"about":[{"href":"https:\/\/www.autonvaraosahaku.fi\/index.php?rest_route=\/wp\/v2\/types\/product"}],"wp:attachment":[{"href":"https:\/\/www.autonvaraosahaku.fi\/index.php?rest_route=%2Fwp%2Fv2%2Fmedia&parent=34318"}],"wp:term":[{"taxonomy":"pwb-brand","embeddable":true,"href":"https:\/\/www.autonvaraosahaku.fi\/index.php?rest_route=%2Fwp%2Fv2%2Fpwb-brand&post=34318"},{"taxonomy":"product_cat","embeddable":true,"href":"https:\/\/www.autonvaraosahaku.fi\/index.php?rest_route=%2Fwp%2Fv2%2Fproduct_cat&post=34318"},{"taxonomy":"product_tag","embeddable":true,"href":"https:\/\/www.autonvaraosahaku.fi\/index.php?rest_route=%2Fwp%2Fv2%2Fproduct_tag&post=34318"}],"curies":[{"name":"wp","href":"https:\/\/api.w.org\/{rel}","templated":true}]}}