{"id":34336,"date":"2021-02-21T16:20:59","date_gmt":"2021-02-21T16:20:59","guid":{"rendered":"https:\/\/www.autonvaraosahaku.fi\/?product=oximo-wa400525-pyyhkijansulat"},"modified":"2021-02-21T16:21:02","modified_gmt":"2021-02-21T16:21:02","slug":"oximo-wa400525-pyyhkijansulat","status":"publish","type":"product","link":"https:\/\/www.autonvaraosahaku.fi\/?product=oximo-wa400525-pyyhkijansulat","title":{"rendered":"OXIMO WA400525 Pyyhkij\u00e4nsulat"},"content":{"rendered":"<p>Asennuspuoli: Edess\u00e4; Pituus 1 (mm): 600; Pituus 2 (mm): 475; M\u00e4\u00e4r\u00e4yksikk\u00f6: Sarja; Pyyhkij\u00e4nsulkatyyppi: Flatblade-pyyhinsulka (rungoton); Valmistusvuoteen: 11\/2004; VW: GOLF V 1K1,JETTA III 1K2; AUDI: A3 8P1,A3 Sportback 8PA; SKODA: OCTAVIA Combi 1Z5,OCTAVIA 1Z3; 51757532, 1K1955426, 1Z1955425A, 8P1955425A; Tuulilasinpyyhkimet,Pyyhkij\u00e4t,Pyyhkij\u00e4nsulka<\/p>\n","protected":false},"excerpt":{"rendered":"<p>OXIMO Pyyhkij\u00e4nsulat WA400525 Tuulilasinpyyhkimet,Pyyhkij\u00e4t VW,AUDI,SKODA,GOLF V 1K1,JETTA III 1K2,A3 8P1,A3 Sportback 8PA,OCTAVIA Combi 1Z5<\/p>\n","protected":false},"featured_media":0,"template":"","meta":{"site-sidebar-layout":"default","site-content-layout":"default","ast-global-header-display":"","ast-main-header-display":"","ast-hfb-above-header-display":"","ast-hfb-below-header-display":"","ast-hfb-mobile-header-display":"","site-post-title":"","ast-breadcrumbs-content":"","ast-featured-img":"","footer-sml-layout":"","theme-transparent-header-meta":"","adv-header-id-meta":"","stick-header-meta":"","header-above-stick-meta":"","header-main-stick-meta":"","header-below-stick-meta":""},"pwb-brand":[382],"product_cat":[33],"product_tag":[],"class_list":{"0":"post-34336","1":"product","2":"type-product","3":"status-publish","5":"pwb-brand-oximo","6":"product_cat-pyyhkijansulat","7":"desktop-align-left","8":"tablet-align-left","9":"mobile-align-left","11":"first","12":"instock","13":"product-type-external"},"brands":[{"id":382,"name":"OXIMO","slug":"oximo"}],"_links":{"self":[{"href":"https:\/\/www.autonvaraosahaku.fi\/index.php?rest_route=\/wp\/v2\/product\/34336","targetHints":{"allow":["GET"]}}],"collection":[{"href":"https:\/\/www.autonvaraosahaku.fi\/index.php?rest_route=\/wp\/v2\/product"}],"about":[{"href":"https:\/\/www.autonvaraosahaku.fi\/index.php?rest_route=\/wp\/v2\/types\/product"}],"wp:attachment":[{"href":"https:\/\/www.autonvaraosahaku.fi\/index.php?rest_route=%2Fwp%2Fv2%2Fmedia&parent=34336"}],"wp:term":[{"taxonomy":"pwb-brand","embeddable":true,"href":"https:\/\/www.autonvaraosahaku.fi\/index.php?rest_route=%2Fwp%2Fv2%2Fpwb-brand&post=34336"},{"taxonomy":"product_cat","embeddable":true,"href":"https:\/\/www.autonvaraosahaku.fi\/index.php?rest_route=%2Fwp%2Fv2%2Fproduct_cat&post=34336"},{"taxonomy":"product_tag","embeddable":true,"href":"https:\/\/www.autonvaraosahaku.fi\/index.php?rest_route=%2Fwp%2Fv2%2Fproduct_tag&post=34336"}],"curies":[{"name":"wp","href":"https:\/\/api.w.org\/{rel}","templated":true}]}}