{"id":34340,"date":"2021-02-21T16:21:04","date_gmt":"2021-02-21T16:21:04","guid":{"rendered":"https:\/\/www.autonvaraosahaku.fi\/?product=oximo-mt375-pyyhkijansulat"},"modified":"2021-02-21T16:21:04","modified_gmt":"2021-02-21T16:21:04","slug":"oximo-mt375-pyyhkijansulat","status":"publish","type":"product","link":"https:\/\/www.autonvaraosahaku.fi\/?product=oximo-mt375-pyyhkijansulat","title":{"rendered":"OXIMO MT375 Pyyhkij\u00e4nsulat"},"content":{"rendered":"<p>Pituus (mm): 375; Pyyhkij\u00e4nsulkatyyppi: Flatblade-pyyhinsulka (rungoton), Flatblade-pyyhinsulka (rungoton); Lis\u00e4adapteri: U,A,B,B1,C,C1,D,E,E1, U,A,B,B1,C,C1,D,E,E1; Asennuspuoli: beifahrerseitig; VW: FOX 5Z1, 5Z3; OPEL: ADAM; FORD: FIESTA VI,RANGER TKE,FIESTA VI Van; FIAT: GRANDE PUNTO 199,PUNTO EVO 199,PUNTO 199,IDEA,PANDA 312,500L,LINEA 323,PUNTO Van 199,500X; TOYOTA: YARIS SCP1_, NLP1_, NCP1_,AVENSIS Station Wagon ZRT27, ADT27,AVENSIS Stufenheck ZRT27, ADT27; CITRO\u00cbN: BERLINGO B9,BERLINGO Kasten B9,BERLINGO Pritsche\/Fahrgestell B9; NISSAN: QASHQAI \/ QASHQAI +2 J10, JJ10; HONDA: JAZZ II GD,CIVIC VII Hatchback EU, EP, EV,CIVIC VII Stufenheck ES; JEEP: WRANGLER III JK; DAIHATSU: TERIOS J1,MOVE L6, L9,MOVE L6_; Tuulilasinpyyhkimet,Pyyhkij\u00e4t,Pyyhkij\u00e4nsulka<\/p>\n","protected":false},"excerpt":{"rendered":"<p>OXIMO Pyyhkij\u00e4nsulat MT375 Tuulilasinpyyhkimet,Pyyhkij\u00e4t VW,OPEL,FORD,FOX 5Z1, 5Z3,ADAM,FIESTA VI,RANGER TKE,FIESTA VI Van,GRANDE PUNTO 199<\/p>\n","protected":false},"featured_media":0,"template":"","meta":{"site-sidebar-layout":"default","site-content-layout":"default","ast-global-header-display":"","ast-main-header-display":"","ast-hfb-above-header-display":"","ast-hfb-below-header-display":"","ast-hfb-mobile-header-display":"","site-post-title":"","ast-breadcrumbs-content":"","ast-featured-img":"","footer-sml-layout":"","theme-transparent-header-meta":"","adv-header-id-meta":"","stick-header-meta":"","header-above-stick-meta":"","header-main-stick-meta":"","header-below-stick-meta":""},"pwb-brand":[382],"product_cat":[33],"product_tag":[],"class_list":{"0":"post-34340","1":"product","2":"type-product","3":"status-publish","5":"pwb-brand-oximo","6":"product_cat-pyyhkijansulat","7":"desktop-align-left","8":"tablet-align-left","9":"mobile-align-left","11":"first","12":"instock","13":"product-type-external"},"brands":[{"id":382,"name":"OXIMO","slug":"oximo"}],"_links":{"self":[{"href":"https:\/\/www.autonvaraosahaku.fi\/index.php?rest_route=\/wp\/v2\/product\/34340","targetHints":{"allow":["GET"]}}],"collection":[{"href":"https:\/\/www.autonvaraosahaku.fi\/index.php?rest_route=\/wp\/v2\/product"}],"about":[{"href":"https:\/\/www.autonvaraosahaku.fi\/index.php?rest_route=\/wp\/v2\/types\/product"}],"wp:attachment":[{"href":"https:\/\/www.autonvaraosahaku.fi\/index.php?rest_route=%2Fwp%2Fv2%2Fmedia&parent=34340"}],"wp:term":[{"taxonomy":"pwb-brand","embeddable":true,"href":"https:\/\/www.autonvaraosahaku.fi\/index.php?rest_route=%2Fwp%2Fv2%2Fpwb-brand&post=34340"},{"taxonomy":"product_cat","embeddable":true,"href":"https:\/\/www.autonvaraosahaku.fi\/index.php?rest_route=%2Fwp%2Fv2%2Fproduct_cat&post=34340"},{"taxonomy":"product_tag","embeddable":true,"href":"https:\/\/www.autonvaraosahaku.fi\/index.php?rest_route=%2Fwp%2Fv2%2Fproduct_tag&post=34340"}],"curies":[{"name":"wp","href":"https:\/\/api.w.org\/{rel}","templated":true}]}}