{"id":34361,"date":"2021-02-21T16:21:08","date_gmt":"2021-02-21T16:21:08","guid":{"rendered":"https:\/\/www.autonvaraosahaku.fi\/?product=topran-621-552-oljynpaineanturi"},"modified":"2021-02-21T16:21:09","modified_gmt":"2021-02-21T16:21:09","slug":"topran-621-552-oljynpaineanturi","status":"publish","type":"product","link":"https:\/\/www.autonvaraosahaku.fi\/?product=topran-621-552-oljynpaineanturi","title":{"rendered":"TOPRAN 621 552 \u00d6ljynpaineanturi"},"content":{"rendered":"<p>Kierrenousu (mm): 1,5; Kierremitta: M 12; Napojen m\u00e4\u00e4r\u00e4: 3; Pistokkeen kotelon muoto: Soikea; K\u00e4ytt\u00f6: Hydraulinen; Korvaava tuote\/korvaava tiedote 2: Tiivisterenkaalla; Moottorinumero: EP6CDT \/ 5F02; OPEL: GRANDLAND X A18; PEUGEOT: 207 WA_, WC_,207 CC WD_,207 SW WK_,208,PARTNER Tepee,2008,PARTNER Kasten,308 II,301,308 SW II,3008 SUV,EXPERT Kasten,5008 II,TRAVELLER; CITRO\u00cbN: BERLINGO B9,C5 III Break TD_,C4 Grand Picasso I UA_,DS3,C3 Picasso,C5 III RD_,C3 II,C4 II B7,BERLINGO Kasten B9,C4 Grand Picasso II,C4 Picasso II,DS4,DS5,C-ELYSEE,C4 CACTUS,JUMPY Kasten,SPACETOURER,C3 III SX,C3 AIRCROSS II; VAUXHALL: GRANDLAND X A18; 1131K8, 9802152780, 9802152780, 1131K8, 9802152780, 9802152780; \u00d6ljynpainekytkin<\/p>\n","protected":false},"excerpt":{"rendered":"<p>TOPRAN \u00d6ljynpaineanturi 621 552 \u00d6ljynpainekytkin OPEL,PEUGEOT,CITRO\u00cbN,GRANDLAND X A18,207 WA_, WC_,207 CC WD_,207 SW WK_,208,PARTNER Tepee,2008<\/p>\n","protected":false},"featured_media":0,"template":"","meta":{"site-sidebar-layout":"default","site-content-layout":"default","ast-global-header-display":"","ast-main-header-display":"","ast-hfb-above-header-display":"","ast-hfb-below-header-display":"","ast-hfb-mobile-header-display":"","site-post-title":"","ast-breadcrumbs-content":"","ast-featured-img":"","footer-sml-layout":"","theme-transparent-header-meta":"","adv-header-id-meta":"","stick-header-meta":"","header-above-stick-meta":"","header-main-stick-meta":"","header-below-stick-meta":""},"pwb-brand":[18],"product_cat":[235],"product_tag":[],"class_list":{"0":"post-34361","1":"product","2":"type-product","3":"status-publish","5":"pwb-brand-topran","6":"product_cat-oljynpaineanturi","7":"desktop-align-left","8":"tablet-align-left","9":"mobile-align-left","11":"first","12":"instock","13":"product-type-external"},"brands":[{"id":18,"name":"TOPRAN","slug":"topran"}],"_links":{"self":[{"href":"https:\/\/www.autonvaraosahaku.fi\/index.php?rest_route=\/wp\/v2\/product\/34361","targetHints":{"allow":["GET"]}}],"collection":[{"href":"https:\/\/www.autonvaraosahaku.fi\/index.php?rest_route=\/wp\/v2\/product"}],"about":[{"href":"https:\/\/www.autonvaraosahaku.fi\/index.php?rest_route=\/wp\/v2\/types\/product"}],"wp:attachment":[{"href":"https:\/\/www.autonvaraosahaku.fi\/index.php?rest_route=%2Fwp%2Fv2%2Fmedia&parent=34361"}],"wp:term":[{"taxonomy":"pwb-brand","embeddable":true,"href":"https:\/\/www.autonvaraosahaku.fi\/index.php?rest_route=%2Fwp%2Fv2%2Fpwb-brand&post=34361"},{"taxonomy":"product_cat","embeddable":true,"href":"https:\/\/www.autonvaraosahaku.fi\/index.php?rest_route=%2Fwp%2Fv2%2Fproduct_cat&post=34361"},{"taxonomy":"product_tag","embeddable":true,"href":"https:\/\/www.autonvaraosahaku.fi\/index.php?rest_route=%2Fwp%2Fv2%2Fproduct_tag&post=34361"}],"curies":[{"name":"wp","href":"https:\/\/api.w.org\/{rel}","templated":true}]}}