{"id":34370,"date":"2021-02-21T16:21:08","date_gmt":"2021-02-21T16:21:08","guid":{"rendered":"https:\/\/www.autonvaraosahaku.fi\/?product=filtron-pp-879-5-polttoainesuodatin"},"modified":"2021-02-21T16:21:10","modified_gmt":"2021-02-21T16:21:10","slug":"filtron-pp-879-5-polttoainesuodatin","status":"publish","type":"product","link":"https:\/\/www.autonvaraosahaku.fi\/?product=filtron-pp-879-5-polttoainesuodatin","title":{"rendered":"FILTRON PP 879\/5 Polttoainesuodatin"},"content":{"rendered":"<p>Korkeus (mm): 193; Kierremitta: M 16 X 1.5; Ulkol\u00e4pimitta 1 [mm]: 98; Sis\u00e4l\u00e4pimitta 1 [mm]: 71; Sis\u00e4l\u00e4pimitta 2 [mm]: 62; Valmistusvuosi alkaen: 01\/2004; IVECO: EUROCARGO I-III,EUROCARGO IV,EuroCargo V,EUROFIRE,STRALIS,STRATOR,TRAKKER; NEW HOLLAND: T5; IRISBUS: ARWAY,CITELIS,CREALIS,CROSSWAY,DOMINO,EURORIDER,EVADYS,MAGELYS; HEULIEZ: GX; CASE IH: FARMALL; ASTRA: HD 7,HD 7-C,HD 8,HD 9; 2992662, 500039731, 500040958<\/p>\n","protected":false},"excerpt":{"rendered":"<p>FILTRON Polttoainesuodatin PP 879\/5  IVECO,NEW HOLLAND,IRISBUS,EUROCARGO I-III,EUROCARGO IV,EuroCargo V,EUROFIRE,STRALIS,STRATOR,TRAKKER,T5,ARWAY<\/p>\n","protected":false},"featured_media":0,"template":"","meta":{"site-sidebar-layout":"default","site-content-layout":"default","ast-global-header-display":"","ast-main-header-display":"","ast-hfb-above-header-display":"","ast-hfb-below-header-display":"","ast-hfb-mobile-header-display":"","site-post-title":"","ast-breadcrumbs-content":"","ast-featured-img":"","footer-sml-layout":"","theme-transparent-header-meta":"","adv-header-id-meta":"","stick-header-meta":"","header-above-stick-meta":"","header-main-stick-meta":"","header-below-stick-meta":""},"pwb-brand":[359],"product_cat":[29],"product_tag":[],"class_list":{"0":"post-34370","1":"product","2":"type-product","3":"status-publish","5":"pwb-brand-filtron","6":"product_cat-polttoainesuodatin","7":"desktop-align-left","8":"tablet-align-left","9":"mobile-align-left","11":"first","12":"instock","13":"product-type-external"},"brands":[{"id":359,"name":"FILTRON","slug":"filtron"}],"_links":{"self":[{"href":"https:\/\/www.autonvaraosahaku.fi\/index.php?rest_route=\/wp\/v2\/product\/34370","targetHints":{"allow":["GET"]}}],"collection":[{"href":"https:\/\/www.autonvaraosahaku.fi\/index.php?rest_route=\/wp\/v2\/product"}],"about":[{"href":"https:\/\/www.autonvaraosahaku.fi\/index.php?rest_route=\/wp\/v2\/types\/product"}],"wp:attachment":[{"href":"https:\/\/www.autonvaraosahaku.fi\/index.php?rest_route=%2Fwp%2Fv2%2Fmedia&parent=34370"}],"wp:term":[{"taxonomy":"pwb-brand","embeddable":true,"href":"https:\/\/www.autonvaraosahaku.fi\/index.php?rest_route=%2Fwp%2Fv2%2Fpwb-brand&post=34370"},{"taxonomy":"product_cat","embeddable":true,"href":"https:\/\/www.autonvaraosahaku.fi\/index.php?rest_route=%2Fwp%2Fv2%2Fproduct_cat&post=34370"},{"taxonomy":"product_tag","embeddable":true,"href":"https:\/\/www.autonvaraosahaku.fi\/index.php?rest_route=%2Fwp%2Fv2%2Fproduct_tag&post=34370"}],"curies":[{"name":"wp","href":"https:\/\/api.w.org\/{rel}","templated":true}]}}