{"id":34387,"date":"2021-02-21T16:21:13","date_gmt":"2021-02-21T16:21:13","guid":{"rendered":"https:\/\/www.autonvaraosahaku.fi\/?product=bugiad-81965-ahdinletku"},"modified":"2021-02-21T16:21:15","modified_gmt":"2021-02-21T16:21:15","slug":"bugiad-81965-ahdinletku","status":"publish","type":"product","link":"https:\/\/www.autonvaraosahaku.fi\/?product=bugiad-81965-ahdinletku","title":{"rendered":"BUGIAD 81965 Ahdinletku"},"content":{"rendered":"<p>Tuotenumerolle: 95383819; Varustelumahdollisuudet: SET 81963+81964, Short Long; Sein\u00e4paksuus [mm]: 5; Ulkol\u00e4pimitta 1 [mm]: 60; Ulkol\u00e4pimitta [mm]: 60; Asennuspuoli: Ahtoilmaj\u00e4\u00e4hdytin, Etu, vasen, Vasen; CHEVROLET: CAPTIVA C100, C140; OPEL: ANTARA; 22737400, 4819364, 4820968, 835107, 835108, 95047790, 95383819, 95909218, 95909219, 22737400, 4819364, 4820968, 835107, 835108, 95047790, 95383819, 95909218, 95909219; Turbon Letkut,Turbon Putket<\/p>\n","protected":false},"excerpt":{"rendered":"<p>BUGIAD Ahdinletku 81965 Turbon Letkut,Turbon Putket CHEVROLET,OPEL,CAPTIVA C100, C140,ANTARA<\/p>\n","protected":false},"featured_media":0,"template":"","meta":{"site-sidebar-layout":"default","site-content-layout":"default","ast-global-header-display":"","ast-main-header-display":"","ast-hfb-above-header-display":"","ast-hfb-below-header-display":"","ast-hfb-mobile-header-display":"","site-post-title":"","ast-breadcrumbs-content":"","ast-featured-img":"","footer-sml-layout":"","theme-transparent-header-meta":"","adv-header-id-meta":"","stick-header-meta":"","header-above-stick-meta":"","header-main-stick-meta":"","header-below-stick-meta":""},"pwb-brand":[373],"product_cat":[113],"product_tag":[],"class_list":{"0":"post-34387","1":"product","2":"type-product","3":"status-publish","5":"pwb-brand-bugiad","6":"product_cat-ahdinletku","7":"desktop-align-left","8":"tablet-align-left","9":"mobile-align-left","11":"first","12":"instock","13":"product-type-external"},"brands":[{"id":373,"name":"BUGIAD","slug":"bugiad"}],"_links":{"self":[{"href":"https:\/\/www.autonvaraosahaku.fi\/index.php?rest_route=\/wp\/v2\/product\/34387","targetHints":{"allow":["GET"]}}],"collection":[{"href":"https:\/\/www.autonvaraosahaku.fi\/index.php?rest_route=\/wp\/v2\/product"}],"about":[{"href":"https:\/\/www.autonvaraosahaku.fi\/index.php?rest_route=\/wp\/v2\/types\/product"}],"wp:attachment":[{"href":"https:\/\/www.autonvaraosahaku.fi\/index.php?rest_route=%2Fwp%2Fv2%2Fmedia&parent=34387"}],"wp:term":[{"taxonomy":"pwb-brand","embeddable":true,"href":"https:\/\/www.autonvaraosahaku.fi\/index.php?rest_route=%2Fwp%2Fv2%2Fpwb-brand&post=34387"},{"taxonomy":"product_cat","embeddable":true,"href":"https:\/\/www.autonvaraosahaku.fi\/index.php?rest_route=%2Fwp%2Fv2%2Fproduct_cat&post=34387"},{"taxonomy":"product_tag","embeddable":true,"href":"https:\/\/www.autonvaraosahaku.fi\/index.php?rest_route=%2Fwp%2Fv2%2Fproduct_tag&post=34387"}],"curies":[{"name":"wp","href":"https:\/\/api.w.org\/{rel}","templated":true}]}}