{"id":34396,"date":"2021-02-21T16:21:13","date_gmt":"2021-02-21T16:21:13","guid":{"rendered":"https:\/\/www.autonvaraosahaku.fi\/?product=mapco-107806-olka-akseli"},"modified":"2021-02-21T16:21:16","modified_gmt":"2021-02-21T16:21:16","slug":"mapco-107806-olka-akseli","status":"publish","type":"product","link":"https:\/\/www.autonvaraosahaku.fi\/?product=mapco-107806-olka-akseli","title":{"rendered":"MAPCO 107806 Olka-akseli"},"content":{"rendered":"<p>Asennuspuoli: Etuakseli, vasen; L\u00e4pimitta [mm]: 92; parilliset tuotenumerot: 107807; Tarvittava kappalem\u00e4\u00e4r\u00e4: 1; AUDI: A6 Avant 4F5, C6,A6 4F2, C6,A6 Allroad 4FH, C6; 4F0257, 4F0407241J, 4F0407253H; Olka-Akseli, Py\u00f6r\u00e4ntuenta<\/p>\n","protected":false},"excerpt":{"rendered":"<p>MAPCO Olka-Akseli 107806 Olka-Akseli, Py\u00f6r\u00e4ntuenta AUDI,A6 Avant 4F5, C6,A6 4F2, C6,A6 Allroad 4FH, C6<\/p>\n","protected":false},"featured_media":0,"template":"","meta":{"site-sidebar-layout":"default","site-content-layout":"default","ast-global-header-display":"","ast-main-header-display":"","ast-hfb-above-header-display":"","ast-hfb-below-header-display":"","ast-hfb-mobile-header-display":"","site-post-title":"","ast-breadcrumbs-content":"","ast-featured-img":"","footer-sml-layout":"","theme-transparent-header-meta":"","adv-header-id-meta":"","stick-header-meta":"","header-above-stick-meta":"","header-main-stick-meta":"","header-below-stick-meta":""},"pwb-brand":[36],"product_cat":[286],"product_tag":[],"class_list":{"0":"post-34396","1":"product","2":"type-product","3":"status-publish","5":"pwb-brand-mapco","6":"product_cat-olka-akseli","7":"desktop-align-left","8":"tablet-align-left","9":"mobile-align-left","11":"first","12":"instock","13":"product-type-external"},"brands":[{"id":36,"name":"MAPCO","slug":"mapco"}],"_links":{"self":[{"href":"https:\/\/www.autonvaraosahaku.fi\/index.php?rest_route=\/wp\/v2\/product\/34396","targetHints":{"allow":["GET"]}}],"collection":[{"href":"https:\/\/www.autonvaraosahaku.fi\/index.php?rest_route=\/wp\/v2\/product"}],"about":[{"href":"https:\/\/www.autonvaraosahaku.fi\/index.php?rest_route=\/wp\/v2\/types\/product"}],"wp:attachment":[{"href":"https:\/\/www.autonvaraosahaku.fi\/index.php?rest_route=%2Fwp%2Fv2%2Fmedia&parent=34396"}],"wp:term":[{"taxonomy":"pwb-brand","embeddable":true,"href":"https:\/\/www.autonvaraosahaku.fi\/index.php?rest_route=%2Fwp%2Fv2%2Fpwb-brand&post=34396"},{"taxonomy":"product_cat","embeddable":true,"href":"https:\/\/www.autonvaraosahaku.fi\/index.php?rest_route=%2Fwp%2Fv2%2Fproduct_cat&post=34396"},{"taxonomy":"product_tag","embeddable":true,"href":"https:\/\/www.autonvaraosahaku.fi\/index.php?rest_route=%2Fwp%2Fv2%2Fproduct_tag&post=34396"}],"curies":[{"name":"wp","href":"https:\/\/api.w.org\/{rel}","templated":true}]}}