{"id":34410,"date":"2021-02-21T16:21:18","date_gmt":"2021-02-21T16:21:18","guid":{"rendered":"https:\/\/www.autonvaraosahaku.fi\/?product=daco-germany-563910-iskunvaimennin"},"modified":"2021-02-21T16:21:20","modified_gmt":"2021-02-21T16:21:20","slug":"daco-germany-563910-iskunvaimennin","status":"publish","type":"product","link":"https:\/\/www.autonvaraosahaku.fi\/?product=daco-germany-563910-iskunvaimennin","title":{"rendered":"DACO Germany 563910 Iskunvaimennin"},"content":{"rendered":"<p>Asennuspuoli: Taka-akseli; Iskunvaimennin tyyppi: Kaasupaine; Iskunvaimennusj\u00e4rjestelm\u00e4: Kaksiputki; Iskunvaimennin asennustapa: Silmukka ylh\u00e4\u00e4ll\u00e4, Silmukka alhaalla; Valmistusvuosi alkaen: 09\/2001; OPEL: VIVARO Kasten F7,VIVARO Combi J7,VIVARO Pritsche\/Fahrgestell E7,VIVARO Combi,VIVARO Kasten,VIVARO Pritsche\/Fahrgestell; RENAULT: TRAFIC II Bus JL,TRAFIC II Kasten FL,TRAFIC II Pritsche\/Fahrgestell EL,TRAFIC III Kasten,TRAFIC III Bus,TRAFIC III Pritsche\/Fahrgestell EG_; FIAT: TALENTO Kasten 296_,TALENTO Bus 296_,TALENTO Pritsche\/Fahrgestell 296_; NISSAN: PRIMASTAR Bus X83,PRIMASTAR Kasten X83; 128851, 5621000Q0C, 5621000Q0E, 5621000QAH, 4413690, 4416915, 4416925, 4416926, 4417173, 4417493, 4417494, 4418209, 4418210, 4431607, 4433060, 4433061, 4433062, 91165837, 91169486, 93198028, 93198029, 93852203, 93858271, 93858272, 93858428, 93858429, 93858430, 93858554, 93858555, 93860706, 93860707, 4408274, 4416914, 7701066495, 7701066496, 7701066497, 8200046851, 8200206026, 8200220121, 8200529680, 8200529682, 8200587187, 8200587188, 8200587191, 8200600877, 8200600878, 8200726567, 8200726572, 93198027; Iskarit,Iskunvaimennin<\/p>\n","protected":false},"excerpt":{"rendered":"<p>DACO Germany Iskunvaimentimet 563910 Iskarit,Iskunvaimennin OPEL,RENAULT,FIAT,VIVARO Kasten F7,VIVARO Combi J7,VIVARO Pritsche\/Fahrgestell E7<\/p>\n","protected":false},"featured_media":0,"template":"","meta":{"site-sidebar-layout":"default","site-content-layout":"default","ast-global-header-display":"","ast-main-header-display":"","ast-hfb-above-header-display":"","ast-hfb-below-header-display":"","ast-hfb-mobile-header-display":"","site-post-title":"","ast-breadcrumbs-content":"","ast-featured-img":"","footer-sml-layout":"","theme-transparent-header-meta":"","adv-header-id-meta":"","stick-header-meta":"","header-above-stick-meta":"","header-main-stick-meta":"","header-below-stick-meta":""},"pwb-brand":[349],"product_cat":[80],"product_tag":[],"class_list":{"0":"post-34410","1":"product","2":"type-product","3":"status-publish","5":"pwb-brand-daco-germany","6":"product_cat-iskunvaimennin","7":"desktop-align-left","8":"tablet-align-left","9":"mobile-align-left","11":"first","12":"instock","13":"product-type-external"},"brands":[{"id":349,"name":"DACO Germany","slug":"daco-germany"}],"_links":{"self":[{"href":"https:\/\/www.autonvaraosahaku.fi\/index.php?rest_route=\/wp\/v2\/product\/34410","targetHints":{"allow":["GET"]}}],"collection":[{"href":"https:\/\/www.autonvaraosahaku.fi\/index.php?rest_route=\/wp\/v2\/product"}],"about":[{"href":"https:\/\/www.autonvaraosahaku.fi\/index.php?rest_route=\/wp\/v2\/types\/product"}],"wp:attachment":[{"href":"https:\/\/www.autonvaraosahaku.fi\/index.php?rest_route=%2Fwp%2Fv2%2Fmedia&parent=34410"}],"wp:term":[{"taxonomy":"pwb-brand","embeddable":true,"href":"https:\/\/www.autonvaraosahaku.fi\/index.php?rest_route=%2Fwp%2Fv2%2Fpwb-brand&post=34410"},{"taxonomy":"product_cat","embeddable":true,"href":"https:\/\/www.autonvaraosahaku.fi\/index.php?rest_route=%2Fwp%2Fv2%2Fproduct_cat&post=34410"},{"taxonomy":"product_tag","embeddable":true,"href":"https:\/\/www.autonvaraosahaku.fi\/index.php?rest_route=%2Fwp%2Fv2%2Fproduct_tag&post=34410"}],"curies":[{"name":"wp","href":"https:\/\/api.w.org\/{rel}","templated":true}]}}