{"id":34415,"date":"2021-02-21T16:21:18","date_gmt":"2021-02-21T16:21:18","guid":{"rendered":"https:\/\/www.autonvaraosahaku.fi\/?product=dakatec-40047w-pissapojan-pumppu"},"modified":"2021-02-21T16:21:21","modified_gmt":"2021-02-21T16:21:21","slug":"dakatec-40047w-pissapojan-pumppu","status":"publish","type":"product","link":"https:\/\/www.autonvaraosahaku.fi\/?product=dakatec-40047w-pissapojan-pumppu","title":{"rendered":"DAKAtec 40047W Pissapojan pumppu"},"content":{"rendered":"<p>K\u00e4ytt\u00f6: S\u00e4hk\u00f6inen; Napojen m\u00e4\u00e4r\u00e4: 2; Nimellisj\u00e4nnite (V): 12; Korvaava tuote\/korvaava tiedote 2: tuulilasinpuhdistukseen; Pumpputyyppi: Pumppu, (monopumppu); Pistokkeen kotelon muoto: suorakulmainen (rectangular); Paino [g]: 100; KIA: PICANTO BA,SPORTAGE SL,SPORTAGE JE_, KM_,PICANTO TA,SPORTAGE K00; HYUNDAI: ix35 LM, EL, ELH,TUCSON JM,VELOSTER FS; 9851025000, 985102S000, 985102S000; Pesurin Pumppu,Lasinpesurin Pumppu,Pesunestepumppu, Lasinpesu<\/p>\n","protected":false},"excerpt":{"rendered":"<p>DAKAtec Pissapojan Pumppu 40047W Pesurin Pumppu,Lasinpesurin Pumppu KIA,HYUNDAI,PICANTO BA,SPORTAGE SL,SPORTAGE JE_, KM_,PICANTO TA,SPORTAGE K00<\/p>\n","protected":false},"featured_media":0,"template":"","meta":{"site-sidebar-layout":"default","site-content-layout":"default","ast-global-header-display":"","ast-main-header-display":"","ast-hfb-above-header-display":"","ast-hfb-below-header-display":"","ast-hfb-mobile-header-display":"","site-post-title":"","ast-breadcrumbs-content":"","ast-featured-img":"","footer-sml-layout":"","theme-transparent-header-meta":"","adv-header-id-meta":"","stick-header-meta":"","header-above-stick-meta":"","header-main-stick-meta":"","header-below-stick-meta":""},"pwb-brand":[283],"product_cat":[182],"product_tag":[],"class_list":{"0":"post-34415","1":"product","2":"type-product","3":"status-publish","5":"pwb-brand-dakatec","6":"product_cat-pissapojan-pumppu","7":"desktop-align-left","8":"tablet-align-left","9":"mobile-align-left","11":"first","12":"instock","13":"product-type-external"},"brands":[{"id":283,"name":"DAKAtec","slug":"dakatec"}],"_links":{"self":[{"href":"https:\/\/www.autonvaraosahaku.fi\/index.php?rest_route=\/wp\/v2\/product\/34415","targetHints":{"allow":["GET"]}}],"collection":[{"href":"https:\/\/www.autonvaraosahaku.fi\/index.php?rest_route=\/wp\/v2\/product"}],"about":[{"href":"https:\/\/www.autonvaraosahaku.fi\/index.php?rest_route=\/wp\/v2\/types\/product"}],"wp:attachment":[{"href":"https:\/\/www.autonvaraosahaku.fi\/index.php?rest_route=%2Fwp%2Fv2%2Fmedia&parent=34415"}],"wp:term":[{"taxonomy":"pwb-brand","embeddable":true,"href":"https:\/\/www.autonvaraosahaku.fi\/index.php?rest_route=%2Fwp%2Fv2%2Fpwb-brand&post=34415"},{"taxonomy":"product_cat","embeddable":true,"href":"https:\/\/www.autonvaraosahaku.fi\/index.php?rest_route=%2Fwp%2Fv2%2Fproduct_cat&post=34415"},{"taxonomy":"product_tag","embeddable":true,"href":"https:\/\/www.autonvaraosahaku.fi\/index.php?rest_route=%2Fwp%2Fv2%2Fproduct_tag&post=34415"}],"curies":[{"name":"wp","href":"https:\/\/api.w.org\/{rel}","templated":true}]}}