{"id":34480,"date":"2021-02-21T16:21:37","date_gmt":"2021-02-21T16:21:37","guid":{"rendered":"https:\/\/www.autonvaraosahaku.fi\/?product=skf-vkdy-323045-raidetangon-sisapaa"},"modified":"2021-02-21T16:21:38","modified_gmt":"2021-02-21T16:21:38","slug":"skf-vkdy-323045-raidetangon-sisapaa","status":"publish","type":"product","link":"https:\/\/www.autonvaraosahaku.fi\/?product=skf-vkdy-323045-raidetangon-sisapaa","title":{"rendered":"SKF VKDY 323045 Raidetangon sis\u00e4p\u00e4\u00e4"},"content":{"rendered":"<p>Pituus (mm): 277; Kierremitta: M16 x 1,5; Kierre 1: M16 x 1,5; parilliset tuotenumerot: VKDY 323045; Asennuspuoli: Vorderachse beidseitig; FIAT: DUCATO Kasten 250,DUCATO Pritsche\/Fahrgestell 250,DUCATO Bus 250; CITRO\u00cbN: JUMPER Kasten,JUMPER Bus,JUMPER Pritsche\/Fahrgestell; PEUGEOT: BOXER Kasten,BOXER Bus,BOXER Pritsche\/Fahrgestell; 1607744580, 1610976380, 1610976480, 1611074980, 1617405980, 4001E4, 4001E4PartOf, 4001E5, 4001E5PartOf, 1359226080, 1369943080, 1372870080, 1385338080, 1607744580, 1610976380, 1610976480, 1611074980, 1617405980, 4001E4, 4001E4PartOf, 4001E5, 4001E5PartOf; Raidetangon P\u00e4\u00e4 Sisempi,Raidetangon P\u00e4\u00e4, Suora<\/p>\n","protected":false},"excerpt":{"rendered":"<p>SKF Raidetangon Sis\u00e4p\u00e4\u00e4 VKDY 323045 Raidetangon P\u00e4\u00e4 Sisempi,Raidetangon P\u00e4\u00e4, Suora FIAT,CITRO\u00cbN,PEUGEOT,DUCATO Kasten 250<\/p>\n","protected":false},"featured_media":0,"template":"","meta":{"site-sidebar-layout":"default","site-content-layout":"default","ast-global-header-display":"","ast-main-header-display":"","ast-hfb-above-header-display":"","ast-hfb-below-header-display":"","ast-hfb-mobile-header-display":"","site-post-title":"","ast-breadcrumbs-content":"","ast-featured-img":"","footer-sml-layout":"","theme-transparent-header-meta":"","adv-header-id-meta":"","stick-header-meta":"","header-above-stick-meta":"","header-main-stick-meta":"","header-below-stick-meta":""},"pwb-brand":[237],"product_cat":[208],"product_tag":[],"class_list":{"0":"post-34480","1":"product","2":"type-product","3":"status-publish","5":"pwb-brand-skf","6":"product_cat-raidetangon-sisapaa","7":"desktop-align-left","8":"tablet-align-left","9":"mobile-align-left","11":"first","12":"instock","13":"product-type-external"},"brands":[{"id":237,"name":"SKF","slug":"skf"}],"_links":{"self":[{"href":"https:\/\/www.autonvaraosahaku.fi\/index.php?rest_route=\/wp\/v2\/product\/34480","targetHints":{"allow":["GET"]}}],"collection":[{"href":"https:\/\/www.autonvaraosahaku.fi\/index.php?rest_route=\/wp\/v2\/product"}],"about":[{"href":"https:\/\/www.autonvaraosahaku.fi\/index.php?rest_route=\/wp\/v2\/types\/product"}],"wp:attachment":[{"href":"https:\/\/www.autonvaraosahaku.fi\/index.php?rest_route=%2Fwp%2Fv2%2Fmedia&parent=34480"}],"wp:term":[{"taxonomy":"pwb-brand","embeddable":true,"href":"https:\/\/www.autonvaraosahaku.fi\/index.php?rest_route=%2Fwp%2Fv2%2Fpwb-brand&post=34480"},{"taxonomy":"product_cat","embeddable":true,"href":"https:\/\/www.autonvaraosahaku.fi\/index.php?rest_route=%2Fwp%2Fv2%2Fproduct_cat&post=34480"},{"taxonomy":"product_tag","embeddable":true,"href":"https:\/\/www.autonvaraosahaku.fi\/index.php?rest_route=%2Fwp%2Fv2%2Fproduct_tag&post=34480"}],"curies":[{"name":"wp","href":"https:\/\/api.w.org\/{rel}","templated":true}]}}