{"id":34493,"date":"2021-02-21T16:21:37","date_gmt":"2021-02-21T16:21:37","guid":{"rendered":"https:\/\/www.autonvaraosahaku.fi\/?product=febi-bilstein-101458-kaasulappakotelo"},"modified":"2021-02-21T16:21:40","modified_gmt":"2021-02-21T16:21:40","slug":"febi-bilstein-101458-kaasulappakotelo","status":"publish","type":"product","link":"https:\/\/www.autonvaraosahaku.fi\/?product=febi-bilstein-101458-kaasulappakotelo","title":{"rendered":"FEBI BILSTEIN 101458 Kaasul\u00e4pp\u00e4kotelo"},"content":{"rendered":"<p>Liittimi\u00e4: 6; K\u00e4ytt\u00f6: S\u00e4hk\u00f6inen; Paino [kg]: 1,33, 1,33; Huomioi tekniset tiedot: ; OPEL: ZAFIRA B A05,ASTRA H Caravan L35,ASTRA H L48,VECTRA C Caravan,ASTRA H GTC L08,SIGNUM,VECTRA C,VECTRA C GTS,ASTRA H Kasten L70; FIAT: GRANDE PUNTO 199,CROMA 194,SEDICI; ALFA ROMEO: 159 Sportwagon 939,159 939; SAAB: 9-3 YS3F,9-3 Kombi YS3F,9-3 Cabriolet YS3F; VAUXHALL: ZAFIRA Mk II B M75,ASTRA Mk V H CC,VECTRA Mk II C CC,ASTRA Mk V H Estate,VECTRA Mk II C Estate,VECTRA Mk II C,SIGNUM,ASTRAVAN Mk V H; 55186519, 55199970, 55186519, 55199970, 05825241, 05825253, 5825241, 5825253, 93186494, 093178706, 093186494, 93178706, 93186494; Kaasul\u00e4pp\u00e4,Kaasul\u00e4p\u00e4n Kotelo<\/p>\n","protected":false},"excerpt":{"rendered":"<p>FEBI BILSTEIN Kaasul\u00e4pp\u00e4kotelo 101458 Kaasul\u00e4pp\u00e4,Kaasul\u00e4p\u00e4n Kotelo OPEL,FIAT,ALFA ROMEO,ZAFIRA B A05,ASTRA H Caravan L35,ASTRA H L48,VECTRA C Caravan<\/p>\n","protected":false},"featured_media":0,"template":"","meta":{"site-sidebar-layout":"default","site-content-layout":"default","ast-global-header-display":"","ast-main-header-display":"","ast-hfb-above-header-display":"","ast-hfb-below-header-display":"","ast-hfb-mobile-header-display":"","site-post-title":"","ast-breadcrumbs-content":"","ast-featured-img":"","footer-sml-layout":"","theme-transparent-header-meta":"","adv-header-id-meta":"","stick-header-meta":"","header-above-stick-meta":"","header-main-stick-meta":"","header-below-stick-meta":""},"pwb-brand":[50],"product_cat":[277],"product_tag":[],"class_list":{"0":"post-34493","1":"product","2":"type-product","3":"status-publish","5":"pwb-brand-febi-bilstein","6":"product_cat-kaasulappakotelo","7":"desktop-align-left","8":"tablet-align-left","9":"mobile-align-left","11":"first","12":"instock","13":"product-type-external"},"brands":[{"id":50,"name":"FEBI BILSTEIN","slug":"febi-bilstein"}],"_links":{"self":[{"href":"https:\/\/www.autonvaraosahaku.fi\/index.php?rest_route=\/wp\/v2\/product\/34493","targetHints":{"allow":["GET"]}}],"collection":[{"href":"https:\/\/www.autonvaraosahaku.fi\/index.php?rest_route=\/wp\/v2\/product"}],"about":[{"href":"https:\/\/www.autonvaraosahaku.fi\/index.php?rest_route=\/wp\/v2\/types\/product"}],"wp:attachment":[{"href":"https:\/\/www.autonvaraosahaku.fi\/index.php?rest_route=%2Fwp%2Fv2%2Fmedia&parent=34493"}],"wp:term":[{"taxonomy":"pwb-brand","embeddable":true,"href":"https:\/\/www.autonvaraosahaku.fi\/index.php?rest_route=%2Fwp%2Fv2%2Fpwb-brand&post=34493"},{"taxonomy":"product_cat","embeddable":true,"href":"https:\/\/www.autonvaraosahaku.fi\/index.php?rest_route=%2Fwp%2Fv2%2Fproduct_cat&post=34493"},{"taxonomy":"product_tag","embeddable":true,"href":"https:\/\/www.autonvaraosahaku.fi\/index.php?rest_route=%2Fwp%2Fv2%2Fproduct_tag&post=34493"}],"curies":[{"name":"wp","href":"https:\/\/api.w.org\/{rel}","templated":true}]}}