{"id":34514,"date":"2021-02-21T16:21:42","date_gmt":"2021-02-21T16:21:42","guid":{"rendered":"https:\/\/www.autonvaraosahaku.fi\/?product=hella-8db-355-003-621-jarrukengat"},"modified":"2021-02-21T16:21:45","modified_gmt":"2021-02-21T16:21:45","slug":"hella-8db-355-003-621-jarrukengat","status":"publish","type":"product","link":"https:\/\/www.autonvaraosahaku.fi\/?product=hella-8db-355-003-621-jarrukengat","title":{"rendered":"HELLA 8DB 355 003-621 Jarrukeng\u00e4t"},"content":{"rendered":"<p>L\u00e4pimitta [mm]: 228,6; Leveys (mm): 42; Lis\u00e4tarvike\/lis\u00e4tieto: Py\u00f6r\u00e4n jarrun sylinterill\u00e4, S\u00e4\u00e4t\u00f6elementill\u00e4; Reik\u00e4-\u00d8 [mm]: 22,22; Asennusmalli: Esiasennettu; Paino [kg]: 2,75; Teknisten tietojen numero: R0085; Tuotelinja: Shoe Kit Pro; CITRO\u00cbN: C15 VD-_,C15 Kombi; 423807, 95624959, 95625020, 423807, 0017582600<\/p>\n","protected":false},"excerpt":{"rendered":"<p>HELLA Jarrukenk\u00e4sarja, Rumpujarru 8DB 355 003-621  CITRO\u00cbN,C15 VD-_,C15 Kombi<\/p>\n","protected":false},"featured_media":0,"template":"","meta":{"site-sidebar-layout":"default","site-content-layout":"default","ast-global-header-display":"","ast-main-header-display":"","ast-hfb-above-header-display":"","ast-hfb-below-header-display":"","ast-hfb-mobile-header-display":"","site-post-title":"","ast-breadcrumbs-content":"","ast-featured-img":"","footer-sml-layout":"","theme-transparent-header-meta":"","adv-header-id-meta":"","stick-header-meta":"","header-above-stick-meta":"","header-main-stick-meta":"","header-below-stick-meta":""},"pwb-brand":[24],"product_cat":[176],"product_tag":[],"class_list":{"0":"post-34514","1":"product","2":"type-product","3":"status-publish","5":"pwb-brand-hella","6":"product_cat-jarrukengat","7":"desktop-align-left","8":"tablet-align-left","9":"mobile-align-left","11":"first","12":"instock","13":"product-type-external"},"brands":[{"id":24,"name":"HELLA","slug":"hella"}],"_links":{"self":[{"href":"https:\/\/www.autonvaraosahaku.fi\/index.php?rest_route=\/wp\/v2\/product\/34514","targetHints":{"allow":["GET"]}}],"collection":[{"href":"https:\/\/www.autonvaraosahaku.fi\/index.php?rest_route=\/wp\/v2\/product"}],"about":[{"href":"https:\/\/www.autonvaraosahaku.fi\/index.php?rest_route=\/wp\/v2\/types\/product"}],"wp:attachment":[{"href":"https:\/\/www.autonvaraosahaku.fi\/index.php?rest_route=%2Fwp%2Fv2%2Fmedia&parent=34514"}],"wp:term":[{"taxonomy":"pwb-brand","embeddable":true,"href":"https:\/\/www.autonvaraosahaku.fi\/index.php?rest_route=%2Fwp%2Fv2%2Fpwb-brand&post=34514"},{"taxonomy":"product_cat","embeddable":true,"href":"https:\/\/www.autonvaraosahaku.fi\/index.php?rest_route=%2Fwp%2Fv2%2Fproduct_cat&post=34514"},{"taxonomy":"product_tag","embeddable":true,"href":"https:\/\/www.autonvaraosahaku.fi\/index.php?rest_route=%2Fwp%2Fv2%2Fproduct_tag&post=34514"}],"curies":[{"name":"wp","href":"https:\/\/api.w.org\/{rel}","templated":true}]}}