{"id":34515,"date":"2021-02-21T16:21:42","date_gmt":"2021-02-21T16:21:42","guid":{"rendered":"https:\/\/www.autonvaraosahaku.fi\/?product=ridex-2s0065-starttimoottori"},"modified":"2021-02-21T16:21:45","modified_gmt":"2021-02-21T16:21:45","slug":"ridex-2s0065-starttimoottori","status":"publish","type":"product","link":"https:\/\/www.autonvaraosahaku.fi\/?product=ridex-2s0065-starttimoottori","title":{"rendered":"RIDEX 2S0065 Starttimoottori"},"content":{"rendered":"<p>Vaihto-osa: ; Nimellisj\u00e4nnite (V): 12; K\u00e4ynnistinmoottori teho (kW): 2; Kiinnitysreikien lukum\u00e4\u00e4r\u00e4: 0; kierrereiki\u00e4 [kpl]: 2; Hammasluku: 11; Liitin: 15a, 50, 30; Laippa \u00d8(mm): 76; Py\u00f6rimissuunta: Py\u00f6rimissuunta my\u00f6t\u00e4p\u00e4iv\u00e4\u00e4n; Hammaspy\u00f6r\u00e4n perusasento [mm]: 21; K\u00e4ynnistintyyppi: Itselaakeroitu; Kierremitta: M10; Kierre 1: M10; Pituus (mm): 230; Asento \/ aste: links; Asennuskulma [Astetta]: 90; Kulmamitta, kitav\u00e4li [aste]: 90; Kulmamitta, kiinnitysreik\u00e4 [aste]: 90; Moottorinumero: 30 6D 2; BMW: 3 E46,5 E60,5 Touring E61,3 Touring E46,X3 E83,3 Coupe E46,X5 E53,3 Cabriolet E46,7 E65, E66, E67; 12412155827, 12412344232, 12417788680, 12417788682, 7788680; Startti,K\u00e4ynnistinmoottori<\/p>\n","protected":false},"excerpt":{"rendered":"<p>RIDEX Starttimoottori 2S0065 Startti,K\u00e4ynnistinmoottori BMW,3 E46,5 E60,5 Touring E61,3 Touring E46,X3 E83,3 Coupe E46,X5 E53,3 Cabriolet E46<\/p>\n","protected":false},"featured_media":0,"template":"","meta":{"site-sidebar-layout":"default","site-content-layout":"default","ast-global-header-display":"","ast-main-header-display":"","ast-hfb-above-header-display":"","ast-hfb-below-header-display":"","ast-hfb-mobile-header-display":"","site-post-title":"","ast-breadcrumbs-content":"","ast-featured-img":"","footer-sml-layout":"","theme-transparent-header-meta":"","adv-header-id-meta":"","stick-header-meta":"","header-above-stick-meta":"","header-main-stick-meta":"","header-below-stick-meta":""},"pwb-brand":[157],"product_cat":[295],"product_tag":[],"class_list":{"0":"post-34515","1":"product","2":"type-product","3":"status-publish","5":"pwb-brand-ridex","6":"product_cat-starttimoottori","7":"desktop-align-left","8":"tablet-align-left","9":"mobile-align-left","11":"first","12":"instock","13":"product-type-external"},"brands":[{"id":157,"name":"RIDEX","slug":"ridex"}],"_links":{"self":[{"href":"https:\/\/www.autonvaraosahaku.fi\/index.php?rest_route=\/wp\/v2\/product\/34515","targetHints":{"allow":["GET"]}}],"collection":[{"href":"https:\/\/www.autonvaraosahaku.fi\/index.php?rest_route=\/wp\/v2\/product"}],"about":[{"href":"https:\/\/www.autonvaraosahaku.fi\/index.php?rest_route=\/wp\/v2\/types\/product"}],"wp:attachment":[{"href":"https:\/\/www.autonvaraosahaku.fi\/index.php?rest_route=%2Fwp%2Fv2%2Fmedia&parent=34515"}],"wp:term":[{"taxonomy":"pwb-brand","embeddable":true,"href":"https:\/\/www.autonvaraosahaku.fi\/index.php?rest_route=%2Fwp%2Fv2%2Fpwb-brand&post=34515"},{"taxonomy":"product_cat","embeddable":true,"href":"https:\/\/www.autonvaraosahaku.fi\/index.php?rest_route=%2Fwp%2Fv2%2Fproduct_cat&post=34515"},{"taxonomy":"product_tag","embeddable":true,"href":"https:\/\/www.autonvaraosahaku.fi\/index.php?rest_route=%2Fwp%2Fv2%2Fproduct_tag&post=34515"}],"curies":[{"name":"wp","href":"https:\/\/api.w.org\/{rel}","templated":true}]}}