{"id":34524,"date":"2021-02-21T16:21:47","date_gmt":"2021-02-21T16:21:47","guid":{"rendered":"https:\/\/www.autonvaraosahaku.fi\/?product=valvoline-868214-vaihteistooljy"},"modified":"2021-02-21T16:21:48","modified_gmt":"2021-02-21T16:21:48","slug":"valvoline-868214-vaihteistooljy","status":"publish","type":"product","link":"https:\/\/www.autonvaraosahaku.fi\/?product=valvoline-868214-vaihteistooljy","title":{"rendered":"Valvoline 868214 Vaihteisto\u00f6ljy"},"content":{"rendered":"<p>Tilavuus (litra): 1; Viskositeettiluokka SAE: 80W-90; Erittely: API GL-5; Valmistajan hyv\u00e4ksym\u00e4: ZF TE-ML 07A, ZF TE-ML 08, ZF TE-ML 24A; Tuotelinja: Light &#038; Heavy Duty; Vaihdelaatikon \u00d6ljy<\/p>\n","protected":false},"excerpt":{"rendered":"<p>Valvoline Vaihteisto\u00f6ljy 868214 Vaihdelaatikon \u00d6ljy<\/p>\n","protected":false},"featured_media":0,"template":"","meta":{"site-sidebar-layout":"default","site-content-layout":"default","ast-global-header-display":"","ast-main-header-display":"","ast-hfb-above-header-display":"","ast-hfb-below-header-display":"","ast-hfb-mobile-header-display":"","site-post-title":"","ast-breadcrumbs-content":"","ast-featured-img":"","footer-sml-layout":"","theme-transparent-header-meta":"","adv-header-id-meta":"","stick-header-meta":"","header-above-stick-meta":"","header-main-stick-meta":"","header-below-stick-meta":""},"pwb-brand":[366],"product_cat":[58],"product_tag":[],"class_list":{"0":"post-34524","1":"product","2":"type-product","3":"status-publish","5":"pwb-brand-valvoline","6":"product_cat-vaihteistooljy","7":"desktop-align-left","8":"tablet-align-left","9":"mobile-align-left","11":"first","12":"instock","13":"product-type-external"},"brands":[{"id":366,"name":"Valvoline","slug":"valvoline"}],"_links":{"self":[{"href":"https:\/\/www.autonvaraosahaku.fi\/index.php?rest_route=\/wp\/v2\/product\/34524","targetHints":{"allow":["GET"]}}],"collection":[{"href":"https:\/\/www.autonvaraosahaku.fi\/index.php?rest_route=\/wp\/v2\/product"}],"about":[{"href":"https:\/\/www.autonvaraosahaku.fi\/index.php?rest_route=\/wp\/v2\/types\/product"}],"wp:attachment":[{"href":"https:\/\/www.autonvaraosahaku.fi\/index.php?rest_route=%2Fwp%2Fv2%2Fmedia&parent=34524"}],"wp:term":[{"taxonomy":"pwb-brand","embeddable":true,"href":"https:\/\/www.autonvaraosahaku.fi\/index.php?rest_route=%2Fwp%2Fv2%2Fpwb-brand&post=34524"},{"taxonomy":"product_cat","embeddable":true,"href":"https:\/\/www.autonvaraosahaku.fi\/index.php?rest_route=%2Fwp%2Fv2%2Fproduct_cat&post=34524"},{"taxonomy":"product_tag","embeddable":true,"href":"https:\/\/www.autonvaraosahaku.fi\/index.php?rest_route=%2Fwp%2Fv2%2Fproduct_tag&post=34524"}],"curies":[{"name":"wp","href":"https:\/\/api.w.org\/{rel}","templated":true}]}}