{"id":34525,"date":"2021-02-21T16:21:47","date_gmt":"2021-02-21T16:21:47","guid":{"rendered":"https:\/\/www.autonvaraosahaku.fi\/?product=denso-dg-655-hehkutulppa"},"modified":"2021-02-21T16:21:48","modified_gmt":"2021-02-21T16:21:48","slug":"denso-dg-655-hehkutulppa","status":"publish","type":"product","link":"https:\/\/www.autonvaraosahaku.fi\/?product=denso-dg-655-hehkutulppa","title":{"rendered":"DENSO DG-655 Hehkutulppa"},"content":{"rendered":"<p>J\u00e4nnite (V): 11; Kartionousu: 93; Kierremitta: M10x1.25; Vastus [Ohm]: 1,3; Kokonaispituus (mm): 167; Avainv\u00e4li: 12; Paino [g]: 50; Kiristysmomentti > [Nm]: 1; Kiristysmomentti enint\u00e4\u00e4n [Nm]: 1,5; OE-numerolle: 1820-A009; MITSUBISHI: PAJERO IV V8_W, V9_W,L 200 KB_T, KA_T,PAJERO IV Van V90, V80,PAJERO CLASSIC V2_W,L 200 Pritsche\/Fahrgestell KA_T, KB_T,PAJERO SPORT II KH_, KG_; 1820A009<\/p>\n","protected":false},"excerpt":{"rendered":"<p>DENSO Hehkutulppa DG-655  MITSUBISHI,PAJERO IV V8_W, V9_W,L 200 KB_T, KA_T,PAJERO IV Van V90, V80,PAJERO CLASSIC V2_W<\/p>\n","protected":false},"featured_media":0,"template":"","meta":{"site-sidebar-layout":"default","site-content-layout":"default","ast-global-header-display":"","ast-main-header-display":"","ast-hfb-above-header-display":"","ast-hfb-below-header-display":"","ast-hfb-mobile-header-display":"","site-post-title":"","ast-breadcrumbs-content":"","ast-featured-img":"","footer-sml-layout":"","theme-transparent-header-meta":"","adv-header-id-meta":"","stick-header-meta":"","header-above-stick-meta":"","header-main-stick-meta":"","header-below-stick-meta":""},"pwb-brand":[278],"product_cat":[52],"product_tag":[],"class_list":{"0":"post-34525","1":"product","2":"type-product","3":"status-publish","5":"pwb-brand-denso","6":"product_cat-hehkutulppa","7":"desktop-align-left","8":"tablet-align-left","9":"mobile-align-left","11":"first","12":"instock","13":"product-type-external"},"brands":[{"id":278,"name":"DENSO","slug":"denso"}],"_links":{"self":[{"href":"https:\/\/www.autonvaraosahaku.fi\/index.php?rest_route=\/wp\/v2\/product\/34525","targetHints":{"allow":["GET"]}}],"collection":[{"href":"https:\/\/www.autonvaraosahaku.fi\/index.php?rest_route=\/wp\/v2\/product"}],"about":[{"href":"https:\/\/www.autonvaraosahaku.fi\/index.php?rest_route=\/wp\/v2\/types\/product"}],"wp:attachment":[{"href":"https:\/\/www.autonvaraosahaku.fi\/index.php?rest_route=%2Fwp%2Fv2%2Fmedia&parent=34525"}],"wp:term":[{"taxonomy":"pwb-brand","embeddable":true,"href":"https:\/\/www.autonvaraosahaku.fi\/index.php?rest_route=%2Fwp%2Fv2%2Fpwb-brand&post=34525"},{"taxonomy":"product_cat","embeddable":true,"href":"https:\/\/www.autonvaraosahaku.fi\/index.php?rest_route=%2Fwp%2Fv2%2Fproduct_cat&post=34525"},{"taxonomy":"product_tag","embeddable":true,"href":"https:\/\/www.autonvaraosahaku.fi\/index.php?rest_route=%2Fwp%2Fv2%2Fproduct_tag&post=34525"}],"curies":[{"name":"wp","href":"https:\/\/api.w.org\/{rel}","templated":true}]}}