{"id":34527,"date":"2021-02-21T16:21:47","date_gmt":"2021-02-21T16:21:47","guid":{"rendered":"https:\/\/www.autonvaraosahaku.fi\/?product=denso-dg-646-hehkutulppa"},"modified":"2021-02-21T16:21:48","modified_gmt":"2021-02-21T16:21:48","slug":"denso-dg-646-hehkutulppa","status":"publish","type":"product","link":"https:\/\/www.autonvaraosahaku.fi\/?product=denso-dg-646-hehkutulppa","title":{"rendered":"DENSO DG-646 Hehkutulppa"},"content":{"rendered":"<p>J\u00e4nnite (V): 11; Kartionousu: 119; Kierremitta: M10x1.25; Vastus [Ohm]: 0,5; Kokonaispituus (mm): 132; Avainv\u00e4li: 12; Paino [g]: 38,6; Kiristysmomentti > [Nm]: 1; Kiristysmomentti enint\u00e4\u00e4n [Nm]: 1,5; Valmistusvuoteen: 08\/2005; SAAB: 9-5 Kombi YS3E,9-5 YS3E; OPEL: VECTRA C Caravan,SIGNUM,VECTRA C,VECTRA C GTS; RENAULT: ESPACE IV JK0\/1_,VEL SATIS BJ0_; VAUXHALL: VECTRA Mk II C CC,VECTRA Mk II C Estate,VECTRA Mk II C,SIGNUM; 1214028, 1214036, 1214079, 97127646, 7701052949, 7701057806, 5954839, 95508492<\/p>\n","protected":false},"excerpt":{"rendered":"<p>DENSO Hehkutulppa DG-646  SAAB,OPEL,RENAULT,9-5 Kombi YS3E,9-5 YS3E,VECTRA C Caravan,SIGNUM,VECTRA C,VECTRA C GTS,ESPACE IV JK0\/1_,VEL SATIS BJ0_<\/p>\n","protected":false},"featured_media":0,"template":"","meta":{"site-sidebar-layout":"default","site-content-layout":"default","ast-global-header-display":"","ast-main-header-display":"","ast-hfb-above-header-display":"","ast-hfb-below-header-display":"","ast-hfb-mobile-header-display":"","site-post-title":"","ast-breadcrumbs-content":"","ast-featured-img":"","footer-sml-layout":"","theme-transparent-header-meta":"","adv-header-id-meta":"","stick-header-meta":"","header-above-stick-meta":"","header-main-stick-meta":"","header-below-stick-meta":""},"pwb-brand":[278],"product_cat":[52],"product_tag":[],"class_list":{"0":"post-34527","1":"product","2":"type-product","3":"status-publish","5":"pwb-brand-denso","6":"product_cat-hehkutulppa","7":"desktop-align-left","8":"tablet-align-left","9":"mobile-align-left","11":"first","12":"instock","13":"product-type-external"},"brands":[{"id":278,"name":"DENSO","slug":"denso"}],"_links":{"self":[{"href":"https:\/\/www.autonvaraosahaku.fi\/index.php?rest_route=\/wp\/v2\/product\/34527","targetHints":{"allow":["GET"]}}],"collection":[{"href":"https:\/\/www.autonvaraosahaku.fi\/index.php?rest_route=\/wp\/v2\/product"}],"about":[{"href":"https:\/\/www.autonvaraosahaku.fi\/index.php?rest_route=\/wp\/v2\/types\/product"}],"wp:attachment":[{"href":"https:\/\/www.autonvaraosahaku.fi\/index.php?rest_route=%2Fwp%2Fv2%2Fmedia&parent=34527"}],"wp:term":[{"taxonomy":"pwb-brand","embeddable":true,"href":"https:\/\/www.autonvaraosahaku.fi\/index.php?rest_route=%2Fwp%2Fv2%2Fpwb-brand&post=34527"},{"taxonomy":"product_cat","embeddable":true,"href":"https:\/\/www.autonvaraosahaku.fi\/index.php?rest_route=%2Fwp%2Fv2%2Fproduct_cat&post=34527"},{"taxonomy":"product_tag","embeddable":true,"href":"https:\/\/www.autonvaraosahaku.fi\/index.php?rest_route=%2Fwp%2Fv2%2Fproduct_tag&post=34527"}],"curies":[{"name":"wp","href":"https:\/\/api.w.org\/{rel}","templated":true}]}}