{"id":34539,"date":"2021-02-21T16:21:52","date_gmt":"2021-02-21T16:21:52","guid":{"rendered":"https:\/\/www.autonvaraosahaku.fi\/?product=yamato-i55094ymt-moottorin-kumityyny"},"modified":"2021-02-21T16:21:52","modified_gmt":"2021-02-21T16:21:52","slug":"yamato-i55094ymt-moottorin-kumityyny","status":"publish","type":"product","link":"https:\/\/www.autonvaraosahaku.fi\/?product=yamato-i55094ymt-moottorin-kumityyny","title":{"rendered":"YAMATO I55094YMT Moottorin kumityyny"},"content":{"rendered":"<p>Lukum\u00e4\u00e4r\u00e4 akselille: 2; Asennuspuoli: Takana; Versio: WKLAD, rowniez MONTERO; Tarvittava kappalem\u00e4\u00e4r\u00e4: 2; MITSUBISHI: PAJERO II V3_W, V2_W, V4_W; MB922857, MB951304, ZPSMS045<\/p>\n","protected":false},"excerpt":{"rendered":"<p>YAMATO Vaihteiston Ripustus I55094YMT  MITSUBISHI,PAJERO II V3_W, V2_W, V4_W<\/p>\n","protected":false},"featured_media":0,"template":"","meta":{"site-sidebar-layout":"default","site-content-layout":"default","ast-global-header-display":"","ast-main-header-display":"","ast-hfb-above-header-display":"","ast-hfb-below-header-display":"","ast-hfb-mobile-header-display":"","site-post-title":"","ast-breadcrumbs-content":"","ast-featured-img":"","footer-sml-layout":"","theme-transparent-header-meta":"","adv-header-id-meta":"","stick-header-meta":"","header-above-stick-meta":"","header-main-stick-meta":"","header-below-stick-meta":""},"pwb-brand":[458],"product_cat":[74],"product_tag":[],"class_list":{"0":"post-34539","1":"product","2":"type-product","3":"status-publish","5":"pwb-brand-yamato","6":"product_cat-moottorin-kumityyny","7":"desktop-align-left","8":"tablet-align-left","9":"mobile-align-left","11":"first","12":"instock","13":"product-type-external"},"brands":[{"id":458,"name":"YAMATO","slug":"yamato"}],"_links":{"self":[{"href":"https:\/\/www.autonvaraosahaku.fi\/index.php?rest_route=\/wp\/v2\/product\/34539","targetHints":{"allow":["GET"]}}],"collection":[{"href":"https:\/\/www.autonvaraosahaku.fi\/index.php?rest_route=\/wp\/v2\/product"}],"about":[{"href":"https:\/\/www.autonvaraosahaku.fi\/index.php?rest_route=\/wp\/v2\/types\/product"}],"wp:attachment":[{"href":"https:\/\/www.autonvaraosahaku.fi\/index.php?rest_route=%2Fwp%2Fv2%2Fmedia&parent=34539"}],"wp:term":[{"taxonomy":"pwb-brand","embeddable":true,"href":"https:\/\/www.autonvaraosahaku.fi\/index.php?rest_route=%2Fwp%2Fv2%2Fpwb-brand&post=34539"},{"taxonomy":"product_cat","embeddable":true,"href":"https:\/\/www.autonvaraosahaku.fi\/index.php?rest_route=%2Fwp%2Fv2%2Fproduct_cat&post=34539"},{"taxonomy":"product_tag","embeddable":true,"href":"https:\/\/www.autonvaraosahaku.fi\/index.php?rest_route=%2Fwp%2Fv2%2Fproduct_tag&post=34539"}],"curies":[{"name":"wp","href":"https:\/\/api.w.org\/{rel}","templated":true}]}}