{"id":34544,"date":"2021-02-21T16:21:52","date_gmt":"2021-02-21T16:21:52","guid":{"rendered":"https:\/\/www.autonvaraosahaku.fi\/?product=miraglio-30-2469-ikkunannostin"},"modified":"2021-02-21T16:21:53","modified_gmt":"2021-02-21T16:21:53","slug":"miraglio-30-2469-ikkunannostin","status":"publish","type":"product","link":"https:\/\/www.autonvaraosahaku.fi\/?product=miraglio-30-2469-ikkunannostin","title":{"rendered":"MIRAGLIO 30\/2469 Ikkunannostin"},"content":{"rendered":"<p>K\u00e4ytt\u00f6: Elektroninen; Lis\u00e4tarvike\/lis\u00e4tieto: Ilman s\u00e4hk\u00f6moottoria; Asennuspuoli: Eteen, vasen; Oviluku: 2; Yhdistelm\u00e4kytkintoiminto: mukavuustoiminnolla; Ikkunannostimet: Kaksoiskisko-vaijeri-ikkunannostin; VW: NEW BEETLE Cabriolet 1Y7; 1Y0837461F; Lasinnostin<\/p>\n","protected":false},"excerpt":{"rendered":"<p>MIRAGLIO Ikkunannostin 30\/2469 Lasinnostin VW,NEW BEETLE Cabriolet 1Y7<\/p>\n","protected":false},"featured_media":0,"template":"","meta":{"site-sidebar-layout":"default","site-content-layout":"default","ast-global-header-display":"","ast-main-header-display":"","ast-hfb-above-header-display":"","ast-hfb-below-header-display":"","ast-hfb-mobile-header-display":"","site-post-title":"","ast-breadcrumbs-content":"","ast-featured-img":"","footer-sml-layout":"","theme-transparent-header-meta":"","adv-header-id-meta":"","stick-header-meta":"","header-above-stick-meta":"","header-main-stick-meta":"","header-below-stick-meta":""},"pwb-brand":[294],"product_cat":[203],"product_tag":[],"class_list":{"0":"post-34544","1":"product","2":"type-product","3":"status-publish","5":"pwb-brand-miraglio","6":"product_cat-ikkunannostin","7":"desktop-align-left","8":"tablet-align-left","9":"mobile-align-left","11":"first","12":"instock","13":"product-type-external"},"brands":[{"id":294,"name":"MIRAGLIO","slug":"miraglio"}],"_links":{"self":[{"href":"https:\/\/www.autonvaraosahaku.fi\/index.php?rest_route=\/wp\/v2\/product\/34544","targetHints":{"allow":["GET"]}}],"collection":[{"href":"https:\/\/www.autonvaraosahaku.fi\/index.php?rest_route=\/wp\/v2\/product"}],"about":[{"href":"https:\/\/www.autonvaraosahaku.fi\/index.php?rest_route=\/wp\/v2\/types\/product"}],"wp:attachment":[{"href":"https:\/\/www.autonvaraosahaku.fi\/index.php?rest_route=%2Fwp%2Fv2%2Fmedia&parent=34544"}],"wp:term":[{"taxonomy":"pwb-brand","embeddable":true,"href":"https:\/\/www.autonvaraosahaku.fi\/index.php?rest_route=%2Fwp%2Fv2%2Fpwb-brand&post=34544"},{"taxonomy":"product_cat","embeddable":true,"href":"https:\/\/www.autonvaraosahaku.fi\/index.php?rest_route=%2Fwp%2Fv2%2Fproduct_cat&post=34544"},{"taxonomy":"product_tag","embeddable":true,"href":"https:\/\/www.autonvaraosahaku.fi\/index.php?rest_route=%2Fwp%2Fv2%2Fproduct_tag&post=34544"}],"curies":[{"name":"wp","href":"https:\/\/api.w.org\/{rel}","templated":true}]}}