{"id":34608,"date":"2021-02-21T16:22:06","date_gmt":"2021-02-21T16:22:06","guid":{"rendered":"https:\/\/www.autonvaraosahaku.fi\/?product=maxgear-72-3137-koiranluu"},"modified":"2021-02-21T16:22:08","modified_gmt":"2021-02-21T16:22:08","slug":"maxgear-72-3137-koiranluu","status":"publish","type":"product","link":"https:\/\/www.autonvaraosahaku.fi\/?product=maxgear-72-3137-koiranluu","title":{"rendered":"MAXGEAR 72-3137 Koiranluu"},"content":{"rendered":"<p>Pituus (mm): 118; Sis\u00e4l\u00e4pimitta [mm]: 10, 10,0; V\u00e4ri: Hopea; Materiaali: Ter\u00e4s; Tanko \/ tuki: Yhdystanko; Asennuspuoli: Taka-akseli, molemminpuolinen; Tarvittava kappalem\u00e4\u00e4r\u00e4: 1; Paino [kg]: 0,31; CHRYSLER: VOYAGER IV RG, RS,VOYAGER III GS,VOYAGER II ES; DODGE: CARAVAN RG_,CARAVAN NS; 05272190, 5272190, 05272190, 5272190; Kallistuksenvakaajan Yhdystanko,Tanko, Kallistuksenvaimennin<\/p>\n","protected":false},"excerpt":{"rendered":"<p>MAXGEAR Koiranluu 72-3137 Kallistuksenvakaajan Yhdystanko,Tanko, Kallistuksenvaimennin CHRYSLER,DODGE,VOYAGER IV RG, RS,VOYAGER III GS,VOYAGER II ES<\/p>\n","protected":false},"featured_media":0,"template":"","meta":{"site-sidebar-layout":"default","site-content-layout":"default","ast-global-header-display":"","ast-main-header-display":"","ast-hfb-above-header-display":"","ast-hfb-below-header-display":"","ast-hfb-mobile-header-display":"","site-post-title":"","ast-breadcrumbs-content":"","ast-featured-img":"","footer-sml-layout":"","theme-transparent-header-meta":"","adv-header-id-meta":"","stick-header-meta":"","header-above-stick-meta":"","header-main-stick-meta":"","header-below-stick-meta":""},"pwb-brand":[48],"product_cat":[38],"product_tag":[],"class_list":{"0":"post-34608","1":"product","2":"type-product","3":"status-publish","5":"pwb-brand-maxgear","6":"product_cat-koiranluu","7":"desktop-align-left","8":"tablet-align-left","9":"mobile-align-left","11":"first","12":"instock","13":"product-type-external"},"brands":[{"id":48,"name":"MAXGEAR","slug":"maxgear"}],"_links":{"self":[{"href":"https:\/\/www.autonvaraosahaku.fi\/index.php?rest_route=\/wp\/v2\/product\/34608","targetHints":{"allow":["GET"]}}],"collection":[{"href":"https:\/\/www.autonvaraosahaku.fi\/index.php?rest_route=\/wp\/v2\/product"}],"about":[{"href":"https:\/\/www.autonvaraosahaku.fi\/index.php?rest_route=\/wp\/v2\/types\/product"}],"wp:attachment":[{"href":"https:\/\/www.autonvaraosahaku.fi\/index.php?rest_route=%2Fwp%2Fv2%2Fmedia&parent=34608"}],"wp:term":[{"taxonomy":"pwb-brand","embeddable":true,"href":"https:\/\/www.autonvaraosahaku.fi\/index.php?rest_route=%2Fwp%2Fv2%2Fpwb-brand&post=34608"},{"taxonomy":"product_cat","embeddable":true,"href":"https:\/\/www.autonvaraosahaku.fi\/index.php?rest_route=%2Fwp%2Fv2%2Fproduct_cat&post=34608"},{"taxonomy":"product_tag","embeddable":true,"href":"https:\/\/www.autonvaraosahaku.fi\/index.php?rest_route=%2Fwp%2Fv2%2Fproduct_tag&post=34608"}],"curies":[{"name":"wp","href":"https:\/\/api.w.org\/{rel}","templated":true}]}}