{"id":34620,"date":"2021-02-21T16:22:11","date_gmt":"2021-02-21T16:22:11","guid":{"rendered":"https:\/\/www.autonvaraosahaku.fi\/?product=maxgear-24-0184-kampiakselin-asentotunnistin"},"modified":"2021-02-21T16:22:12","modified_gmt":"2021-02-21T16:22:12","slug":"maxgear-24-0184-kampiakselin-asentotunnistin","status":"publish","type":"product","link":"https:\/\/www.autonvaraosahaku.fi\/?product=maxgear-24-0184-kampiakselin-asentotunnistin","title":{"rendered":"MAXGEAR 24-0184 Kampiakselin asentotunnistin"},"content":{"rendered":"<p>Tarvittava kappalem\u00e4\u00e4r\u00e4: 2; KIA: CARNIVAL II GQ,CLARUS K9A,CLARUS Kombi GC; SUZUKI: LIANA Schr\u00e4gheck; OPEL: CORSA D,ZAFIRA B A05,ASTRA H Caravan L35,ZAFIRA A F75_,ASTRA G CC F48_, F08_,ASTRA H L48,ASTRA G Caravan F35_,CORSA B 73_, 78_, 79_,ASTRA H GTC L08,ASTRA F CC 53_, 54_, 58_, 59_,ASTRA H TwinTop L67,ASTRA G Cabriolet F67,ASTRA F Caravan 51_, 52_,ASTRA G Coupe F07_,ASTRA G Stufenheck F69_,ASTRA F Cabriolet 53_B,ASTRA F 56_, 57_,TIGRA 95_,ASTRA H Stufenheck L69,COMBO 71_,ASTRA H Kasten L70,ASTRA F CLASSIC CC,ASTRA F CLASSIC Stufenheck,ASTRA F CLASSIC Caravan,CORSA B Kasten 73_,ASTRA G Kasten F70,ASTRA F Van 55_; VAUXHALL: CORSA Mk III D L_8,ZAFIRA Mk II B M75,ASTRA Mk V H CC,ZAFIRA Mk I A F75,ASTRA Mk V H Estate,ASTRA Mk V H Convertible,ASTRA Mk IV G CC,ASTRA Mk III F CC,CORSA Mk I B,ASTRA Mk IV G Sedan,ASTRA Mk III F Estate,ASTRAVAN Mk V H,ASTRAVAN Mk IV G,ASTRA Mk IV G Coupe F67,COMBO Mk I B,TIGRA Mk I F07,ASTRAVAN Mk III F,ASTRA Mk IV G Convertible,ASTRA Mk IV G Estate; 9947855, 8941160A030, 93741836, 8941160A030, 9947855, 45584H1070, 9947855<\/p>\n","protected":false},"excerpt":{"rendered":"<p>MAXGEAR K\u00e4yntinopeusanturi 24-0184  KIA,SUZUKI,OPEL,CARNIVAL II GQ,CLARUS K9A,CLARUS Kombi GC,LIANA Schr\u00e4gheck,CORSA D,ZAFIRA B A05<\/p>\n","protected":false},"featured_media":0,"template":"","meta":{"site-sidebar-layout":"default","site-content-layout":"default","ast-global-header-display":"","ast-main-header-display":"","ast-hfb-above-header-display":"","ast-hfb-below-header-display":"","ast-hfb-mobile-header-display":"","site-post-title":"","ast-breadcrumbs-content":"","ast-featured-img":"","footer-sml-layout":"","theme-transparent-header-meta":"","adv-header-id-meta":"","stick-header-meta":"","header-above-stick-meta":"","header-main-stick-meta":"","header-below-stick-meta":""},"pwb-brand":[48],"product_cat":[184],"product_tag":[],"class_list":{"0":"post-34620","1":"product","2":"type-product","3":"status-publish","5":"pwb-brand-maxgear","6":"product_cat-kampiakselin-asentotunnistin","7":"desktop-align-left","8":"tablet-align-left","9":"mobile-align-left","11":"first","12":"instock","13":"product-type-external"},"brands":[{"id":48,"name":"MAXGEAR","slug":"maxgear"}],"_links":{"self":[{"href":"https:\/\/www.autonvaraosahaku.fi\/index.php?rest_route=\/wp\/v2\/product\/34620","targetHints":{"allow":["GET"]}}],"collection":[{"href":"https:\/\/www.autonvaraosahaku.fi\/index.php?rest_route=\/wp\/v2\/product"}],"about":[{"href":"https:\/\/www.autonvaraosahaku.fi\/index.php?rest_route=\/wp\/v2\/types\/product"}],"wp:attachment":[{"href":"https:\/\/www.autonvaraosahaku.fi\/index.php?rest_route=%2Fwp%2Fv2%2Fmedia&parent=34620"}],"wp:term":[{"taxonomy":"pwb-brand","embeddable":true,"href":"https:\/\/www.autonvaraosahaku.fi\/index.php?rest_route=%2Fwp%2Fv2%2Fpwb-brand&post=34620"},{"taxonomy":"product_cat","embeddable":true,"href":"https:\/\/www.autonvaraosahaku.fi\/index.php?rest_route=%2Fwp%2Fv2%2Fproduct_cat&post=34620"},{"taxonomy":"product_tag","embeddable":true,"href":"https:\/\/www.autonvaraosahaku.fi\/index.php?rest_route=%2Fwp%2Fv2%2Fproduct_tag&post=34620"}],"curies":[{"name":"wp","href":"https:\/\/api.w.org\/{rel}","templated":true}]}}