{"id":34625,"date":"2021-02-21T16:22:11","date_gmt":"2021-02-21T16:22:11","guid":{"rendered":"https:\/\/www.autonvaraosahaku.fi\/?product=dayco-dp180-vesipumppu"},"modified":"2021-02-21T16:22:13","modified_gmt":"2021-02-21T16:22:13","slug":"dayco-dp180-vesipumppu","status":"publish","type":"product","link":"https:\/\/www.autonvaraosahaku.fi\/?product=dayco-dp180-vesipumppu","title":{"rendered":"DAYCO DP180 Vesipumppu"},"content":{"rendered":"<p>Hihnapy\u00f6r\u00e4-\u00d8[mm]: 71,0; Korkeus 1 (mm): 30,0; Paino [kg]: 0,8; Moottorinumero: A20DTR; CHEVROLET: MALIBU V300; JEEP: RENEGADE Gel\u00e4ndewagen geschlossen BU,CHEROKEE KL; SAAB: 9-3 YS3F,9-5 Kombi YS3E,9-3 Kombi YS3F,9-5 YS3E,9-3 Cabriolet YS3F,9-5 YS3G; SUZUKI: SX4 EY, GY; OPEL: ZAFIRA B A05,ASTRA H Caravan L35,ASTRA H L48,ASTRA J Sports Tourer,INSIGNIA Caravan,VECTRA C Caravan,ASTRA J,ASTRA H GTC L08,SIGNUM,VECTRA C,ZAFIRA TOURER C P12,VECTRA C GTS,ASTRA H TwinTop L67,INSIGNIA,INSIGNIA Stufenheck,ASTRA GTC J,CASCADA W13,COMBO Kasten\/Kombi X12,COMBO Tour X12,INSIGNIA A Country Tourer G09; LANCIA: DELTA III 844,MUSA 350,THESIS 841AX; FIAT: GRANDE PUNTO 199,DUCATO Kasten 250,STILO 192,BRAVO II 198,DUCATO Pritsche\/Fahrgestell 250,FREEMONT JF_,PUNTO EVO 199,DUCATO Bus 250,STILO Multi Wagon 192,CROMA 194,DOBLO Kasten\/Kombi 263,IDEA,SEDICI,500L,DOBLO Gro\u00dfraumlimousine 152, 263,LINEA 323,DOBLO Pritsche\/Fahrgestell 263,500X,TIPO Schr\u00e4gheck 356_,TIPO Kombi 356_,TIPO Stufenheck 356_; ALFA ROMEO: 147 937,159 Sportwagon 939,156 Sportwagon 932,GIULIETTA 940,MITO 955,156 932,159 939,GT 937,166 936,BRERA,SPIDER 939,GIULIA 952_,STELVIO 949_; CADILLAC: BLS,BLS Wagon; VAUXHALL: INSIGNIA Mk I A,ZAFIRA Mk II B M75,ASTRA Mk V H CC,VECTRA Mk II C CC,INSIGNIA Mk I A Estate,ASTRA Mk V H Estate,ZAFIRA Mk III P12,VECTRA Mk II C Estate,ASTRA Mk V H Convertible,VECTRA Mk II C,ASTRA Mk VI J CC,ASTRA Mk VI J,INSIGNIA Mk I A Sedan,SIGNUM,ASTRA Mk VI J Estate,ASTRAVAN Mk V H,INSIGNIA Mk I A Country Tourer G09,COMBO Mk III D Kasten\/Kombi; 46804051, 55209993, 55262155, 55268918, 55269148, PA10017, PA10184, 46345839, 46804051, 55209993, 55268918, 55269148, 55269148, 46804051, 55209993, 55268918, 55269148, 1334147, 1334153, 1334242, 1334284, 93179114, 93191762, 95528976, 55568637, 93191762, 1740079J80, 1334147, 1334153, 55488983, 93179114, 93191762<\/p>\n","protected":false},"excerpt":{"rendered":"<p>DAYCO Vesipumppu DP180  CHEVROLET,JEEP,SAAB,MALIBU V300,RENEGADE Gel\u00e4ndewagen geschlossen BU,CHEROKEE KL,9-3 YS3F,9-5 Kombi YS3E,9-3 Kombi YS3F<\/p>\n","protected":false},"featured_media":0,"template":"","meta":{"site-sidebar-layout":"default","site-content-layout":"default","ast-global-header-display":"","ast-main-header-display":"","ast-hfb-above-header-display":"","ast-hfb-below-header-display":"","ast-hfb-mobile-header-display":"","site-post-title":"","ast-breadcrumbs-content":"","ast-featured-img":"","footer-sml-layout":"","theme-transparent-header-meta":"","adv-header-id-meta":"","stick-header-meta":"","header-above-stick-meta":"","header-main-stick-meta":"","header-below-stick-meta":""},"pwb-brand":[305],"product_cat":[279],"product_tag":[],"class_list":{"0":"post-34625","1":"product","2":"type-product","3":"status-publish","5":"pwb-brand-dayco","6":"product_cat-vesipumppu","7":"desktop-align-left","8":"tablet-align-left","9":"mobile-align-left","11":"first","12":"instock","13":"product-type-external"},"brands":[{"id":305,"name":"DAYCO","slug":"dayco"}],"_links":{"self":[{"href":"https:\/\/www.autonvaraosahaku.fi\/index.php?rest_route=\/wp\/v2\/product\/34625","targetHints":{"allow":["GET"]}}],"collection":[{"href":"https:\/\/www.autonvaraosahaku.fi\/index.php?rest_route=\/wp\/v2\/product"}],"about":[{"href":"https:\/\/www.autonvaraosahaku.fi\/index.php?rest_route=\/wp\/v2\/types\/product"}],"wp:attachment":[{"href":"https:\/\/www.autonvaraosahaku.fi\/index.php?rest_route=%2Fwp%2Fv2%2Fmedia&parent=34625"}],"wp:term":[{"taxonomy":"pwb-brand","embeddable":true,"href":"https:\/\/www.autonvaraosahaku.fi\/index.php?rest_route=%2Fwp%2Fv2%2Fpwb-brand&post=34625"},{"taxonomy":"product_cat","embeddable":true,"href":"https:\/\/www.autonvaraosahaku.fi\/index.php?rest_route=%2Fwp%2Fv2%2Fproduct_cat&post=34625"},{"taxonomy":"product_tag","embeddable":true,"href":"https:\/\/www.autonvaraosahaku.fi\/index.php?rest_route=%2Fwp%2Fv2%2Fproduct_tag&post=34625"}],"curies":[{"name":"wp","href":"https:\/\/api.w.org\/{rel}","templated":true}]}}