{"id":34626,"date":"2021-02-21T16:22:11","date_gmt":"2021-02-21T16:22:11","guid":{"rendered":"https:\/\/www.autonvaraosahaku.fi\/?product=elwis-royal-8442660-kampiakselin-tiiviste"},"modified":"2021-02-21T16:22:13","modified_gmt":"2021-02-21T16:22:13","slug":"elwis-royal-8442660-kampiakselin-tiiviste","status":"publish","type":"product","link":"https:\/\/www.autonvaraosahaku.fi\/?product=elwis-royal-8442660-kampiakselin-tiiviste","title":{"rendered":"ELWIS ROYAL 8442660 Kampiakselin tiiviste"},"content":{"rendered":"<p>Asennuspuoli: Etup\u00e4\u00e4; Tarvittava kappalem\u00e4\u00e4r\u00e4: 1; Leveys (mm): 7; Materiaali: FPM (fluori-kumi); Sis\u00e4l\u00e4pimitta [mm]: 42; Ulkol\u00e4pimitta [mm]: 55; JEEP: COMPASS MK49,PATRIOT MK74; SUZUKI: WAGON R; CHEVROLET: CAPTIVA C100, C140,ORLANDO J309,CRUZE J300,CRUZE Station Wagon J308,AVEO Schr\u00e4gheck T300,CRUZE Schr\u00e4gheck J305,TRAX,AVEO Stufenheck T300,MALIBU V300,HHR,VOLT,CAMARO,CAMARO Convertible,MALIBU; KIA: SPORTAGE SL,SORENTO II XM,CARENS III UN,MAGENTIS MG,OPTIMA,CERATO II Stufenheck TD,SORENTO III,OPTIMA Sportswagon,CERATO YD Stufenheck,CERATO KOUP TD; CHRYSLER: SEBRING JS,SEBRING Cabriolet JS; LANCIA: FLAVIA Cabriolet JS; OPEL: CORSA D,CORSA C F08, F68,ZAFIRA B A05,ASTRA H Caravan L35,MERIVA,ZAFIRA A F75_,ASTRA G CC F48_, F08_,ASTRA H L48,ASTRA J Sports Tourer,ASTRA G Caravan F35_,CORSA B 73_, 78_, 79_,INSIGNIA Caravan,VECTRA C Caravan,ASTRA J,ASTRA H GTC L08,MERIVA B,SIGNUM,VECTRA C,AGILA A H00,ZAFIRA TOURER C P12,VECTRA B 36_,MOKKA,ADAM,VECTRA C GTS,ANTARA,TIGRA TwinTop,VECTRA B Caravan 31_,ASTRA H TwinTop L67,INSIGNIA,ASTRA G Cabriolet F67,INSIGNIA Stufenheck,FRONTERA B 6B_,ASTRA G Coupe F07_,COMBO Kasten\/Kombi,ASTRA G Stufenheck F69_,ASTRA GTC J,VECTRA B CC 38_,COMBO Tour,ASTRA J Stufenheck,CORSA D Van,GT Cabriolet,CASCADA W13,CORSA C Kasten F08, W5L,ASTRA H Stufenheck L69,ASTRA H Kasten L70,SPEEDSTER,MONTEREY A UBS_,AMPERA,ASTRA G Kasten F70,MONTEREY B,CORSA E,INSIGNIA A Country Tourer G09,CORSA E Van,INSIGNIA CC,ASTRA CLASSIC Caravan,ASTRA CLASSIC L48,INSIGNIA B Country Tourer Z18; TOYOTA: HILUX VI Pick-up _N1_,4 RUNNER RN10_, VZN13_, VZN10_, RN13_; HYUNDAI: ix35 LM, EL, ELH,SANTA F\u00c9 II CM,H-1 Travel TQ,SONATA V NF,SANTA F\u00c9 III DM,GENESIS Coupe,H-1 Cargo TQ,GRANDEUR TG,SONATA VI YF,i30 PDE,GRANDEUR HG; SAAB: 9-3 YS3F,9-3 Kombi YS3F,9-3 Cabriolet YS3F,9-5 YS3G,9-3X; 71739386, 71739386, 2142125000, 2142125001, 2142125002, 1052A149, 1052A809, 25193519, 638199, 90571925, 1611584E00; Akselitiiviste, Kampiakseli<\/p>\n","protected":false},"excerpt":{"rendered":"<p>ELWIS ROYAL Kampiakselin Tiiviste 8442660 Akselitiiviste, Kampiakseli JEEP,SUZUKI,CHEVROLET,COMPASS MK49,PATRIOT MK74,WAGON R,CAPTIVA C100, C140<\/p>\n","protected":false},"featured_media":0,"template":"","meta":{"site-sidebar-layout":"default","site-content-layout":"default","ast-global-header-display":"","ast-main-header-display":"","ast-hfb-above-header-display":"","ast-hfb-below-header-display":"","ast-hfb-mobile-header-display":"","site-post-title":"","ast-breadcrumbs-content":"","ast-featured-img":"","footer-sml-layout":"","theme-transparent-header-meta":"","adv-header-id-meta":"","stick-header-meta":"","header-above-stick-meta":"","header-main-stick-meta":"","header-below-stick-meta":""},"pwb-brand":[120],"product_cat":[88],"product_tag":[],"class_list":{"0":"post-34626","1":"product","2":"type-product","3":"status-publish","5":"pwb-brand-elwis-royal","6":"product_cat-kampiakselin-tiiviste","7":"desktop-align-left","8":"tablet-align-left","9":"mobile-align-left","11":"first","12":"instock","13":"product-type-external"},"brands":[{"id":120,"name":"ELWIS ROYAL","slug":"elwis-royal"}],"_links":{"self":[{"href":"https:\/\/www.autonvaraosahaku.fi\/index.php?rest_route=\/wp\/v2\/product\/34626","targetHints":{"allow":["GET"]}}],"collection":[{"href":"https:\/\/www.autonvaraosahaku.fi\/index.php?rest_route=\/wp\/v2\/product"}],"about":[{"href":"https:\/\/www.autonvaraosahaku.fi\/index.php?rest_route=\/wp\/v2\/types\/product"}],"wp:attachment":[{"href":"https:\/\/www.autonvaraosahaku.fi\/index.php?rest_route=%2Fwp%2Fv2%2Fmedia&parent=34626"}],"wp:term":[{"taxonomy":"pwb-brand","embeddable":true,"href":"https:\/\/www.autonvaraosahaku.fi\/index.php?rest_route=%2Fwp%2Fv2%2Fpwb-brand&post=34626"},{"taxonomy":"product_cat","embeddable":true,"href":"https:\/\/www.autonvaraosahaku.fi\/index.php?rest_route=%2Fwp%2Fv2%2Fproduct_cat&post=34626"},{"taxonomy":"product_tag","embeddable":true,"href":"https:\/\/www.autonvaraosahaku.fi\/index.php?rest_route=%2Fwp%2Fv2%2Fproduct_tag&post=34626"}],"curies":[{"name":"wp","href":"https:\/\/api.w.org\/{rel}","templated":true}]}}