{"id":34632,"date":"2021-02-21T16:22:11","date_gmt":"2021-02-21T16:22:11","guid":{"rendered":"https:\/\/www.autonvaraosahaku.fi\/?product=trw-df6757-jarrulevyt"},"modified":"2021-02-21T16:22:14","modified_gmt":"2021-02-21T16:22:14","slug":"trw-df6757-jarrulevyt","status":"publish","type":"product","link":"https:\/\/www.autonvaraosahaku.fi\/?product=trw-df6757-jarrulevyt","title":{"rendered":"TRW DF6757 Jarrulevyt"},"content":{"rendered":"<p>Jarrulevytyyppi: Tuuletettu; Reikien m\u00e4\u00e4r\u00e4: 5; Ulkol\u00e4pimitta [mm]: 294; keskitt\u00e4misl\u00e4pimitta [mm]: 67; Korkeus (mm): 45,2; Jarrulevyn paksuus (mm): 22; V\u00e4himm\u00e4ispaksuus (mm): 20,4; Reik\u00e4ympyr\u00e4-\u00d8 [mm]: 112; Kierre 1: 16,8; kierre 2: 12,7; V\u00e4ri: Musta; Pinta: Lakattu; Tarkistuskilpi: E1 90R-02 C0176\/0490; Asennuspuoli: Vorderachse; BMW: 2 Active Tourer F45,2 Gran Tourer F46,X2 F39; MINI: MINI F56,MINI F55,MINI CLUBMAN F54,MINI Cabriolet F57,MINI COUNTRYMAN F60; 34116866297, 6866297, 34116866297, 6866297; Jarrulevy<\/p>\n","protected":false},"excerpt":{"rendered":"<p>TRW Jarrulevyt DF6757 Jarrulevy BMW,MINI,2 Active Tourer F45,2 Gran Tourer F46,X2 F39,MINI F56,MINI F55,MINI CLUBMAN F54,MINI Cabriolet F57<\/p>\n","protected":false},"featured_media":0,"template":"","meta":{"site-sidebar-layout":"default","site-content-layout":"default","ast-global-header-display":"","ast-main-header-display":"","ast-hfb-above-header-display":"","ast-hfb-below-header-display":"","ast-hfb-mobile-header-display":"","site-post-title":"","ast-breadcrumbs-content":"","ast-featured-img":"","footer-sml-layout":"","theme-transparent-header-meta":"","adv-header-id-meta":"","stick-header-meta":"","header-above-stick-meta":"","header-main-stick-meta":"","header-below-stick-meta":""},"pwb-brand":[332],"product_cat":[66],"product_tag":[],"class_list":{"0":"post-34632","1":"product","2":"type-product","3":"status-publish","5":"pwb-brand-trw","6":"product_cat-jarrulevyt","7":"desktop-align-left","8":"tablet-align-left","9":"mobile-align-left","11":"first","12":"instock","13":"product-type-external"},"brands":[{"id":332,"name":"TRW","slug":"trw"}],"_links":{"self":[{"href":"https:\/\/www.autonvaraosahaku.fi\/index.php?rest_route=\/wp\/v2\/product\/34632","targetHints":{"allow":["GET"]}}],"collection":[{"href":"https:\/\/www.autonvaraosahaku.fi\/index.php?rest_route=\/wp\/v2\/product"}],"about":[{"href":"https:\/\/www.autonvaraosahaku.fi\/index.php?rest_route=\/wp\/v2\/types\/product"}],"wp:attachment":[{"href":"https:\/\/www.autonvaraosahaku.fi\/index.php?rest_route=%2Fwp%2Fv2%2Fmedia&parent=34632"}],"wp:term":[{"taxonomy":"pwb-brand","embeddable":true,"href":"https:\/\/www.autonvaraosahaku.fi\/index.php?rest_route=%2Fwp%2Fv2%2Fpwb-brand&post=34632"},{"taxonomy":"product_cat","embeddable":true,"href":"https:\/\/www.autonvaraosahaku.fi\/index.php?rest_route=%2Fwp%2Fv2%2Fproduct_cat&post=34632"},{"taxonomy":"product_tag","embeddable":true,"href":"https:\/\/www.autonvaraosahaku.fi\/index.php?rest_route=%2Fwp%2Fv2%2Fproduct_tag&post=34632"}],"curies":[{"name":"wp","href":"https:\/\/api.w.org\/{rel}","templated":true}]}}