{"id":34642,"date":"2021-02-21T16:22:17","date_gmt":"2021-02-21T16:22:17","guid":{"rendered":"https:\/\/www.autonvaraosahaku.fi\/?product=maxgear-82-0041-jarrusatula"},"modified":"2021-02-21T16:22:18","modified_gmt":"2021-02-21T16:22:18","slug":"maxgear-82-0041-jarrusatula","status":"publish","type":"product","link":"https:\/\/www.autonvaraosahaku.fi\/?product=maxgear-82-0041-jarrusatula","title":{"rendered":"MAXGEAR 82-0041 Jarrusatula"},"content":{"rendered":"<p>Vaihto-osa: ; Sylinterim\u00e4nn\u00e4n halkaisija [mm]: 38,1, 38; Leveys, sis\u00e4 (mm): 44, 55; Materiaali: Alumiinivalu, Alumiini; Jarrusatulatyyppi: Jarrusatula, sis. rak. jarrusatulalla, Jarrusatula (1-m\u00e4nt\u00e4); Valmistaja rajaus: LUCAS, TRW; L\u00e4pimitta [mm]: 38; Jarrulevypaksuudelle [mm]: 9; Jarrulevyl\u00e4pimitalle [mm]: 230; \u00d8-kaapelia varten [mm]: 7; Asennuspuoli: Hinterachse; VW: GOLF IV 1J1,POLO 9N_,POLO 6R, 6C,GOLF IV Variant 1J5,NEW BEETLE 9C1, 1C1,NEW BEETLE Cabriolet 1Y7,POLO Stufenheck 9A4,GOLF IV Van 1J1; AUDI: A3 8L1,TT 8N3,A1 8X1, 8XF,TT Roadster 8N9,A1 Sportback 8XA, 8XK; SKODA: FABIA Combi 6Y5,FABIA,FABIA 6Y2,FABIA Combi,ROOMSTER 5J,RAPID Spaceback NH1,FABIA Stufenheck 6Y3,ROOMSTER Praktik 5J,RAPID NH3,FABIA Praktik,FABIA NJ3,FABIA Kombi NJ5; SEAT: IBIZA IV 6L1,IBIZA V 6J5, 6P5,LEON 1M1,IBIZA V ST 6J8, 6P8,TOLEDO II 1M2,IBIZA V SPORTCOUPE 6J1, 6P1,CORDOBA 6L2,TOLEDO IV KG3; 1J0615424D, 1J0615424F, 1J0615424H, 6R0615424, 6R0615424A, 8N0615424D, 1J0615424D, 1J0615424F, 1J0615424H, 6R0615424, 6R0615424A, 1J0615424D, 1J0615424F, 1J0615424H, 6R0615424, 6R0615424A, 1J0615424D, 1J0615424F, 1J0615424H, 6R0615424, 6R0615424A, 8N0615424D<\/p>\n","protected":false},"excerpt":{"rendered":"<p>MAXGEAR Jarrusatula 82-0041  VW,AUDI,SKODA,GOLF IV 1J1,POLO 9N_,POLO 6R, 6C,GOLF IV Variant 1J5,NEW BEETLE 9C1, 1C1,NEW BEETLE Cabriolet 1Y7<\/p>\n","protected":false},"featured_media":0,"template":"","meta":{"site-sidebar-layout":"default","site-content-layout":"default","ast-global-header-display":"","ast-main-header-display":"","ast-hfb-above-header-display":"","ast-hfb-below-header-display":"","ast-hfb-mobile-header-display":"","site-post-title":"","ast-breadcrumbs-content":"","ast-featured-img":"","footer-sml-layout":"","theme-transparent-header-meta":"","adv-header-id-meta":"","stick-header-meta":"","header-above-stick-meta":"","header-main-stick-meta":"","header-below-stick-meta":""},"pwb-brand":[48],"product_cat":[177],"product_tag":[],"class_list":{"0":"post-34642","1":"product","2":"type-product","3":"status-publish","5":"pwb-brand-maxgear","6":"product_cat-jarrusatula","7":"desktop-align-left","8":"tablet-align-left","9":"mobile-align-left","11":"first","12":"instock","13":"product-type-external"},"brands":[{"id":48,"name":"MAXGEAR","slug":"maxgear"}],"_links":{"self":[{"href":"https:\/\/www.autonvaraosahaku.fi\/index.php?rest_route=\/wp\/v2\/product\/34642","targetHints":{"allow":["GET"]}}],"collection":[{"href":"https:\/\/www.autonvaraosahaku.fi\/index.php?rest_route=\/wp\/v2\/product"}],"about":[{"href":"https:\/\/www.autonvaraosahaku.fi\/index.php?rest_route=\/wp\/v2\/types\/product"}],"wp:attachment":[{"href":"https:\/\/www.autonvaraosahaku.fi\/index.php?rest_route=%2Fwp%2Fv2%2Fmedia&parent=34642"}],"wp:term":[{"taxonomy":"pwb-brand","embeddable":true,"href":"https:\/\/www.autonvaraosahaku.fi\/index.php?rest_route=%2Fwp%2Fv2%2Fpwb-brand&post=34642"},{"taxonomy":"product_cat","embeddable":true,"href":"https:\/\/www.autonvaraosahaku.fi\/index.php?rest_route=%2Fwp%2Fv2%2Fproduct_cat&post=34642"},{"taxonomy":"product_tag","embeddable":true,"href":"https:\/\/www.autonvaraosahaku.fi\/index.php?rest_route=%2Fwp%2Fv2%2Fproduct_tag&post=34642"}],"curies":[{"name":"wp","href":"https:\/\/api.w.org\/{rel}","templated":true}]}}