{"id":34678,"date":"2021-02-21T16:22:22","date_gmt":"2021-02-21T16:22:22","guid":{"rendered":"https:\/\/www.autonvaraosahaku.fi\/?product=vaico-v20-3002-imusarja"},"modified":"2021-02-21T16:22:25","modified_gmt":"2021-02-21T16:22:25","slug":"vaico-v20-3002-imusarja","status":"publish","type":"product","link":"https:\/\/www.autonvaraosahaku.fi\/?product=vaico-v20-3002-imusarja","title":{"rendered":"VAICO V20-3002 Imusarja"},"content":{"rendered":"<p>Lis\u00e4tarvike\/lis\u00e4tieto: Tiivisteill\u00e4; Paino [kg]: 5,014; Pakkausleveys [cm]: 36,3; Pakkauskorkeus [mm]: 20,5; Pakkaussyvyys [cm]: 52,5; lis\u00e4tieto: CST99; Moottorinumero: M57N2; BMW: 3 Touring E91,3 E90,5 E39,5 E60,5 Touring E61,X3 E83,5 Touring E39,X5 E70,X5 E53,3 Coupe E92,3 Cabriolet E93,X6 E71, E72,6 E63,6 Cabriolet E64; 11617790701, 11617800585, 7790701, 7800585<\/p>\n","protected":false},"excerpt":{"rendered":"<p>VAICO Imusarjamoduli V20-3002  BMW,3 Touring E91,3 E90,5 E39,5 E60,5 Touring E61,X3 E83,5 Touring E39,X5 E70,X5 E53,3 Coupe E92,3 Cabriolet E93<\/p>\n","protected":false},"featured_media":0,"template":"","meta":{"site-sidebar-layout":"default","site-content-layout":"default","ast-global-header-display":"","ast-main-header-display":"","ast-hfb-above-header-display":"","ast-hfb-below-header-display":"","ast-hfb-mobile-header-display":"","site-post-title":"","ast-breadcrumbs-content":"","ast-featured-img":"","footer-sml-layout":"","theme-transparent-header-meta":"","adv-header-id-meta":"","stick-header-meta":"","header-above-stick-meta":"","header-main-stick-meta":"","header-below-stick-meta":""},"pwb-brand":[330],"product_cat":[350],"product_tag":[],"class_list":{"0":"post-34678","1":"product","2":"type-product","3":"status-publish","5":"pwb-brand-vaico","6":"product_cat-imusarja","7":"desktop-align-left","8":"tablet-align-left","9":"mobile-align-left","11":"first","12":"instock","13":"product-type-external"},"brands":[{"id":330,"name":"VAICO","slug":"vaico"}],"_links":{"self":[{"href":"https:\/\/www.autonvaraosahaku.fi\/index.php?rest_route=\/wp\/v2\/product\/34678","targetHints":{"allow":["GET"]}}],"collection":[{"href":"https:\/\/www.autonvaraosahaku.fi\/index.php?rest_route=\/wp\/v2\/product"}],"about":[{"href":"https:\/\/www.autonvaraosahaku.fi\/index.php?rest_route=\/wp\/v2\/types\/product"}],"wp:attachment":[{"href":"https:\/\/www.autonvaraosahaku.fi\/index.php?rest_route=%2Fwp%2Fv2%2Fmedia&parent=34678"}],"wp:term":[{"taxonomy":"pwb-brand","embeddable":true,"href":"https:\/\/www.autonvaraosahaku.fi\/index.php?rest_route=%2Fwp%2Fv2%2Fpwb-brand&post=34678"},{"taxonomy":"product_cat","embeddable":true,"href":"https:\/\/www.autonvaraosahaku.fi\/index.php?rest_route=%2Fwp%2Fv2%2Fproduct_cat&post=34678"},{"taxonomy":"product_tag","embeddable":true,"href":"https:\/\/www.autonvaraosahaku.fi\/index.php?rest_route=%2Fwp%2Fv2%2Fproduct_tag&post=34678"}],"curies":[{"name":"wp","href":"https:\/\/api.w.org\/{rel}","templated":true}]}}