{"id":34783,"date":"2021-02-21T16:22:50","date_gmt":"2021-02-21T16:22:50","guid":{"rendered":"https:\/\/www.autonvaraosahaku.fi\/?product=ridex-288r0017-laturin-jannitteensaadin"},"modified":"2021-02-21T16:22:51","modified_gmt":"2021-02-21T16:22:51","slug":"ridex-288r0017-laturin-jannitteensaadin","status":"publish","type":"product","link":"https:\/\/www.autonvaraosahaku.fi\/?product=ridex-288r0017-laturin-jannitteensaadin","title":{"rendered":"RIDEX 288R0017 Laturin j\u00e4nnitteens\u00e4\u00e4din"},"content":{"rendered":"<p>TECDOC-moottorinumero: 24770; VW: GOLF IV 1J1,POLO 9N_,PASSAT Variant 3B6,TRANSPORTER IV Bus 70XB, 70XC, 7DB, 7DW,LUPO 6X1, 6E1,GOLF III 1H1,GOLF IV Variant 1J5,SHARAN 7M8, 7M9, 7M6,POLO 6N2,PASSAT Variant 3B5,TRANSPORTER V Bus 7HB, 7HJ, 7EB, 7EJ, 7EF,FOX 5Z1, 5Z3,TOUAREG 7LA, 7L6, 7L7,MULTIVAN V 7HM, 7HN, 7HF, 7EF, 7EM, 7EN,PASSAT Variant 3A5, 35I,BORA 1J2,PASSAT 3B2,TRANSPORTER IV Kasten 70XA,TRANSPORTER V Kasten 7HA, 7HH, 7EA, 7EH,NEW BEETLE 9C1, 1C1,PASSAT 3B3,BORA Kombi 1J6,GOLF III Variant 1H5,POLO 86C, 80,NEW BEETLE Cabriolet 1Y7,PASSAT 3A2, 35I,CADDY II Kasten 9K9A,TRANSPORTER IV Pritsche\/Fahrgestell 70XD,POLO Variant 6KV5,POLO CLASSIC 6KV2,VENTO 1H2,LT 28-35 I Kasten 281-363,LT 28-46 II Kasten 2DA, 2DD, 2DH,TRANSPORTER V Pritsche\/Fahrgestell 7JD, 7JE, 7JL, 7JY, 7JZ,,POLO Kasten 6NF,TARO,LT 28-35 II Bus 2DB, 2DE, 2DK,POLO Stufenheck 9A4,LT 28-46 II Pritsche\/Fahrgestell 2DC, 2DF, 2DG, 2DL, 2DM,CADDY II Kombi 9K9B,TRANSPORTER III Pritsche\/Fahrgestell,1500,1600 Variant 36,JETTA I 16,1500,1600 31; AUDI: A3 8L1,A4 8D2, B5,A4 Avant 8ED, B7,A4 Avant 8E5, B6,A6 Avant 4B5, C5,A4 Avant 8D5, B5,A4 8E2, B6,A2 8Z0,A6 4B2, C5,A4 8EC, B7,TT 8N3,TT Roadster 8N9; MERCEDES-BENZ: C-CLASS W203,C-CLASS T-Model S203,SLK R170,E-CLASS W210,C-CLASS Coupe CL203,M-CLASS W163,E-CLASS Kombi S210,SLK R171,CLK C208,CLK C209,C-CLASS Kombi S202,CLK Cabriolet A208,CLK Cabriolet A209,SPRINTER 3-t Kasten 903,SPRINTER 2-t Kasten 901, 902,SPRINTER 3-t Bus 903,SPRINTER 3-t Pritsche\/Fahrgestell 903,T1 Pritsche\/Fahrgestell 602,T1 Kasten 602,T1 Pritsche\/Fahrgestell 601,SPRINTER 2-t Pritsche\/Fahrgestell 901, 902; BMW: 5 E12; FORD: GALAXY WGR,SIERRA Schr\u00e4gheck GBC, GBG,TRANSIT Kasten T_ _,TRANSIT Bus T_ _,TRANSIT Kasten V_ _; RENAULT: 19 I B\/C53_; FIAT: DUCATO Kasten 250,DUCATO Pritsche\/Fahrgestell 250,DUCATO Bus 250,DUCATO Kasten 244,DUCATO Pritsche\/Fahrgestell 244,DUCATO Bus 244, Z_; SKODA: FABIA Combi 6Y5,FABIA,FABIA 6Y2,OCTAVIA Combi 1U5,FABIA Combi,ROOMSTER 5J,OCTAVIA 1U2,SUPERB 3U4,FABIA Stufenheck 6Y3,FABIA Praktik; PEUGEOT: 406 Break 8E\/F,PARTNER Combispace 5F,406 8B,806 221; SEAT: IBIZA IV 6L1,LEON 1M1,AROSA 6H,ALHAMBRA 7V8, 7V9,IBIZA II 6K1,TOLEDO II 1M2,CORDOBA 6K1, 6K2,CORDOBA Vario 6K1,CORDOBA 6L2,INCA 6K9; 77364088, 42533813, 42534878, 42553814, 42559751, 0001543205, 0001543705, 0001544505, 0031542406, 0031545306, 0121542702, A0001543205, A0001543705, A0001544505, A0031542406, A0031545306, A0121542702, 00004320637, 5001850026, 5001850026; Laturin S\u00e4\u00e4din,J\u00e4nniteens\u00e4\u00e4din<\/p>\n","protected":false},"excerpt":{"rendered":"<p>RIDEX Laturin J\u00e4nnitteens\u00e4\u00e4din 288R0017 Laturin S\u00e4\u00e4din,J\u00e4nniteens\u00e4\u00e4din VW,AUDI,MERCEDES-BENZ,GOLF IV 1J1,POLO 9N_,PASSAT Variant 3B6<\/p>\n","protected":false},"featured_media":0,"template":"","meta":{"site-sidebar-layout":"default","site-content-layout":"default","ast-global-header-display":"","ast-main-header-display":"","ast-hfb-above-header-display":"","ast-hfb-below-header-display":"","ast-hfb-mobile-header-display":"","site-post-title":"","ast-breadcrumbs-content":"","ast-featured-img":"","footer-sml-layout":"","theme-transparent-header-meta":"","adv-header-id-meta":"","stick-header-meta":"","header-above-stick-meta":"","header-main-stick-meta":"","header-below-stick-meta":""},"pwb-brand":[157],"product_cat":[420],"product_tag":[],"class_list":{"0":"post-34783","1":"product","2":"type-product","3":"status-publish","5":"pwb-brand-ridex","6":"product_cat-laturin-jannitteensaadin","7":"desktop-align-left","8":"tablet-align-left","9":"mobile-align-left","11":"first","12":"instock","13":"product-type-external"},"brands":[{"id":157,"name":"RIDEX","slug":"ridex"}],"_links":{"self":[{"href":"https:\/\/www.autonvaraosahaku.fi\/index.php?rest_route=\/wp\/v2\/product\/34783","targetHints":{"allow":["GET"]}}],"collection":[{"href":"https:\/\/www.autonvaraosahaku.fi\/index.php?rest_route=\/wp\/v2\/product"}],"about":[{"href":"https:\/\/www.autonvaraosahaku.fi\/index.php?rest_route=\/wp\/v2\/types\/product"}],"wp:attachment":[{"href":"https:\/\/www.autonvaraosahaku.fi\/index.php?rest_route=%2Fwp%2Fv2%2Fmedia&parent=34783"}],"wp:term":[{"taxonomy":"pwb-brand","embeddable":true,"href":"https:\/\/www.autonvaraosahaku.fi\/index.php?rest_route=%2Fwp%2Fv2%2Fpwb-brand&post=34783"},{"taxonomy":"product_cat","embeddable":true,"href":"https:\/\/www.autonvaraosahaku.fi\/index.php?rest_route=%2Fwp%2Fv2%2Fproduct_cat&post=34783"},{"taxonomy":"product_tag","embeddable":true,"href":"https:\/\/www.autonvaraosahaku.fi\/index.php?rest_route=%2Fwp%2Fv2%2Fproduct_tag&post=34783"}],"curies":[{"name":"wp","href":"https:\/\/api.w.org\/{rel}","templated":true}]}}