{"id":34784,"date":"2021-02-21T16:22:50","date_gmt":"2021-02-21T16:22:50","guid":{"rendered":"https:\/\/www.autonvaraosahaku.fi\/?product=denckermann-b111033-jarrupalat"},"modified":"2021-02-21T16:22:52","modified_gmt":"2021-02-21T16:22:52","slug":"denckermann-b111033-jarrupalat","status":"publish","type":"product","link":"https:\/\/www.autonvaraosahaku.fi\/?product=denckermann-b111033-jarrupalat","title":{"rendered":"DENCKERMANN B111033 Jarrupalat"},"content":{"rendered":"<p>Asennuspuoli: Taka-akseli; Korkeus (mm): 41, 41; Jarruj\u00e4rjestelm\u00e4: Mando, Mando; M\u00e4\u00e4r\u00e4yksikk\u00f6: Akselisarja; Valmistusvuosi alkaen: 10\/2010; KIA: SPORTAGE SL,CEE&#8217;D SW ED,CEE&#8217;D Schr\u00e4gheck ED,SPORTAGE JE_, KM_,RIO II JB,PRO CEE&#8217;D ED,RIO II Stufenheck JB; HYUNDAI: ix35 LM, EL, ELH,i30 FD,i20 PB, PBT,i30 CW FD,i30 CW GD,SONATA V NF,ACCENT III MC,ACCENT III Stufenheck MC; Jarrupalasarja,Jarrupala, Levyjarru<\/p>\n","protected":false},"excerpt":{"rendered":"<p>DENCKERMANN Jarrupalat B111033 Jarrupalasarja,Jarrupala, Levyjarru KIA,HYUNDAI,SPORTAGE SL,CEE&#8217;D SW ED,CEE&#8217;D Schr\u00e4gheck ED,SPORTAGE JE_, KM_<\/p>\n","protected":false},"featured_media":0,"template":"","meta":{"site-sidebar-layout":"default","site-content-layout":"default","ast-global-header-display":"","ast-main-header-display":"","ast-hfb-above-header-display":"","ast-hfb-below-header-display":"","ast-hfb-mobile-header-display":"","site-post-title":"","ast-breadcrumbs-content":"","ast-featured-img":"","footer-sml-layout":"","theme-transparent-header-meta":"","adv-header-id-meta":"","stick-header-meta":"","header-above-stick-meta":"","header-main-stick-meta":"","header-below-stick-meta":""},"pwb-brand":[291],"product_cat":[100],"product_tag":[],"class_list":{"0":"post-34784","1":"product","2":"type-product","3":"status-publish","5":"pwb-brand-denckermann","6":"product_cat-jarrupalat","7":"desktop-align-left","8":"tablet-align-left","9":"mobile-align-left","11":"first","12":"instock","13":"product-type-external"},"brands":[{"id":291,"name":"DENCKERMANN","slug":"denckermann"}],"_links":{"self":[{"href":"https:\/\/www.autonvaraosahaku.fi\/index.php?rest_route=\/wp\/v2\/product\/34784","targetHints":{"allow":["GET"]}}],"collection":[{"href":"https:\/\/www.autonvaraosahaku.fi\/index.php?rest_route=\/wp\/v2\/product"}],"about":[{"href":"https:\/\/www.autonvaraosahaku.fi\/index.php?rest_route=\/wp\/v2\/types\/product"}],"wp:attachment":[{"href":"https:\/\/www.autonvaraosahaku.fi\/index.php?rest_route=%2Fwp%2Fv2%2Fmedia&parent=34784"}],"wp:term":[{"taxonomy":"pwb-brand","embeddable":true,"href":"https:\/\/www.autonvaraosahaku.fi\/index.php?rest_route=%2Fwp%2Fv2%2Fpwb-brand&post=34784"},{"taxonomy":"product_cat","embeddable":true,"href":"https:\/\/www.autonvaraosahaku.fi\/index.php?rest_route=%2Fwp%2Fv2%2Fproduct_cat&post=34784"},{"taxonomy":"product_tag","embeddable":true,"href":"https:\/\/www.autonvaraosahaku.fi\/index.php?rest_route=%2Fwp%2Fv2%2Fproduct_tag&post=34784"}],"curies":[{"name":"wp","href":"https:\/\/api.w.org\/{rel}","templated":true}]}}