{"id":34835,"date":"2021-02-21T16:23:00","date_gmt":"2021-02-21T16:23:00","guid":{"rendered":"https:\/\/www.autonvaraosahaku.fi\/?product=topran-723-592-oljypohja"},"modified":"2021-02-21T16:23:03","modified_gmt":"2021-02-21T16:23:03","slug":"topran-723-592-oljypohja","status":"publish","type":"product","link":"https:\/\/www.autonvaraosahaku.fi\/?product=topran-723-592-oljypohja","title":{"rendered":"TOPRAN 723 592 \u00d6ljypohja"},"content":{"rendered":"<p>\u00d6ljypohjan materiaali: Ter\u00e4slevy; Lis\u00e4tarvike\/lis\u00e4tieto: \u00d6ljynp\u00e4\u00e4st\u00f6ruuvilla; Korvaava tuote\/korvaava tiedote 2: Tiivisterenkaalla; Moottorinumero: Y650; MAZDA: 3 BK,2 DE,3 BL,5 CW,3 Stufenheck BK,3 Stufenheck BL; VOLVO: V50 MW,V70 III BW,C30,V60,S40 II MS,V40 Schr\u00e4gheck,S80 II AS,S60 II; OPEL: CROSSLAND X,GRANDLAND X A18; MINI: MINI R56,MINI CLUBMAN R55; FORD: FOCUS III Turnier,FOCUS C-MAX,FOCUS III,C-MAX II,B-MAX JK,FOCUS III Stufenheck,TOURNEO CONNECT \/ GRAND TOURNEO CONNECT Kombi,TRANSIT CONNECT Kasten,TRANSIT COURIER Kasten,TRANSIT COURIER Kombi; TOYOTA: AYGO WNB1_, KGB1_; CITRO\u00cbN: C1 PM_, PN_,BERLINGO MF,XSARA PICASSO N68,C2 JM_,C3 I FC_,BERLINGO B9,C5 III Break TD_,C4 Grand Picasso I UA_,C4 I LC_,DS3,BERLINGO Kasten M_,C3 Picasso,C5 III RD_,C3 II,C3 Pluriel HB_,C4 II B7,BERLINGO Kasten B9,C4 Grand Picasso II,C4 Picasso II,DS4,NEMO Kasten AA_,DS5,C4 AIRCROSS,NEMO Kombi,C-ELYSEE,C4 CACTUS,C3 III SX,C3 AIRCROSS II; PEUGEOT: 206 CC 2D,207 WA_, WC_,307 SW 3H,207 CC WD_,407 SW 6E_,307 3A\/C,207 SW WK_,107,308 SW,206 SW 2E\/K,208,308 4A_, 4C_,5008,307 Break 3E,508 SW,407 6D_,3008,PARTNER Tepee,1007 KM_,PARTNER Combispace 5F,2008,PARTNER Kasten 5,508,PARTNER Kasten,BIPPER AA_,308 II,BIPPER Tepee,4008,301,308 SW II,3008 SUV,5008 II; DS: DS 3,DS5,DS 4 \/ DS 4 CROSSBACK,DS 3 Cabriolet; VAUXHALL: CROSSLAND X,GRANDLAND X A18; 0301N1, 9813973280, 0301N1, 9813973280, 1145961, 1152192, 1232358, 1342630, 2S6Q6675AA, 2S6Q6675AB, 2S6Q6675AC, 2S6Q6675AD, Y40110400B, 11137804899, 7804899, 3553681, 3642522, 9813973280, 0301N1, 9813973280, SU00100578, SU001A7715, SU001A7716, 3553681, 3642522, 9813973280, 30750166<\/p>\n","protected":false},"excerpt":{"rendered":"<p>TOPRAN \u00d6ljypohja 723 592  MAZDA,VOLVO,OPEL,3 BK,2 DE,3 BL,5 CW,3 Stufenheck BK,3 Stufenheck BL,V50 MW,V70 III BW,C30,V60,S40 II MS,V40 Schr\u00e4gheck<\/p>\n","protected":false},"featured_media":0,"template":"","meta":{"site-sidebar-layout":"default","site-content-layout":"default","ast-global-header-display":"","ast-main-header-display":"","ast-hfb-above-header-display":"","ast-hfb-below-header-display":"","ast-hfb-mobile-header-display":"","site-post-title":"","ast-breadcrumbs-content":"","ast-featured-img":"","footer-sml-layout":"","theme-transparent-header-meta":"","adv-header-id-meta":"","stick-header-meta":"","header-above-stick-meta":"","header-main-stick-meta":"","header-below-stick-meta":""},"pwb-brand":[18],"product_cat":[225],"product_tag":[],"class_list":{"0":"post-34835","1":"product","2":"type-product","3":"status-publish","5":"pwb-brand-topran","6":"product_cat-oljypohja","7":"desktop-align-left","8":"tablet-align-left","9":"mobile-align-left","11":"first","12":"instock","13":"product-type-external"},"brands":[{"id":18,"name":"TOPRAN","slug":"topran"}],"_links":{"self":[{"href":"https:\/\/www.autonvaraosahaku.fi\/index.php?rest_route=\/wp\/v2\/product\/34835","targetHints":{"allow":["GET"]}}],"collection":[{"href":"https:\/\/www.autonvaraosahaku.fi\/index.php?rest_route=\/wp\/v2\/product"}],"about":[{"href":"https:\/\/www.autonvaraosahaku.fi\/index.php?rest_route=\/wp\/v2\/types\/product"}],"wp:attachment":[{"href":"https:\/\/www.autonvaraosahaku.fi\/index.php?rest_route=%2Fwp%2Fv2%2Fmedia&parent=34835"}],"wp:term":[{"taxonomy":"pwb-brand","embeddable":true,"href":"https:\/\/www.autonvaraosahaku.fi\/index.php?rest_route=%2Fwp%2Fv2%2Fpwb-brand&post=34835"},{"taxonomy":"product_cat","embeddable":true,"href":"https:\/\/www.autonvaraosahaku.fi\/index.php?rest_route=%2Fwp%2Fv2%2Fproduct_cat&post=34835"},{"taxonomy":"product_tag","embeddable":true,"href":"https:\/\/www.autonvaraosahaku.fi\/index.php?rest_route=%2Fwp%2Fv2%2Fproduct_tag&post=34835"}],"curies":[{"name":"wp","href":"https:\/\/api.w.org\/{rel}","templated":true}]}}