{"id":34836,"date":"2021-02-21T16:23:00","date_gmt":"2021-02-21T16:23:00","guid":{"rendered":"https:\/\/www.autonvaraosahaku.fi\/?product=valeo-832427-kytkinpaketti"},"modified":"2021-02-21T16:23:04","modified_gmt":"2021-02-21T16:23:04","slug":"valeo-832427-kytkinpaketti","status":"publish","type":"product","link":"https:\/\/www.autonvaraosahaku.fi\/?product=valeo-832427-kytkinpaketti","title":{"rendered":"VALEO 832427 Kytkinpaketti"},"content":{"rendered":"<p>Uusi osa: ; Lis\u00e4tarvike\/lis\u00e4tieto: Painelevyll\u00e4; Ulkol\u00e4pimitta [mm]: 235; Ty\u00f6nt\u00f6voima [N]: 5500; Korvaava tuote\/korvaava tiedote 2: Kytkinlevyll\u00e4, irroitinlaakerilla; Ulkol\u00e4pimitta 1 [mm]: 235; Hammasluku: 18; Napaprofiili: 21 x 18; Paino [kg]: 6,1; Valmistusvuosi alkaen: 09\/2010; FIAT: SCUDO 270_,SCUDO Kasten 270_; CITRO\u00cbN: BERLINGO B9,C4 Picasso I UD_,C4 Grand Picasso I UA_,DS3,BERLINGO Kasten M_,C3 Picasso,C3 II,C4 II B7,JUMPY,BERLINGO Kasten B9,JUMPY Kasten,C4 Picasso II,DS4,DS3 Cabriolet,BERLINGO Pritsche\/Fahrgestell B9,C-ELYSEE,JUMPY Pritsche\/Fahrgestell; PEUGEOT: 207 WA_, WC_,207 CC WD_,207 SW WK_,308 SW,208,308 4A_, 4C_,PARTNER Tepee,308 CC,2008,PARTNER Kasten 5,EXPERT Kasten VF3A_, VF3U_, VF3X_,PARTNER Kasten,308 II,301,308 SW II,207 Van,EXPERT Pritsche\/Fahrgestell,PARTNER Pritsche\/Fahrgestell,408,208 Kasten; 1606876580, 1611268880, 1611273080, 1611273280, 2052N6, 2052P7, 2052Z0, 2052Z2, 1606876580, 1606876580, 1611268880, 1611273080, 1611273280, 205292, 2052K3, 2052N8, 2052P7, 2052Z0, 2052Z2; Kytkinsarja<\/p>\n","protected":false},"excerpt":{"rendered":"<p>VALEO Kytkinpaketti KIT3P 832427 Kytkinsarja FIAT,CITRO\u00cbN,PEUGEOT,SCUDO 270_,SCUDO Kasten 270_,BERLINGO B9,C4 Picasso I UD_,C4 Grand Picasso I UA_,DS3<\/p>\n","protected":false},"featured_media":0,"template":"","meta":{"site-sidebar-layout":"default","site-content-layout":"default","ast-global-header-display":"","ast-main-header-display":"","ast-hfb-above-header-display":"","ast-hfb-below-header-display":"","ast-hfb-mobile-header-display":"","site-post-title":"","ast-breadcrumbs-content":"","ast-featured-img":"","footer-sml-layout":"","theme-transparent-header-meta":"","adv-header-id-meta":"","stick-header-meta":"","header-above-stick-meta":"","header-main-stick-meta":"","header-below-stick-meta":""},"pwb-brand":[28],"product_cat":[21],"product_tag":[],"class_list":{"0":"post-34836","1":"product","2":"type-product","3":"status-publish","5":"pwb-brand-valeo","6":"product_cat-kytkinpaketti","7":"desktop-align-left","8":"tablet-align-left","9":"mobile-align-left","11":"first","12":"instock","13":"product-type-external"},"brands":[{"id":28,"name":"VALEO","slug":"valeo"}],"_links":{"self":[{"href":"https:\/\/www.autonvaraosahaku.fi\/index.php?rest_route=\/wp\/v2\/product\/34836","targetHints":{"allow":["GET"]}}],"collection":[{"href":"https:\/\/www.autonvaraosahaku.fi\/index.php?rest_route=\/wp\/v2\/product"}],"about":[{"href":"https:\/\/www.autonvaraosahaku.fi\/index.php?rest_route=\/wp\/v2\/types\/product"}],"wp:attachment":[{"href":"https:\/\/www.autonvaraosahaku.fi\/index.php?rest_route=%2Fwp%2Fv2%2Fmedia&parent=34836"}],"wp:term":[{"taxonomy":"pwb-brand","embeddable":true,"href":"https:\/\/www.autonvaraosahaku.fi\/index.php?rest_route=%2Fwp%2Fv2%2Fpwb-brand&post=34836"},{"taxonomy":"product_cat","embeddable":true,"href":"https:\/\/www.autonvaraosahaku.fi\/index.php?rest_route=%2Fwp%2Fv2%2Fproduct_cat&post=34836"},{"taxonomy":"product_tag","embeddable":true,"href":"https:\/\/www.autonvaraosahaku.fi\/index.php?rest_route=%2Fwp%2Fv2%2Fproduct_tag&post=34836"}],"curies":[{"name":"wp","href":"https:\/\/api.w.org\/{rel}","templated":true}]}}