{"id":34838,"date":"2021-02-21T16:23:00","date_gmt":"2021-02-21T16:23:00","guid":{"rendered":"https:\/\/www.autonvaraosahaku.fi\/?product=trucktec-automotive-02-35-558-jarrulevyt"},"modified":"2021-02-21T16:23:04","modified_gmt":"2021-02-21T16:23:04","slug":"trucktec-automotive-02-35-558-jarrulevyt","status":"publish","type":"product","link":"https:\/\/www.autonvaraosahaku.fi\/?product=trucktec-automotive-02-35-558-jarrulevyt","title":{"rendered":"TRUCKTEC AUTOMOTIVE 02.35.558 Jarrulevyt"},"content":{"rendered":"<p>OE-numerolle: 447 421 0012; Asennuspuoli: Etuakseli; L\u00e4pimitta [mm]: 330; Jarrulevytyyppi: Tuuletettu, sis\u00e4; Jarrulevyn paksuus (mm): 32; Reikien m\u00e4\u00e4r\u00e4: 5; Reik\u00e4ympyr\u00e4-\u00d8 [mm]: 112; MERCEDES-BENZ: V-CLASS W447,VITO Tourer W447,VITO Kasten W447,VITO Mixto W447; 4474210012, A4474210012; Jarrulevy<\/p>\n","protected":false},"excerpt":{"rendered":"<p>TRUCKTEC AUTOMOTIVE Jarrulevyt 02.35.558 Jarrulevy MERCEDES-BENZ,V-CLASS W447,VITO Tourer W447,VITO Kasten W447,VITO Mixto W447<\/p>\n","protected":false},"featured_media":0,"template":"","meta":{"site-sidebar-layout":"default","site-content-layout":"default","ast-global-header-display":"","ast-main-header-display":"","ast-hfb-above-header-display":"","ast-hfb-below-header-display":"","ast-hfb-mobile-header-display":"","site-post-title":"","ast-breadcrumbs-content":"","ast-featured-img":"","footer-sml-layout":"","theme-transparent-header-meta":"","adv-header-id-meta":"","stick-header-meta":"","header-above-stick-meta":"","header-main-stick-meta":"","header-below-stick-meta":""},"pwb-brand":[147],"product_cat":[66],"product_tag":[],"class_list":{"0":"post-34838","1":"product","2":"type-product","3":"status-publish","5":"pwb-brand-trucktec-automotive","6":"product_cat-jarrulevyt","7":"desktop-align-left","8":"tablet-align-left","9":"mobile-align-left","11":"first","12":"instock","13":"product-type-external"},"brands":[{"id":147,"name":"TRUCKTEC AUTOMOTIVE","slug":"trucktec-automotive"}],"_links":{"self":[{"href":"https:\/\/www.autonvaraosahaku.fi\/index.php?rest_route=\/wp\/v2\/product\/34838","targetHints":{"allow":["GET"]}}],"collection":[{"href":"https:\/\/www.autonvaraosahaku.fi\/index.php?rest_route=\/wp\/v2\/product"}],"about":[{"href":"https:\/\/www.autonvaraosahaku.fi\/index.php?rest_route=\/wp\/v2\/types\/product"}],"wp:attachment":[{"href":"https:\/\/www.autonvaraosahaku.fi\/index.php?rest_route=%2Fwp%2Fv2%2Fmedia&parent=34838"}],"wp:term":[{"taxonomy":"pwb-brand","embeddable":true,"href":"https:\/\/www.autonvaraosahaku.fi\/index.php?rest_route=%2Fwp%2Fv2%2Fpwb-brand&post=34838"},{"taxonomy":"product_cat","embeddable":true,"href":"https:\/\/www.autonvaraosahaku.fi\/index.php?rest_route=%2Fwp%2Fv2%2Fproduct_cat&post=34838"},{"taxonomy":"product_tag","embeddable":true,"href":"https:\/\/www.autonvaraosahaku.fi\/index.php?rest_route=%2Fwp%2Fv2%2Fproduct_tag&post=34838"}],"curies":[{"name":"wp","href":"https:\/\/api.w.org\/{rel}","templated":true}]}}