{"id":34842,"date":"2021-02-21T16:23:05","date_gmt":"2021-02-21T16:23:05","guid":{"rendered":"https:\/\/www.autonvaraosahaku.fi\/?product=nrf-455019-paisuntasailio"},"modified":"2021-02-21T16:23:06","modified_gmt":"2021-02-21T16:23:06","slug":"nrf-455019-paisuntasailio","status":"publish","type":"product","link":"https:\/\/www.autonvaraosahaku.fi\/?product=nrf-455019-paisuntasailio","title":{"rendered":"NRF 455019 Paisuntas\u00e4ili\u00f6"},"content":{"rendered":"<p>Laatu \/ luokka: Easy Fit; V\u00e4ri: Musta; VOLVO: FL,FL II; RENAULT TRUCKS: KERAX,MIDLUM,PREMIUM; DAF: LF 45,LF 55; 1404524, 7420783901, 20783901; Nestes\u00e4ili\u00f6, J\u00e4\u00e4hdytysneste<\/p>\n","protected":false},"excerpt":{"rendered":"<p>NRF Paisuntas\u00e4ili\u00f6 EASY FIT 455019 Nestes\u00e4ili\u00f6, J\u00e4\u00e4hdytysneste VOLVO,RENAULT TRUCKS,DAF,FL,FL II,KERAX,MIDLUM,PREMIUM,LF 45,LF 55<\/p>\n","protected":false},"featured_media":0,"template":"","meta":{"site-sidebar-layout":"default","site-content-layout":"default","ast-global-header-display":"","ast-main-header-display":"","ast-hfb-above-header-display":"","ast-hfb-below-header-display":"","ast-hfb-mobile-header-display":"","site-post-title":"","ast-breadcrumbs-content":"","ast-featured-img":"","footer-sml-layout":"","theme-transparent-header-meta":"","adv-header-id-meta":"","stick-header-meta":"","header-above-stick-meta":"","header-main-stick-meta":"","header-below-stick-meta":""},"pwb-brand":[85],"product_cat":[127],"product_tag":[],"class_list":{"0":"post-34842","1":"product","2":"type-product","3":"status-publish","5":"pwb-brand-nrf","6":"product_cat-paisuntasailio","7":"desktop-align-left","8":"tablet-align-left","9":"mobile-align-left","11":"first","12":"instock","13":"product-type-external"},"brands":[{"id":85,"name":"NRF","slug":"nrf"}],"_links":{"self":[{"href":"https:\/\/www.autonvaraosahaku.fi\/index.php?rest_route=\/wp\/v2\/product\/34842","targetHints":{"allow":["GET"]}}],"collection":[{"href":"https:\/\/www.autonvaraosahaku.fi\/index.php?rest_route=\/wp\/v2\/product"}],"about":[{"href":"https:\/\/www.autonvaraosahaku.fi\/index.php?rest_route=\/wp\/v2\/types\/product"}],"wp:attachment":[{"href":"https:\/\/www.autonvaraosahaku.fi\/index.php?rest_route=%2Fwp%2Fv2%2Fmedia&parent=34842"}],"wp:term":[{"taxonomy":"pwb-brand","embeddable":true,"href":"https:\/\/www.autonvaraosahaku.fi\/index.php?rest_route=%2Fwp%2Fv2%2Fpwb-brand&post=34842"},{"taxonomy":"product_cat","embeddable":true,"href":"https:\/\/www.autonvaraosahaku.fi\/index.php?rest_route=%2Fwp%2Fv2%2Fproduct_cat&post=34842"},{"taxonomy":"product_tag","embeddable":true,"href":"https:\/\/www.autonvaraosahaku.fi\/index.php?rest_route=%2Fwp%2Fv2%2Fproduct_tag&post=34842"}],"curies":[{"name":"wp","href":"https:\/\/api.w.org\/{rel}","templated":true}]}}