{"id":34861,"date":"2021-02-21T16:23:10","date_gmt":"2021-02-21T16:23:10","guid":{"rendered":"https:\/\/www.autonvaraosahaku.fi\/?product=meyle-716-060-0032-koiranluu"},"modified":"2021-02-21T16:23:11","modified_gmt":"2021-02-21T16:23:11","slug":"meyle-716-060-0032-koiranluu","status":"publish","type":"product","link":"https:\/\/www.autonvaraosahaku.fi\/?product=meyle-716-060-0032-koiranluu","title":{"rendered":"MEYLE 716 060 0032 Koiranluu"},"content":{"rendered":"<p>Asennuspuoli: Etuakseli, vasen, Etuakseli, oikea; Tanko \/ tuki: Yhdystanko; Pituus (mm): 298; Kierre 1: M10x1,5; kierre 2: M10x1,5; Lis\u00e4tarvike\/lis\u00e4tieto: Avainotteella; lis\u00e4tieto: ORIGINAL Quality; MAZDA: 5 CR19,3 BK,5 CW,3 Stufenheck BK; VOLVO: V50 MW,C30,S40 II MS,C70 II Cabriolet,V40 Schr\u00e4gheck; FORD: FOCUS II Kombi DA_,FOCUS II DA_,FOCUS III Turnier,FOCUS C-MAX,KUGA I,C-MAX DM2,FOCUS III,C-MAX II,KUGA II DM2,GRAND C-MAX,FOCUS II Stufenheck DA_,FOCUS II Cabriolet,FOCUS III Stufenheck,TOURNEO CONNECT \/ GRAND TOURNEO CONNECT Kombi,TRANSIT CONNECT Kasten,GRAND C-MAX Van,C-MAX II Van,TRANSIT CONNECT Kombi,KUGA II Van; RENAULT: LAGUNA III Grandtour KT0\/1,LAGUNA III BT0\/1,LAGUNA Coupe DT0\/1,LATITUDE L70_; 1223792, 1230909, 1686594, 1762149, 3M513B438AA, 3M513B438AB, 3M513B438AC, AV613B438AA, BP4K34170B, BP4K34170C, BP4K34170D, 546180001R, 546183913R, 31340273, 8623576; Kallistuksenvakaajan Yhdystanko,Tanko, Kallistuksenvaimennin<\/p>\n","protected":false},"excerpt":{"rendered":"<p>MEYLE Koiranluu 716 060 0032 Kallistuksenvakaajan Yhdystanko,Tanko, Kallistuksenvaimennin MAZDA,VOLVO,FORD,5 CR19,3 BK,5 CW,3 Stufenheck BK,V50 MW,C30<\/p>\n","protected":false},"featured_media":0,"template":"","meta":{"site-sidebar-layout":"default","site-content-layout":"default","ast-global-header-display":"","ast-main-header-display":"","ast-hfb-above-header-display":"","ast-hfb-below-header-display":"","ast-hfb-mobile-header-display":"","site-post-title":"","ast-breadcrumbs-content":"","ast-featured-img":"","footer-sml-layout":"","theme-transparent-header-meta":"","adv-header-id-meta":"","stick-header-meta":"","header-above-stick-meta":"","header-main-stick-meta":"","header-below-stick-meta":""},"pwb-brand":[84],"product_cat":[38],"product_tag":[],"class_list":{"0":"post-34861","1":"product","2":"type-product","3":"status-publish","5":"pwb-brand-meyle","6":"product_cat-koiranluu","7":"desktop-align-left","8":"tablet-align-left","9":"mobile-align-left","11":"first","12":"instock","13":"product-type-external"},"brands":[{"id":84,"name":"MEYLE","slug":"meyle"}],"_links":{"self":[{"href":"https:\/\/www.autonvaraosahaku.fi\/index.php?rest_route=\/wp\/v2\/product\/34861","targetHints":{"allow":["GET"]}}],"collection":[{"href":"https:\/\/www.autonvaraosahaku.fi\/index.php?rest_route=\/wp\/v2\/product"}],"about":[{"href":"https:\/\/www.autonvaraosahaku.fi\/index.php?rest_route=\/wp\/v2\/types\/product"}],"wp:attachment":[{"href":"https:\/\/www.autonvaraosahaku.fi\/index.php?rest_route=%2Fwp%2Fv2%2Fmedia&parent=34861"}],"wp:term":[{"taxonomy":"pwb-brand","embeddable":true,"href":"https:\/\/www.autonvaraosahaku.fi\/index.php?rest_route=%2Fwp%2Fv2%2Fpwb-brand&post=34861"},{"taxonomy":"product_cat","embeddable":true,"href":"https:\/\/www.autonvaraosahaku.fi\/index.php?rest_route=%2Fwp%2Fv2%2Fproduct_cat&post=34861"},{"taxonomy":"product_tag","embeddable":true,"href":"https:\/\/www.autonvaraosahaku.fi\/index.php?rest_route=%2Fwp%2Fv2%2Fproduct_tag&post=34861"}],"curies":[{"name":"wp","href":"https:\/\/api.w.org\/{rel}","templated":true}]}}