{"id":34874,"date":"2021-02-21T16:23:10","date_gmt":"2021-02-21T16:23:10","guid":{"rendered":"https:\/\/www.autonvaraosahaku.fi\/?product=swag-70-93-2154-kampiakselin-tiiviste"},"modified":"2021-02-21T16:23:13","modified_gmt":"2021-02-21T16:23:13","slug":"swag-70-93-2154-kampiakselin-tiiviste","status":"publish","type":"product","link":"https:\/\/www.autonvaraosahaku.fi\/?product=swag-70-93-2154-kampiakselin-tiiviste","title":{"rendered":"SWAG 70 93 2154 Kampiakselin tiiviste"},"content":{"rendered":"<p>Paksuus [mm]: 7,0; Sis\u00e4l\u00e4pimitta [mm]: 40,0; Ulkol\u00e4pimitta [mm]: 52,0; Asennuspuoli: Etup\u00e4\u00e4; Paino [kg]: 0,005, 0,005; Huomioi tekniset tiedot: ; CHEVROLET: AVEO Schr\u00e4gheck T300,AVEO Stufenheck T300; SUZUKI: WAGON R+ MM,IGNIS II; OPEL: CORSA D,CORSA C F08, F68,ASTRA H Caravan L35,MERIVA,ASTRA H L48,ASTRA J Sports Tourer,ASTRA J,ASTRA H GTC L08,MERIVA B,AGILA A H00,TIGRA TwinTop,COMBO Kasten\/Kombi,COMBO Tour,AGILA B H08,ASTRA J Stufenheck,CORSA D Van,ASTRA H Stufenheck L69,ASTRA H Kasten L70; LANCIA: YPSILON 843,MUSA 350; FORD: KA RU8; FIAT: GRANDE PUNTO 199,PUNTO 188,PANDA 169,500 312,PUNTO EVO 199,DOBLO Cargo 223,500 C 312,DOBLO 119,DOBLO Kasten\/Kombi 263,PANDA Van 169,PUNTO 199,IDEA,PANDA 312,STRADA Pick-up 178E,QUBO 225,500L,DOBLO Gro\u00dfraumlimousine 152, 263,PUNTO Van 188AX,LINEA 323,PUNTO Van 199,DOBLO Pritsche\/Fahrgestell 263,PALIO 178BX,500X,SIENA 178_,PANDA VAN 312,GRANDE PUNTO Van 199_,PUNTO EVO Van 199_; CITRO\u00cbN: NEMO Kasten AA_,NEMO Kombi; ALFA ROMEO: MITO 955; PEUGEOT: BIPPER AA_,BIPPER Tepee; VAUXHALL: CORSA Mk III D L_8,ASTRA Mk V H CC,CORSA Mk II C W5L, F08,ASTRA Mk V H Estate,ASTRA Mk VI J,AGILA Mk II B,MERIVA Mk I A,CORSAVAN Mk II C,CORSAVAN Mk III D,TIGRA Convertible,MERIVA Mk II B,ASTRA Mk VI J Sedan,ASTRA Mk VI J Estate,ASTRAVAN Mk V H,COMBO TOUR Mk II C F25,COMBO Mk II C Kasten\/Kombi F25; 55186757, 55186757, 55186758, 93177701, 68296883AA, 0321A1, 321A1, 55186757, 1538746, 9S516659JA, 55186757, 00614860, 0614860, 0646089, 0646910, 614860, 646089, 646910, 0321A1, 321A1, 1611485E00000, 055186758, 093177701, 55186758, 93177284, 93177701; Akselitiiviste, Kampiakseli<\/p>\n","protected":false},"excerpt":{"rendered":"<p>SWAG Kampiakselin Tiiviste 70 93 2154 Akselitiiviste, Kampiakseli CHEVROLET,SUZUKI,OPEL,AVEO Schr\u00e4gheck T300,AVEO Stufenheck T300,WAGON R+ MM,IGNIS II<\/p>\n","protected":false},"featured_media":0,"template":"","meta":{"site-sidebar-layout":"default","site-content-layout":"default","ast-global-header-display":"","ast-main-header-display":"","ast-hfb-above-header-display":"","ast-hfb-below-header-display":"","ast-hfb-mobile-header-display":"","site-post-title":"","ast-breadcrumbs-content":"","ast-featured-img":"","footer-sml-layout":"","theme-transparent-header-meta":"","adv-header-id-meta":"","stick-header-meta":"","header-above-stick-meta":"","header-main-stick-meta":"","header-below-stick-meta":""},"pwb-brand":[103],"product_cat":[88],"product_tag":[],"class_list":{"0":"post-34874","1":"product","2":"type-product","3":"status-publish","5":"pwb-brand-swag","6":"product_cat-kampiakselin-tiiviste","7":"desktop-align-left","8":"tablet-align-left","9":"mobile-align-left","11":"first","12":"instock","13":"product-type-external"},"brands":[{"id":103,"name":"SWAG","slug":"swag"}],"_links":{"self":[{"href":"https:\/\/www.autonvaraosahaku.fi\/index.php?rest_route=\/wp\/v2\/product\/34874","targetHints":{"allow":["GET"]}}],"collection":[{"href":"https:\/\/www.autonvaraosahaku.fi\/index.php?rest_route=\/wp\/v2\/product"}],"about":[{"href":"https:\/\/www.autonvaraosahaku.fi\/index.php?rest_route=\/wp\/v2\/types\/product"}],"wp:attachment":[{"href":"https:\/\/www.autonvaraosahaku.fi\/index.php?rest_route=%2Fwp%2Fv2%2Fmedia&parent=34874"}],"wp:term":[{"taxonomy":"pwb-brand","embeddable":true,"href":"https:\/\/www.autonvaraosahaku.fi\/index.php?rest_route=%2Fwp%2Fv2%2Fpwb-brand&post=34874"},{"taxonomy":"product_cat","embeddable":true,"href":"https:\/\/www.autonvaraosahaku.fi\/index.php?rest_route=%2Fwp%2Fv2%2Fproduct_cat&post=34874"},{"taxonomy":"product_tag","embeddable":true,"href":"https:\/\/www.autonvaraosahaku.fi\/index.php?rest_route=%2Fwp%2Fv2%2Fproduct_tag&post=34874"}],"curies":[{"name":"wp","href":"https:\/\/api.w.org\/{rel}","templated":true}]}}